{"id":29874,"date":"2024-02-17T06:55:28","date_gmt":"2024-02-17T06:55:28","guid":{"rendered":"https:\/\/chilimag.hu\/webshop\/?post_type=product&#038;p=29874"},"modified":"2026-03-08T16:19:24","modified_gmt":"2026-03-08T16:19:24","slug":"rukola-opal-bg","status":"publish","type":"product","link":"https:\/\/chilimag.hu\/webshop\/termek\/rukola-opal-bg\/","title":{"rendered":"Rukkola Opal Bg"},"content":{"rendered":"","protected":false},"excerpt":{"rendered":"<p><img decoding=\"async\" src=\"https:\/\/opal-bg.com\/_next\/image?url=%2F_next%2Fstatic%2Fimage%2Fpublic%2Fimages%2Fhome%2Fnobg1.40d357a89f8aca58449177aa96e69e77.png&amp;w=256&amp;q=75\" srcset=\"https:\/\/opal-bg.com\/_next\/image?url=%2F_next%2Fstatic%2Fimage%2Fpublic%2Fimages%2Fhome%2Fnobg1.40d357a89f8aca58449177aa96e69e77.png&amp;w=96&amp;q=75 1x, https:\/\/opal-bg.com\/_next\/image?url=%2F_next%2Fstatic%2Fimage%2Fpublic%2Fimages%2Fhome%2Fnobg1.40d357a89f8aca58449177aa96e69e77.png&amp;w=256&amp;q=75 2x\" data-nimg=\"intrinsic\" \/><\/p>\n<p>Le\u00edr\u00e1s<\/p>\n<p>Rukkola magvak \u2013 arom\u00e1s n\u00f6v\u00e9nyek<\/p>\n<p>Egy\u00e9ves n\u00f6v\u00e9ny, legfeljebb 30 cm magas. Levelei h\u00fasosak, saj\u00e1tos arom\u00e1j\u00faak, magas C-vitamin- \u00e9s k\u00e1liumtartalommal. Sal\u00e1t\u00e1k \u00e9s sz\u00f3szok k\u00e9sz\u00edt\u00e9s\u00e9re haszn\u00e1lj\u00e1k, mindazon\u00e1ltal keser\u0171ek \u00e9s f\u0171szeresek, a mogyor\u00f3hoz hasonl\u00f3 olajos \u00edz\u0171ek. Min\u00e9l fiatalabbak, ann\u00e1l gyeng\u00e9bb a keser\u0171 \u00e9s f\u0171szeres \u00edz. A talajt az id\u0151szak alatt nedvesen kell tartani. Vir\u00e1gcser\u00e9pben is termeszthet\u0151. Veget\u00e1ci\u00f3s id\u0151szak t\u00e9len 5-6 h\u00e9t, ny\u00e1ron 4 h\u00e9t.<\/p>\n<p>Vet\u00e9s: m\u00e1rcius-szeptember, 1 cm m\u00e9lys\u00e9gben \u00e9s 10 cm t\u00e1vols\u00e1gra.<\/p>\n<p>Kiszerel\u00e9s: 1000 mag (2 gr)<\/p>\n<p>M\u0171szaki adatok:<\/p>\n<p>M\u00e9lys\u00e9ge 1 cm<br \/>\nM\u00e1rcius-szeptembert\u0151l kezd\u0151d\u0151en vetik<br \/>\nVet\u0151mennyis\u00e9g 0,400 Kg\/hekt\u00e1r<br \/>\nA vet\u0151magb\u00f3l t\u00f6rt\u00e9n\u0151 termel\u00e9s t\u00edpusai<br \/>\n\u00c1ltal\u00e1noss\u00e1gok:<\/p>\n<p>Tartalom 490-500 mag\/gramm<br \/>\nS\u00falya 2 gramm<br \/>\n\u00dcltet\u00e9s m\u00e1rcius-szeptember<br \/>\nSz\u00fcret m\u00e1jus-november<br \/>\nVeget\u00e1ci\u00f3ja 30-45 nap<\/p>\n<p>A csomag 2 gr magot tartalmaz<\/p>\n","protected":false},"featured_media":29875,"comment_status":"closed","ping_status":"closed","template":"","meta":[],"product_brand":[],"product_cat":[460],"product_tag":[],"class_list":{"0":"post-29874","1":"product","2":"type-product","3":"status-publish","4":"has-post-thumbnail","6":"product_cat-salata-es-retek-vetomagok-bolgar-opal-vetomagok","8":"first","9":"instock","10":"taxable","11":"shipping-taxable","12":"purchasable","13":"product-type-simple"},"_links":{"self":[{"href":"https:\/\/chilimag.hu\/webshop\/wp-json\/wp\/v2\/product\/29874","targetHints":{"allow":["GET"]}}],"collection":[{"href":"https:\/\/chilimag.hu\/webshop\/wp-json\/wp\/v2\/product"}],"about":[{"href":"https:\/\/chilimag.hu\/webshop\/wp-json\/wp\/v2\/types\/product"}],"replies":[{"embeddable":true,"href":"https:\/\/chilimag.hu\/webshop\/wp-json\/wp\/v2\/comments?post=29874"}],"wp:featuredmedia":[{"embeddable":true,"href":"https:\/\/chilimag.hu\/webshop\/wp-json\/wp\/v2\/media\/29875"}],"wp:attachment":[{"href":"https:\/\/chilimag.hu\/webshop\/wp-json\/wp\/v2\/media?parent=29874"}],"wp:term":[{"taxonomy":"product_brand","embeddable":true,"href":"https:\/\/chilimag.hu\/webshop\/wp-json\/wp\/v2\/product_brand?post=29874"},{"taxonomy":"product_cat","embeddable":true,"href":"https:\/\/chilimag.hu\/webshop\/wp-json\/wp\/v2\/product_cat?post=29874"},{"taxonomy":"product_tag","embeddable":true,"href":"https:\/\/chilimag.hu\/webshop\/wp-json\/wp\/v2\/product_tag?post=29874"}],"curies":[{"name":"wp","href":"https:\/\/api.w.org\/{rel}","templated":true}]}}