{"id":29864,"date":"2024-02-17T06:45:04","date_gmt":"2024-02-17T06:45:04","guid":{"rendered":"https:\/\/chilimag.hu\/webshop\/?post_type=product&#038;p=29864"},"modified":"2025-08-16T09:54:33","modified_gmt":"2025-08-16T09:54:33","slug":"salata-lolo-bionda-opal-bg","status":"publish","type":"product","link":"https:\/\/chilimag.hu\/webshop\/termek\/salata-lolo-bionda-opal-bg\/","title":{"rendered":"Sal\u00e1ta Lolo Bionda Opal Bg"},"content":{"rendered":"","protected":false},"excerpt":{"rendered":"<p><img decoding=\"async\" src=\"https:\/\/opal-bg.com\/_next\/image?url=%2F_next%2Fstatic%2Fimage%2Fpublic%2Fimages%2Fhome%2Fnobg1.40d357a89f8aca58449177aa96e69e77.png&amp;w=256&amp;q=75\" srcset=\"https:\/\/opal-bg.com\/_next\/image?url=%2F_next%2Fstatic%2Fimage%2Fpublic%2Fimages%2Fhome%2Fnobg1.40d357a89f8aca58449177aa96e69e77.png&amp;w=96&amp;q=75 1x, https:\/\/opal-bg.com\/_next\/image?url=%2F_next%2Fstatic%2Fimage%2Fpublic%2Fimages%2Fhome%2Fnobg1.40d357a89f8aca58449177aa96e69e77.png&amp;w=256&amp;q=75 2x\" data-nimg=\"intrinsic\" \/><\/p>\n<p>Le\u00edr\u00e1s<\/p>\n<p>A Lollo Bionda sal\u00e1tamagok f\u00e9lkorai fajt\u00e1t, az Op\u00e1lt hoztak l\u00e9tre<\/p>\n<p>Kiszerel\u00e9s: 1800 mag (2 gr)<\/p>\n<p>K\u00f6zepesen korai \u00e9s l\u00e9tfontoss\u00e1g\u00fa sal\u00e1tafajta, alkalmas eg\u00e9sz \u00e9ves k\u00fcl- \u00e9s belt\u00e9ri termeszt\u00e9sre. K\u00f6zepes m\u00e9ret\u0171, t\u00f6m\u00f6r, halv\u00e1nyz\u00f6ld rozett\u00e1t alkot, friss, kr\u00e9t\u00e1s levelekkel. A fajta kiv\u00e1l\u00f3 \u00edz\u0171, friss fogyaszt\u00e1sra kiv\u00e1l\u00f3an alkalmas. Kedvez\u0151tlen h\u0151m\u00e9rs\u00e9kletnek ellen\u00e1ll 50-55 nap.<\/p>\n<p>A tavaszi term\u00e9shez janu\u00e1r 25-febru\u00e1r 5. k\u00f6z\u00f6tt, az \u0151szi\u00e9 szeptember 10-20 k\u00f6z\u00f6tt vetik.<\/p>\n<p>M\u0171szaki adatok:<\/p>\n<p>M\u00e9lys\u00e9ge 1-1,5 cm<br \/>\nJanu\u00e1r 25-t\u0151l febru\u00e1r 5-ig, szeptember 10-20-ig vetik<br \/>\nVet\u00e9smennyis\u00e9g 40-50 gramm\/hekt\u00e1r<br \/>\nA vet\u0151magb\u00f3l t\u00f6rt\u00e9n\u0151 termel\u00e9s t\u00edpusai<br \/>\n\u00c1ltal\u00e1noss\u00e1gok:<\/p>\n<p>700-900 magot tartalmaz grammonk\u00e9nt<br \/>\nS\u00falya 2 gramm<br \/>\n\u00dcltet\u00e9s janu\u00e1r-febru\u00e1r, szeptember<br \/>\nSz\u00fcret \u00e1prilis-december<br \/>\nVeget\u00e1ci\u00f3ja 50-55 nap<\/p>\n<p>A csomag 2 gr magot tartalmaz<\/p>\n","protected":false},"featured_media":29865,"comment_status":"closed","ping_status":"closed","template":"","meta":[],"product_brand":[],"product_cat":[460],"product_tag":[],"class_list":{"0":"post-29864","1":"product","2":"type-product","3":"status-publish","4":"has-post-thumbnail","6":"product_cat-salata-es-retek-vetomagok-bolgar-opal-vetomagok","8":"first","9":"instock","10":"taxable","11":"shipping-taxable","12":"purchasable","13":"product-type-simple"},"_links":{"self":[{"href":"https:\/\/chilimag.hu\/webshop\/wp-json\/wp\/v2\/product\/29864","targetHints":{"allow":["GET"]}}],"collection":[{"href":"https:\/\/chilimag.hu\/webshop\/wp-json\/wp\/v2\/product"}],"about":[{"href":"https:\/\/chilimag.hu\/webshop\/wp-json\/wp\/v2\/types\/product"}],"replies":[{"embeddable":true,"href":"https:\/\/chilimag.hu\/webshop\/wp-json\/wp\/v2\/comments?post=29864"}],"wp:featuredmedia":[{"embeddable":true,"href":"https:\/\/chilimag.hu\/webshop\/wp-json\/wp\/v2\/media\/29865"}],"wp:attachment":[{"href":"https:\/\/chilimag.hu\/webshop\/wp-json\/wp\/v2\/media?parent=29864"}],"wp:term":[{"taxonomy":"product_brand","embeddable":true,"href":"https:\/\/chilimag.hu\/webshop\/wp-json\/wp\/v2\/product_brand?post=29864"},{"taxonomy":"product_cat","embeddable":true,"href":"https:\/\/chilimag.hu\/webshop\/wp-json\/wp\/v2\/product_cat?post=29864"},{"taxonomy":"product_tag","embeddable":true,"href":"https:\/\/chilimag.hu\/webshop\/wp-json\/wp\/v2\/product_tag?post=29864"}],"curies":[{"name":"wp","href":"https:\/\/api.w.org\/{rel}","templated":true}]}}