{"id":29858,"date":"2024-02-17T06:38:35","date_gmt":"2024-02-17T06:38:35","guid":{"rendered":"https:\/\/chilimag.hu\/webshop\/?post_type=product&#038;p=29858"},"modified":"2026-02-11T13:42:05","modified_gmt":"2026-02-11T13:42:05","slug":"salata-marwel-winter-opal-bg","status":"publish","type":"product","link":"https:\/\/chilimag.hu\/webshop\/termek\/salata-marwel-winter-opal-bg\/","title":{"rendered":"Sal\u00e1ta Marvel Winter Opal Bg"},"content":{"rendered":"","protected":false},"excerpt":{"rendered":"<p><img decoding=\"async\" src=\"https:\/\/opal-bg.com\/_next\/image?url=%2F_next%2Fstatic%2Fimage%2Fpublic%2Fimages%2Fhome%2Fnobg1.40d357a89f8aca58449177aa96e69e77.png&amp;w=256&amp;q=75\" srcset=\"https:\/\/opal-bg.com\/_next\/image?url=%2F_next%2Fstatic%2Fimage%2Fpublic%2Fimages%2Fhome%2Fnobg1.40d357a89f8aca58449177aa96e69e77.png&amp;w=96&amp;q=75 1x, https:\/\/opal-bg.com\/_next\/image?url=%2F_next%2Fstatic%2Fimage%2Fpublic%2Fimages%2Fhome%2Fnobg1.40d357a89f8aca58449177aa96e69e77.png&amp;w=256&amp;q=75 2x\" data-nimg=\"intrinsic\" \/><\/p>\n<p>Winter Marvel sal\u00e1ta magvak f\u00e9lkora t\u00e9li fajta, Opal<\/p>\n<p>Kiszerel\u00e9s: 1800 mag (2 gr)<\/p>\n<p>F\u00e9lkorai sal\u00e1ta, kultur\u00e1lt teleltet\u00e9si lehet\u0151s\u00e9ggel. Levelei sz\u00e9lesek, finomak, z\u00f6ldess\u00e1rg\u00e1k, enyh\u00e9n dombor\u00faak. A fej k\u00f6zepes m\u00e9ret\u0171, kompakt, kiss\u00e9 lap\u00edtott. Alacsonyabb h\u0151m\u00e9rs\u00e9kletekkel szembeni ellen\u00e1ll\u00e1s. Zs\u00e1k: 2,5 g (Egy zacsk\u00f3 1600-1800 magot tartalmaz).<br \/>\n\u00c1LTAL\u00c1NOS JELLEMZ\u0150K<\/p>\n<p>Term\u00e9k t\u00edpusa Magok<br \/>\nSal\u00e1ta n\u00e9v<br \/>\n\u00dcltet\u00e9si id\u0151szak szeptember<br \/>\nSz\u00edn z\u00f6ld\/s\u00e1rga<br \/>\nm\u00e9ret<\/p>\n<p>Magok sz\u00e1ma 1600<br \/>\nS\u00faly 2 g<\/p>\n<p>A csomag 2 gr magot tartalmaz<\/p>\n","protected":false},"featured_media":29859,"comment_status":"closed","ping_status":"closed","template":"","meta":[],"product_brand":[],"product_cat":[460],"product_tag":[],"class_list":{"0":"post-29858","1":"product","2":"type-product","3":"status-publish","4":"has-post-thumbnail","6":"product_cat-salata-es-retek-vetomagok-bolgar-opal-vetomagok","8":"first","9":"instock","10":"taxable","11":"shipping-taxable","12":"purchasable","13":"product-type-simple"},"_links":{"self":[{"href":"https:\/\/chilimag.hu\/webshop\/wp-json\/wp\/v2\/product\/29858","targetHints":{"allow":["GET"]}}],"collection":[{"href":"https:\/\/chilimag.hu\/webshop\/wp-json\/wp\/v2\/product"}],"about":[{"href":"https:\/\/chilimag.hu\/webshop\/wp-json\/wp\/v2\/types\/product"}],"replies":[{"embeddable":true,"href":"https:\/\/chilimag.hu\/webshop\/wp-json\/wp\/v2\/comments?post=29858"}],"wp:featuredmedia":[{"embeddable":true,"href":"https:\/\/chilimag.hu\/webshop\/wp-json\/wp\/v2\/media\/29859"}],"wp:attachment":[{"href":"https:\/\/chilimag.hu\/webshop\/wp-json\/wp\/v2\/media?parent=29858"}],"wp:term":[{"taxonomy":"product_brand","embeddable":true,"href":"https:\/\/chilimag.hu\/webshop\/wp-json\/wp\/v2\/product_brand?post=29858"},{"taxonomy":"product_cat","embeddable":true,"href":"https:\/\/chilimag.hu\/webshop\/wp-json\/wp\/v2\/product_cat?post=29858"},{"taxonomy":"product_tag","embeddable":true,"href":"https:\/\/chilimag.hu\/webshop\/wp-json\/wp\/v2\/product_tag?post=29858"}],"curies":[{"name":"wp","href":"https:\/\/api.w.org\/{rel}","templated":true}]}}