{"id":29856,"date":"2024-02-17T06:36:15","date_gmt":"2024-02-17T06:36:15","guid":{"rendered":"https:\/\/chilimag.hu\/webshop\/?post_type=product&#038;p=29856"},"modified":"2026-03-12T07:08:12","modified_gmt":"2026-03-12T07:08:12","slug":"salata-attraction-opal-bg","status":"publish","type":"product","link":"https:\/\/chilimag.hu\/webshop\/termek\/salata-attraction-opal-bg\/","title":{"rendered":"Sal\u00e1ta Attraction Opal Bg"},"content":{"rendered":"","protected":false},"excerpt":{"rendered":"<p><img decoding=\"async\" src=\"https:\/\/opal-bg.com\/_next\/image?url=%2F_next%2Fstatic%2Fimage%2Fpublic%2Fimages%2Fhome%2Fnobg1.40d357a89f8aca58449177aa96e69e77.png&amp;w=256&amp;q=75\" srcset=\"https:\/\/opal-bg.com\/_next\/image?url=%2F_next%2Fstatic%2Fimage%2Fpublic%2Fimages%2Fhome%2Fnobg1.40d357a89f8aca58449177aa96e69e77.png&amp;w=96&amp;q=75 1x, https:\/\/opal-bg.com\/_next\/image?url=%2F_next%2Fstatic%2Fimage%2Fpublic%2Fimages%2Fhome%2Fnobg1.40d357a89f8aca58449177aa96e69e77.png&amp;w=256&amp;q=75 2x\" data-nimg=\"intrinsic\" \/><\/p>\n<p>Le\u00edr\u00e1s<\/p>\n<p>Korai vagy k\u00f6z\u00e9pkorai sal\u00e1tafajta, k\u00f6zepes m\u00e9ret\u0171, s\u0171r\u0171 \u00e9s kerek fej\u0171, \u00e1tlagosan 300-350 gramm t\u00f6meg\u0171, sima vil\u00e1gosz\u00f6ld levelekkel, kiv\u00e1l\u00f3 \u00edzzel. J\u00f3l ellen\u00e1ll a pen\u00e9sznek \u00e9s a v\u00edrusoknak. A veget\u00e1ci\u00f3s id\u0151szak 45-55 nap Kora tavaszt\u00f3l ny\u00e1r v\u00e9g\u00e9ig termeszthet\u0151.<\/p>\n<p>Vet\u00e9si id\u0151szak: m\u00e1rcius-m\u00e1jus.<\/p>\n<p>Vet\u00e9sm\u00e9lys\u00e9g: 1-1,5 cm.<\/p>\n<p>Magmennyis\u00e9g zs\u00e1konk\u00e9nt: 1600 mag (2 gramm)<\/p>\n<p>M\u0171szaki adatok:<\/p>\n<p>M\u00e9lys\u00e9ge 1-1,5 cm<br \/>\nM\u00e1rciust\u00f3l kezd\u0151d\u0151en vetik<br \/>\nVet\u00e9smennyis\u00e9g 40-50 gramm\/hekt\u00e1r<br \/>\nA magvakb\u00f3l, pal\u00e1nt\u00e1kb\u00f3l t\u00f6rt\u00e9n\u0151 el\u0151\u00e1ll\u00edt\u00e1s fajt\u00e1i<br \/>\n\u00c1ltal\u00e1noss\u00e1gok:<\/p>\n<p>700-900 magot tartalmaz grammonk\u00e9nt<br \/>\nS\u00falya 2 gramm<br \/>\n\u00dcltet\u00e9s m\u00e1rcius-m\u00e1jus<br \/>\nSz\u00fcret m\u00e1jus-j\u00falius<br \/>\nVeget\u00e1ci\u00f3ja 40-55 nap<\/p>\n<p>A csomag 2 gr magot tartalmaz<\/p>\n","protected":false},"featured_media":29857,"comment_status":"closed","ping_status":"closed","template":"","meta":[],"product_brand":[],"product_cat":[460],"product_tag":[],"class_list":{"0":"post-29856","1":"product","2":"type-product","3":"status-publish","4":"has-post-thumbnail","6":"product_cat-salata-es-retek-vetomagok-bolgar-opal-vetomagok","8":"first","9":"instock","10":"taxable","11":"shipping-taxable","12":"purchasable","13":"product-type-simple"},"_links":{"self":[{"href":"https:\/\/chilimag.hu\/webshop\/wp-json\/wp\/v2\/product\/29856","targetHints":{"allow":["GET"]}}],"collection":[{"href":"https:\/\/chilimag.hu\/webshop\/wp-json\/wp\/v2\/product"}],"about":[{"href":"https:\/\/chilimag.hu\/webshop\/wp-json\/wp\/v2\/types\/product"}],"replies":[{"embeddable":true,"href":"https:\/\/chilimag.hu\/webshop\/wp-json\/wp\/v2\/comments?post=29856"}],"wp:featuredmedia":[{"embeddable":true,"href":"https:\/\/chilimag.hu\/webshop\/wp-json\/wp\/v2\/media\/29857"}],"wp:attachment":[{"href":"https:\/\/chilimag.hu\/webshop\/wp-json\/wp\/v2\/media?parent=29856"}],"wp:term":[{"taxonomy":"product_brand","embeddable":true,"href":"https:\/\/chilimag.hu\/webshop\/wp-json\/wp\/v2\/product_brand?post=29856"},{"taxonomy":"product_cat","embeddable":true,"href":"https:\/\/chilimag.hu\/webshop\/wp-json\/wp\/v2\/product_cat?post=29856"},{"taxonomy":"product_tag","embeddable":true,"href":"https:\/\/chilimag.hu\/webshop\/wp-json\/wp\/v2\/product_tag?post=29856"}],"curies":[{"name":"wp","href":"https:\/\/api.w.org\/{rel}","templated":true}]}}