{"id":29835,"date":"2024-02-17T05:51:07","date_gmt":"2024-02-17T05:51:07","guid":{"rendered":"https:\/\/chilimag.hu\/webshop\/?post_type=product&#038;p=29835"},"modified":"2026-02-17T20:23:05","modified_gmt":"2026-02-17T20:23:05","slug":"kaposzta-pazardjishko-opal-bg","status":"publish","type":"product","link":"https:\/\/chilimag.hu\/webshop\/termek\/kaposzta-pazardjishko-opal-bg\/","title":{"rendered":"K\u00e1poszta Pazardjishko Opal Bg"},"content":{"rendered":"","protected":false},"excerpt":{"rendered":"<p><img decoding=\"async\" src=\"https:\/\/opal-bg.com\/_next\/image?url=%2F_next%2Fstatic%2Fimage%2Fpublic%2Fimages%2Fhome%2Fnobg1.40d357a89f8aca58449177aa96e69e77.png&amp;w=256&amp;q=75\" srcset=\"https:\/\/opal-bg.com\/_next\/image?url=%2F_next%2Fstatic%2Fimage%2Fpublic%2Fimages%2Fhome%2Fnobg1.40d357a89f8aca58449177aa96e69e77.png&amp;w=96&amp;q=75 1x, https:\/\/opal-bg.com\/_next\/image?url=%2F_next%2Fstatic%2Fimage%2Fpublic%2Fimages%2Fhome%2Fnobg1.40d357a89f8aca58449177aa96e69e77.png&amp;w=256&amp;q=75 2x\" data-nimg=\"intrinsic\" \/><\/p>\n<p>K\u00e9s\u0151n n\u00f6v\u0151 fajta k\u00e1poszta magjai, levelei piros-lila, z\u00f6ld \u00e1rnyalattal, kiv\u00e1l\u00f3 \u00edz<\/p>\n<p>Sz\u00e1nt\u00f3f\u00f6ldi termeszt\u00e9sre alkalmas f\u00e9lv\u00f6r\u00f6s k\u00e1poszta igen term\u0151 fajta. A k\u00e1poszta g\u00f6mb\u00f6ly\u0171, kiv\u00e1l\u00f3 \u00edz\u0171 .<\/p>\n<p>Termel\u00e9si t\u00edpusok: vet\u00e9s: janu\u00e1r 20 eleje-febru\u00e1r 10., k\u00f6zepes \u00e1prilis 25-m\u00e1jus 10., j\u00fanius v\u00e9ge 5-15.<\/p>\n<p>M\u0171szaki adatok<br \/>\nM\u00e9lys\u00e9ge 1-1,5 cm<br \/>\nVet\u00e9s janu\u00e1r 20-febru\u00e1r 10; \u00e1prilis 25. &#8211; m\u00e1jus 10.; j\u00fanius 5-15<br \/>\nVet\u00e9smennyis\u00e9g 60-70 gramm\/hekt\u00e1r<br \/>\nA magvakb\u00f3l, pal\u00e1nt\u00e1kb\u00f3l t\u00f6rt\u00e9n\u0151 el\u0151\u00e1ll\u00edt\u00e1s fajt\u00e1i<\/p>\n<p>\u00dcltet\u00e9s m\u00e1rcius-j\u00falius<br \/>\nA betakar\u00edt\u00e1s j\u00faliusban kezd\u0151dik<br \/>\nVeget\u00e1ci\u00f3ja 130-140 nap<\/p>\n<p>A csomag 5 gr magot tartalmaz<\/p>\n","protected":false},"featured_media":29836,"comment_status":"closed","ping_status":"closed","template":"","meta":[],"product_brand":[],"product_cat":[456],"product_tag":[],"class_list":{"0":"post-29835","1":"product","2":"type-product","3":"status-publish","4":"has-post-thumbnail","6":"product_cat-kaposzta-es-karfiol-vetomagok-bolgar-opal-vetomagok","8":"first","9":"instock","10":"taxable","11":"shipping-taxable","12":"purchasable","13":"product-type-simple"},"_links":{"self":[{"href":"https:\/\/chilimag.hu\/webshop\/wp-json\/wp\/v2\/product\/29835","targetHints":{"allow":["GET"]}}],"collection":[{"href":"https:\/\/chilimag.hu\/webshop\/wp-json\/wp\/v2\/product"}],"about":[{"href":"https:\/\/chilimag.hu\/webshop\/wp-json\/wp\/v2\/types\/product"}],"replies":[{"embeddable":true,"href":"https:\/\/chilimag.hu\/webshop\/wp-json\/wp\/v2\/comments?post=29835"}],"wp:featuredmedia":[{"embeddable":true,"href":"https:\/\/chilimag.hu\/webshop\/wp-json\/wp\/v2\/media\/29836"}],"wp:attachment":[{"href":"https:\/\/chilimag.hu\/webshop\/wp-json\/wp\/v2\/media?parent=29835"}],"wp:term":[{"taxonomy":"product_brand","embeddable":true,"href":"https:\/\/chilimag.hu\/webshop\/wp-json\/wp\/v2\/product_brand?post=29835"},{"taxonomy":"product_cat","embeddable":true,"href":"https:\/\/chilimag.hu\/webshop\/wp-json\/wp\/v2\/product_cat?post=29835"},{"taxonomy":"product_tag","embeddable":true,"href":"https:\/\/chilimag.hu\/webshop\/wp-json\/wp\/v2\/product_tag?post=29835"}],"curies":[{"name":"wp","href":"https:\/\/api.w.org\/{rel}","templated":true}]}}