{"id":29823,"date":"2024-02-17T05:38:16","date_gmt":"2024-02-17T05:38:16","guid":{"rendered":"https:\/\/chilimag.hu\/webshop\/?post_type=product&#038;p=29823"},"modified":"2026-03-19T12:53:33","modified_gmt":"2026-03-19T12:53:33","slug":"patisszon-opal-bg","status":"publish","type":"product","link":"https:\/\/chilimag.hu\/webshop\/termek\/patisszon-opal-bg\/","title":{"rendered":"Patiszon Opal Bg"},"content":{"rendered":"","protected":false},"excerpt":{"rendered":"<p><img decoding=\"async\" src=\"https:\/\/opal-bg.com\/_next\/image?url=%2F_next%2Fstatic%2Fimage%2Fpublic%2Fimages%2Fhome%2Fnobg1.40d357a89f8aca58449177aa96e69e77.png&amp;w=256&amp;q=75\" srcset=\"https:\/\/opal-bg.com\/_next\/image?url=%2F_next%2Fstatic%2Fimage%2Fpublic%2Fimages%2Fhome%2Fnobg1.40d357a89f8aca58449177aa96e69e77.png&amp;w=96&amp;q=75 1x, https:\/\/opal-bg.com\/_next\/image?url=%2F_next%2Fstatic%2Fimage%2Fpublic%2Fimages%2Fhome%2Fnobg1.40d357a89f8aca58449177aa96e69e77.png&amp;w=256&amp;q=75 2x\" data-nimg=\"intrinsic\" \/><\/p>\n<p>Sz\u00e1ra er\u0151sen el\u00e1gaz\u00f3, bokros megjelen\u00e9s\u0171.<\/p>\n<p>A gy\u00fcm\u00f6lcs\u00f6k h\u00e9ja \u00e9s magja feh\u00e9r. 48-50 nap alatt \u00e9rik el az \u00e9retts\u00e9get.<\/p>\n<p>Frissen vagy savany\u00edtva haszn\u00e1lj\u00e1k.<\/p>\n<p>Szabadf\u00f6ldi vet\u00e9s: \u00e1prilis-j\u00fanius.<\/p>\n<p>N\u00f6v\u00e9nyek k\u00f6z\u00f6tti t\u00e1vols\u00e1g: 100&#215;70 cm.<\/p>\n<p>Betakar\u00edt\u00e1s: j\u00fanius-szeptember.<\/p>\n<p>A csomag 3 gr magot tartalmaz<\/p>\n","protected":false},"featured_media":29824,"comment_status":"closed","ping_status":"closed","template":"","meta":[],"product_brand":[],"product_cat":[451],"product_tag":[],"class_list":{"0":"post-29823","1":"product","2":"type-product","3":"status-publish","4":"has-post-thumbnail","6":"product_cat-dinnye-es-tok-vetomagok-bolgar-opal-vetomagok","8":"first","9":"instock","10":"taxable","11":"shipping-taxable","12":"purchasable","13":"product-type-simple"},"_links":{"self":[{"href":"https:\/\/chilimag.hu\/webshop\/wp-json\/wp\/v2\/product\/29823","targetHints":{"allow":["GET"]}}],"collection":[{"href":"https:\/\/chilimag.hu\/webshop\/wp-json\/wp\/v2\/product"}],"about":[{"href":"https:\/\/chilimag.hu\/webshop\/wp-json\/wp\/v2\/types\/product"}],"replies":[{"embeddable":true,"href":"https:\/\/chilimag.hu\/webshop\/wp-json\/wp\/v2\/comments?post=29823"}],"wp:featuredmedia":[{"embeddable":true,"href":"https:\/\/chilimag.hu\/webshop\/wp-json\/wp\/v2\/media\/29824"}],"wp:attachment":[{"href":"https:\/\/chilimag.hu\/webshop\/wp-json\/wp\/v2\/media?parent=29823"}],"wp:term":[{"taxonomy":"product_brand","embeddable":true,"href":"https:\/\/chilimag.hu\/webshop\/wp-json\/wp\/v2\/product_brand?post=29823"},{"taxonomy":"product_cat","embeddable":true,"href":"https:\/\/chilimag.hu\/webshop\/wp-json\/wp\/v2\/product_cat?post=29823"},{"taxonomy":"product_tag","embeddable":true,"href":"https:\/\/chilimag.hu\/webshop\/wp-json\/wp\/v2\/product_tag?post=29823"}],"curies":[{"name":"wp","href":"https:\/\/api.w.org\/{rel}","templated":true}]}}