{"id":29818,"date":"2024-02-17T05:33:16","date_gmt":"2024-02-17T05:33:16","guid":{"rendered":"https:\/\/chilimag.hu\/webshop\/?post_type=product&#038;p=29818"},"modified":"2026-03-28T17:25:21","modified_gmt":"2026-03-28T17:25:21","slug":"cukkini-izobilna-opal-bg","status":"publish","type":"product","link":"https:\/\/chilimag.hu\/webshop\/termek\/cukkini-izobilna-opal-bg\/","title":{"rendered":"Cukkini Izobilna Opal Bg"},"content":{"rendered":"","protected":false},"excerpt":{"rendered":"<p><img decoding=\"async\" src=\"https:\/\/opal-bg.com\/_next\/image?url=%2F_next%2Fstatic%2Fimage%2Fpublic%2Fimages%2Fhome%2Fnobg1.40d357a89f8aca58449177aa96e69e77.png&amp;w=256&amp;q=75\" srcset=\"https:\/\/opal-bg.com\/_next\/image?url=%2F_next%2Fstatic%2Fimage%2Fpublic%2Fimages%2Fhome%2Fnobg1.40d357a89f8aca58449177aa96e69e77.png&amp;w=96&amp;q=75 1x, https:\/\/opal-bg.com\/_next\/image?url=%2F_next%2Fstatic%2Fimage%2Fpublic%2Fimages%2Fhome%2Fnobg1.40d357a89f8aca58449177aa96e69e77.png&amp;w=256&amp;q=75 2x\" data-nimg=\"intrinsic\" \/><\/p>\n<p>Nagyon elterjedt \u00e9s nagyon term\u00e9keny bolg\u00e1r t\u00f6kfajta, amelyet kiv\u00e1l\u00f3 \u00edz jellemez. Term\u00e9sei hengeresek, a farok fel\u00e9 kiss\u00e9 elv\u00e9konyodtak, fel\u00fclete enyh\u00e9n szaggatott, tejfeh\u00e9r, enyh\u00e9n z\u00f6ld \u00e1rnyalattal, magja vil\u00e1gos kr\u00e9msz\u00edn\u0171, 15-20 cm hossz\u00fa. Alkalmas polietil\u00e9n alagutakban \u00e9s szabadban t\u00f6rt\u00e9n\u0151 termeszt\u00e9sre. A veget\u00e1ci\u00f3s id\u0151szak 55 nap.<\/p>\n<p>Vet\u00e9si id\u0151szak \u00e1prilis 20-30.<\/p>\n<p>T\u00e1vols\u00e1g: 90\/50 cm M\u00e9lys\u00e9g 5-6 cm.<\/p>\n<p>Magok mennyis\u00e9ge zs\u00e1konk\u00e9nt: 40 mag (5 g)<\/p>\n<p>M\u0171szaki adatok:<\/p>\n<p>M\u00e9lys\u00e9ge 5-6 cm<br \/>\n\u00c1prilis 20-30<br \/>\nVet\u00e9smennyis\u00e9g 0,250-0,400 Kg\/hekt\u00e1r<br \/>\nA vet\u0151magb\u00f3l t\u00f6rt\u00e9n\u0151 termel\u00e9s t\u00edpusai<br \/>\n\u00c1ltal\u00e1noss\u00e1gok:<\/p>\n<p>6-8 magot tartalmaz grammonk\u00e9nt<br \/>\nS\u00falya 5 gramm<br \/>\n\u00c1prilis \u00fcltet\u00e9s<br \/>\nSz\u00fcret j\u00fanius-j\u00falius<br \/>\nVeget\u00e1ci\u00f3 55 nap<\/p>\n","protected":false},"featured_media":29820,"comment_status":"closed","ping_status":"closed","template":"","meta":[],"product_brand":[],"product_cat":[451],"product_tag":[],"class_list":{"0":"post-29818","1":"product","2":"type-product","3":"status-publish","4":"has-post-thumbnail","6":"product_cat-dinnye-es-tok-vetomagok-bolgar-opal-vetomagok","8":"first","9":"instock","10":"taxable","11":"shipping-taxable","12":"purchasable","13":"product-type-simple"},"_links":{"self":[{"href":"https:\/\/chilimag.hu\/webshop\/wp-json\/wp\/v2\/product\/29818","targetHints":{"allow":["GET"]}}],"collection":[{"href":"https:\/\/chilimag.hu\/webshop\/wp-json\/wp\/v2\/product"}],"about":[{"href":"https:\/\/chilimag.hu\/webshop\/wp-json\/wp\/v2\/types\/product"}],"replies":[{"embeddable":true,"href":"https:\/\/chilimag.hu\/webshop\/wp-json\/wp\/v2\/comments?post=29818"}],"wp:featuredmedia":[{"embeddable":true,"href":"https:\/\/chilimag.hu\/webshop\/wp-json\/wp\/v2\/media\/29820"}],"wp:attachment":[{"href":"https:\/\/chilimag.hu\/webshop\/wp-json\/wp\/v2\/media?parent=29818"}],"wp:term":[{"taxonomy":"product_brand","embeddable":true,"href":"https:\/\/chilimag.hu\/webshop\/wp-json\/wp\/v2\/product_brand?post=29818"},{"taxonomy":"product_cat","embeddable":true,"href":"https:\/\/chilimag.hu\/webshop\/wp-json\/wp\/v2\/product_cat?post=29818"},{"taxonomy":"product_tag","embeddable":true,"href":"https:\/\/chilimag.hu\/webshop\/wp-json\/wp\/v2\/product_tag?post=29818"}],"curies":[{"name":"wp","href":"https:\/\/api.w.org\/{rel}","templated":true}]}}