{"id":29797,"date":"2024-02-16T18:50:55","date_gmt":"2024-02-16T18:50:55","guid":{"rendered":"https:\/\/chilimag.hu\/webshop\/?post_type=product&#038;p=29797"},"modified":"2024-02-16T18:50:55","modified_gmt":"2024-02-16T18:50:55","slug":"viragcserep-drotfonat-kosarba-at09","status":"publish","type":"product","link":"https:\/\/chilimag.hu\/webshop\/termek\/viragcserep-drotfonat-kosarba-at09\/","title":{"rendered":"Vir\u00e1gcser\u00e9p dr\u00f3tfonat kos\u00e1rba (AT09)"},"content":{"rendered":"","protected":false},"excerpt":{"rendered":"<p>K\u00e9zzel k\u00e9sz\u00edtett terrakotta vir\u00e1gcser\u00e9p, f\u00e9m kos\u00e1rban, fog\u00f3val.<\/p>\n<p>0,3 literes<\/p>\n<p>M\u00e9rete: magass\u00e1g: 9 cm, sz\u00e9less\u00e9g: 15 cm, m\u00e9lys\u00e9g: 13 cm<\/p>\n","protected":false},"featured_media":29798,"comment_status":"closed","ping_status":"closed","template":"","meta":[],"product_brand":[],"product_cat":[336],"product_tag":[],"class_list":{"0":"post-29797","1":"product","2":"type-product","3":"status-publish","4":"has-post-thumbnail","6":"product_cat-vetotalcak-ulteto-cserepek-es-palanta-nevelok","8":"first","9":"instock","10":"taxable","11":"shipping-taxable","12":"purchasable","13":"product-type-simple"},"_links":{"self":[{"href":"https:\/\/chilimag.hu\/webshop\/wp-json\/wp\/v2\/product\/29797","targetHints":{"allow":["GET"]}}],"collection":[{"href":"https:\/\/chilimag.hu\/webshop\/wp-json\/wp\/v2\/product"}],"about":[{"href":"https:\/\/chilimag.hu\/webshop\/wp-json\/wp\/v2\/types\/product"}],"replies":[{"embeddable":true,"href":"https:\/\/chilimag.hu\/webshop\/wp-json\/wp\/v2\/comments?post=29797"}],"wp:featuredmedia":[{"embeddable":true,"href":"https:\/\/chilimag.hu\/webshop\/wp-json\/wp\/v2\/media\/29798"}],"wp:attachment":[{"href":"https:\/\/chilimag.hu\/webshop\/wp-json\/wp\/v2\/media?parent=29797"}],"wp:term":[{"taxonomy":"product_brand","embeddable":true,"href":"https:\/\/chilimag.hu\/webshop\/wp-json\/wp\/v2\/product_brand?post=29797"},{"taxonomy":"product_cat","embeddable":true,"href":"https:\/\/chilimag.hu\/webshop\/wp-json\/wp\/v2\/product_cat?post=29797"},{"taxonomy":"product_tag","embeddable":true,"href":"https:\/\/chilimag.hu\/webshop\/wp-json\/wp\/v2\/product_tag?post=29797"}],"curies":[{"name":"wp","href":"https:\/\/api.w.org\/{rel}","templated":true}]}}