{"id":29794,"date":"2024-02-16T18:47:46","date_gmt":"2024-02-16T18:47:46","guid":{"rendered":"https:\/\/chilimag.hu\/webshop\/?post_type=product&#038;p=29794"},"modified":"2026-03-08T14:11:14","modified_gmt":"2026-03-08T14:11:14","slug":"padlizsan-black-beauty-opal-bg","status":"publish","type":"product","link":"https:\/\/chilimag.hu\/webshop\/termek\/padlizsan-black-beauty-opal-bg\/","title":{"rendered":"Padlizs\u00e1n Black Beauty Opal Bg"},"content":{"rendered":"","protected":false},"excerpt":{"rendered":"<p><img decoding=\"async\" src=\"https:\/\/opal-bg.com\/_next\/image?url=%2F_next%2Fstatic%2Fimage%2Fpublic%2Fimages%2Fhome%2Fnobg1.40d357a89f8aca58449177aa96e69e77.png&amp;w=256&amp;q=75\" srcset=\"https:\/\/opal-bg.com\/_next\/image?url=%2F_next%2Fstatic%2Fimage%2Fpublic%2Fimages%2Fhome%2Fnobg1.40d357a89f8aca58449177aa96e69e77.png&amp;w=96&amp;q=75 1x, https:\/\/opal-bg.com\/_next\/image?url=%2F_next%2Fstatic%2Fimage%2Fpublic%2Fimages%2Fhome%2Fnobg1.40d357a89f8aca58449177aa96e69e77.png&amp;w=256&amp;q=75 2x\" data-nimg=\"intrinsic\" \/><\/p>\n<p>Le\u00edr\u00e1s<\/p>\n<p>Black Beauty padlizs\u00e1nmag kerek-ov\u00e1lis form\u00e1j\u00fa, s\u00f6t\u00e9tlila, op\u00e1l<\/p>\n<p>Kiszerel\u00e9s: 200 mag (1 gr)<\/p>\n<p>K\u00f6zvetlen fajta fokozott term\u0151k\u00e9pess\u00e9g\u0171, k\u00e9s\u0151i n\u00f6veked\u00e9s\u0171. Term\u00e9se nagy, s\u00f6t\u00e9tlila sz\u00edn\u0171, term\u00e9se kerek-ov\u00e1lis, \u00e1tlagos t\u00f6mege 0,600-1,100 kg. Nyers fogyaszt\u00e1sra \u00e9s feldolgoz\u00e1sra alkalmas. A veget\u00e1ci\u00f3s id\u0151szak 120-125 nap.<\/p>\n<p>A korai termel\u00e9sn\u00e9l a vet\u00e9sid\u0151 janu\u00e1r 25-febru\u00e1r 5., az \u00e1tlagos vet\u00e9sid\u0151: \u00e1prilis 25-30.<\/p>\n<p>M\u0171szaki adatok:<\/p>\n<p>M\u00e9lys\u00e9ge 1-1,5 cm<br \/>\nJanu\u00e1r 25-febru\u00e1r 5-t\u0151l kezd\u0151d\u0151en vet\u00e9s, \u00e1prilis 25-30<br \/>\nVet\u00e9smennyis\u00e9g 35-50 gramm\/hekt\u00e1r<br \/>\nA vet\u0151magb\u00f3l t\u00f6rt\u00e9n\u0151 termel\u00e9s t\u00edpusai<br \/>\n\u00c1ltal\u00e1noss\u00e1gok:<\/p>\n<p>180-220 magot tartalmaz grammonk\u00e9nt<br \/>\nS\u00falya 1 gramm<br \/>\n\u00dcltet\u00e9s janu\u00e1r-m\u00e1jus<br \/>\nSz\u00fcret j\u00fanius-szeptember<br \/>\nVeget\u00e1ci\u00f3ja 120-125 nap<\/p>\n<p>A csomag 1 gr magot tartalmaz<\/p>\n","protected":false},"featured_media":29795,"comment_status":"closed","ping_status":"closed","template":"","meta":[],"product_brand":[],"product_cat":[461],"product_tag":[],"class_list":{"0":"post-29794","1":"product","2":"type-product","3":"status-publish","4":"has-post-thumbnail","6":"product_cat-uborka-es-padlizsan-vetomagok-bolgar-opal-vetomagok","8":"first","9":"instock","10":"taxable","11":"shipping-taxable","12":"purchasable","13":"product-type-simple"},"_links":{"self":[{"href":"https:\/\/chilimag.hu\/webshop\/wp-json\/wp\/v2\/product\/29794","targetHints":{"allow":["GET"]}}],"collection":[{"href":"https:\/\/chilimag.hu\/webshop\/wp-json\/wp\/v2\/product"}],"about":[{"href":"https:\/\/chilimag.hu\/webshop\/wp-json\/wp\/v2\/types\/product"}],"replies":[{"embeddable":true,"href":"https:\/\/chilimag.hu\/webshop\/wp-json\/wp\/v2\/comments?post=29794"}],"wp:featuredmedia":[{"embeddable":true,"href":"https:\/\/chilimag.hu\/webshop\/wp-json\/wp\/v2\/media\/29795"}],"wp:attachment":[{"href":"https:\/\/chilimag.hu\/webshop\/wp-json\/wp\/v2\/media?parent=29794"}],"wp:term":[{"taxonomy":"product_brand","embeddable":true,"href":"https:\/\/chilimag.hu\/webshop\/wp-json\/wp\/v2\/product_brand?post=29794"},{"taxonomy":"product_cat","embeddable":true,"href":"https:\/\/chilimag.hu\/webshop\/wp-json\/wp\/v2\/product_cat?post=29794"},{"taxonomy":"product_tag","embeddable":true,"href":"https:\/\/chilimag.hu\/webshop\/wp-json\/wp\/v2\/product_tag?post=29794"}],"curies":[{"name":"wp","href":"https:\/\/api.w.org\/{rel}","templated":true}]}}