{"id":29792,"date":"2024-02-16T18:46:20","date_gmt":"2024-02-16T18:46:20","guid":{"rendered":"https:\/\/chilimag.hu\/webshop\/?post_type=product&#038;p=29792"},"modified":"2026-03-08T14:11:14","modified_gmt":"2026-03-08T14:11:14","slug":"padlizsan-nr-12-opal-bg","status":"publish","type":"product","link":"https:\/\/chilimag.hu\/webshop\/termek\/padlizsan-nr-12-opal-bg\/","title":{"rendered":"Padlizs\u00e1n Nr 12 Opal Bg"},"content":{"rendered":"","protected":false},"excerpt":{"rendered":"<p><img decoding=\"async\" src=\"https:\/\/opal-bg.com\/_next\/image?url=%2F_next%2Fstatic%2Fimage%2Fpublic%2Fimages%2Fhome%2Fnobg1.40d357a89f8aca58449177aa96e69e77.png&amp;w=256&amp;q=75\" srcset=\"https:\/\/opal-bg.com\/_next\/image?url=%2F_next%2Fstatic%2Fimage%2Fpublic%2Fimages%2Fhome%2Fnobg1.40d357a89f8aca58449177aa96e69e77.png&amp;w=96&amp;q=75 1x, https:\/\/opal-bg.com\/_next\/image?url=%2F_next%2Fstatic%2Fimage%2Fpublic%2Fimages%2Fhome%2Fnobg1.40d357a89f8aca58449177aa96e69e77.png&amp;w=256&amp;q=75 2x\" data-nimg=\"intrinsic\" \/><\/p>\n<p>Le\u00edr\u00e1s<\/p>\n<p>Padlizs\u00e1n NR 12 (400 mag) f\u00e9lkorai padlizs\u00e1n, \u00e1tlagos s\u00falya 250 gr, kiv\u00e1l\u00f3 \u00edz\u0171, nagyon term\u0151, op\u00e1l<\/p>\n<p>A padlizs\u00e1n nagyon term\u00e9keny fajta!<\/p>\n<p>Kiszerel\u00e9s: 400 mag (2 gr)<\/p>\n<p>Bolg\u00e1r f\u00e9lkorai \u00e9s nagyon term\u0151 padlizs\u00e1nfajta Gy\u00fcm\u00f6lcsei k\u00f6rte alak\u00faak \u00e9s s\u00f6t\u00e9tlila sz\u00edn\u0171ek, f\u00e9nyesek, \u00e1tlagosan 250 g-os t\u00f6meg\u0171ek, kiv\u00e1l\u00f3 \u00edz\u0171ek Veget\u00e1ci\u00f3s id\u0151szak 125 nap.<\/p>\n<p>Vet\u00e9si \u00fatmutat\u00f3: A magvak elvet\u00e9se: &#8211; korai termeszt\u00e9sre (janu\u00e1r 25. &#8211; febru\u00e1r 5.) &#8211; meleg\u00edt\u00e9ssel, k\u00f6zepes term\u00e9sre (m\u00e1rcius 15. &#8211; 30.) &#8211; meleg\u00edt\u00e9s n\u00e9lk\u00fcl<\/p>\n<p>Vet\u00e9si m\u00e9lys\u00e9g &#8211; 1-1,5 cm<\/p>\n<p>Vet\u00e9si mennyis\u00e9g &#8211; 35 &#8211; 50 gramm\/1000 m\u00e9ter Vet\u0151mag mennyis\u00e9ge bor\u00edt\u00e9konk\u00e9nt: 1,5 gramm.<\/p>\n<p>M\u0171szaki adatok:<\/p>\n<p>M\u00e9lys\u00e9ge 2-3 cm<br \/>\nA pal\u00e1nt\u00e1kb\u00f3l t\u00f6rt\u00e9n\u0151 termel\u00e9s t\u00edpusai<br \/>\n\u00c1ltal\u00e1noss\u00e1gok:<\/p>\n<p>S\u00falya 2 gramm<br \/>\n\u00dcltet\u00e9s &#8211; korai termeszt\u00e9sre (janu\u00e1r 25. &#8211; febru\u00e1r 5.) &#8211; f\u0171t\u00e9ssel &#8211; k\u00f6zepes termeszt\u00e9sre (m\u00e1rcius 15. &#8211; 30.) &#8211; f\u0171t\u00e9s n\u00e9lk\u00fcl<br \/>\nA betakar\u00edt\u00e1s j\u00faliusban kezd\u0151dik<br \/>\nVeget\u00e1ci\u00f3ja 80-85 nap<\/p>\n<p>A csomag 2 gr magot tartalmaz<\/p>\n","protected":false},"featured_media":29793,"comment_status":"closed","ping_status":"closed","template":"","meta":[],"product_brand":[],"product_cat":[461],"product_tag":[],"class_list":{"0":"post-29792","1":"product","2":"type-product","3":"status-publish","4":"has-post-thumbnail","6":"product_cat-uborka-es-padlizsan-vetomagok-bolgar-opal-vetomagok","8":"first","9":"instock","10":"taxable","11":"shipping-taxable","12":"purchasable","13":"product-type-simple"},"_links":{"self":[{"href":"https:\/\/chilimag.hu\/webshop\/wp-json\/wp\/v2\/product\/29792","targetHints":{"allow":["GET"]}}],"collection":[{"href":"https:\/\/chilimag.hu\/webshop\/wp-json\/wp\/v2\/product"}],"about":[{"href":"https:\/\/chilimag.hu\/webshop\/wp-json\/wp\/v2\/types\/product"}],"replies":[{"embeddable":true,"href":"https:\/\/chilimag.hu\/webshop\/wp-json\/wp\/v2\/comments?post=29792"}],"wp:featuredmedia":[{"embeddable":true,"href":"https:\/\/chilimag.hu\/webshop\/wp-json\/wp\/v2\/media\/29793"}],"wp:attachment":[{"href":"https:\/\/chilimag.hu\/webshop\/wp-json\/wp\/v2\/media?parent=29792"}],"wp:term":[{"taxonomy":"product_brand","embeddable":true,"href":"https:\/\/chilimag.hu\/webshop\/wp-json\/wp\/v2\/product_brand?post=29792"},{"taxonomy":"product_cat","embeddable":true,"href":"https:\/\/chilimag.hu\/webshop\/wp-json\/wp\/v2\/product_cat?post=29792"},{"taxonomy":"product_tag","embeddable":true,"href":"https:\/\/chilimag.hu\/webshop\/wp-json\/wp\/v2\/product_tag?post=29792"}],"curies":[{"name":"wp","href":"https:\/\/api.w.org\/{rel}","templated":true}]}}