{"id":29784,"date":"2024-02-16T18:18:55","date_gmt":"2024-02-16T18:18:55","guid":{"rendered":"https:\/\/chilimag.hu\/webshop\/?post_type=product&#038;p=29784"},"modified":"2026-03-01T08:42:34","modified_gmt":"2026-03-01T08:42:34","slug":"paprika-dzhuliunska-shipka-opal-bg","status":"publish","type":"product","link":"https:\/\/chilimag.hu\/webshop\/termek\/paprika-dzhuliunska-shipka-opal-bg\/","title":{"rendered":"Paprika Dzhuliunska shipka Opal Bg"},"content":{"rendered":"","protected":false},"excerpt":{"rendered":"<p><img decoding=\"async\" src=\"https:\/\/opal-bg.com\/_next\/image?url=%2F_next%2Fstatic%2Fimage%2Fpublic%2Fimages%2Fhome%2Fnobg1.40d357a89f8aca58449177aa96e69e77.png&amp;w=256&amp;q=75\" srcset=\"https:\/\/opal-bg.com\/_next\/image?url=%2F_next%2Fstatic%2Fimage%2Fpublic%2Fimages%2Fhome%2Fnobg1.40d357a89f8aca58449177aa96e69e77.png&amp;w=96&amp;q=75 1x, https:\/\/opal-bg.com\/_next\/image?url=%2F_next%2Fstatic%2Fimage%2Fpublic%2Fimages%2Fhome%2Fnobg1.40d357a89f8aca58449177aa96e69e77.png&amp;w=256&amp;q=75 2x\" data-nimg=\"intrinsic\" \/><\/p>\n<p>Le\u00edr\u00e1s<\/p>\n<p>Magok mennyis\u00e9ge zs\u00e1konk\u00e9nt: 300 mag (2 gramm)<\/p>\n<p>Nagyon term\u0151 korai fajta, nagyon gyorsan megk\u00f3stolhat\u00f3, friss fogyaszt\u00e1sra \u00e9s tart\u00f3s\u00edt\u00e1sra alkalmas. Gy\u00fcm\u00f6lcsei kicsik, l\u00f3g\u00f3ak, k\u00fap alak\u00faak, 5-8 cm hossz\u00faak, \u00e1tlagos t\u00f6meg\u00fck 10-40 gramm. Technikai \u00e9retts\u00e9gben a gy\u00fcm\u00f6lcs s\u00f6t\u00e9tz\u00f6ld, botanikai \u00e9retts\u00e9gben intenz\u00edv v\u00f6r\u00f6s sz\u00edn\u0171. A veget\u00e1ci\u00f3s id\u0151szak 90-95 nap.<\/p>\n<p>A korai termeszt\u00e9sn\u00e9l a vet\u00e9s febru\u00e1r 01-15-ig, a k\u00f6zepesn\u00e9l m\u00e1rcius 01-20-ig, a k\u00e9sei pedig \u00e1prilis 01-15-ig t\u00f6rt\u00e9nik 2-3 cm m\u00e9lys\u00e9gben.<\/p>\n<p>M\u0171szaki adatok:<\/p>\n<p>M\u00e9lys\u00e9ge 2 &#8211; 3 cm<br \/>\nVet\u0151mennyis\u00e9g 150 &#8211; 200 gramm\/1000 m\u00e9ter<br \/>\nA magvakb\u00f3l, pal\u00e1nt\u00e1kb\u00f3l t\u00f6rt\u00e9n\u0151 el\u0151\u00e1ll\u00edt\u00e1s fajt\u00e1i<br \/>\n\u00c1ltal\u00e1noss\u00e1gok:<\/p>\n<p>130-150 magot tartalmaz grammonk\u00e9nt<br \/>\nS\u00falya 2 gramm<br \/>\n\u00dcltet\u00e9s febru\u00e1r 01-15. m\u00e1rcius 01-20. \u00e1prilis 01-15<br \/>\nA betakar\u00edt\u00e1s j\u00faniusban kezd\u0151dik<br \/>\nVeget\u00e1ci\u00f3ja 90-95 nap<\/p>\n<p>A csomag 2 gr magot tartalmaz<\/p>\n","protected":false},"featured_media":29785,"comment_status":"closed","ping_status":"closed","template":"","meta":[],"product_brand":[],"product_cat":[458],"product_tag":[],"class_list":{"0":"post-29784","1":"product","2":"type-product","3":"status-publish","4":"has-post-thumbnail","6":"product_cat-paprika-vetomagok-bolgar-opal-vetomagok","8":"first","9":"instock","10":"taxable","11":"shipping-taxable","12":"purchasable","13":"product-type-simple"},"_links":{"self":[{"href":"https:\/\/chilimag.hu\/webshop\/wp-json\/wp\/v2\/product\/29784","targetHints":{"allow":["GET"]}}],"collection":[{"href":"https:\/\/chilimag.hu\/webshop\/wp-json\/wp\/v2\/product"}],"about":[{"href":"https:\/\/chilimag.hu\/webshop\/wp-json\/wp\/v2\/types\/product"}],"replies":[{"embeddable":true,"href":"https:\/\/chilimag.hu\/webshop\/wp-json\/wp\/v2\/comments?post=29784"}],"wp:featuredmedia":[{"embeddable":true,"href":"https:\/\/chilimag.hu\/webshop\/wp-json\/wp\/v2\/media\/29785"}],"wp:attachment":[{"href":"https:\/\/chilimag.hu\/webshop\/wp-json\/wp\/v2\/media?parent=29784"}],"wp:term":[{"taxonomy":"product_brand","embeddable":true,"href":"https:\/\/chilimag.hu\/webshop\/wp-json\/wp\/v2\/product_brand?post=29784"},{"taxonomy":"product_cat","embeddable":true,"href":"https:\/\/chilimag.hu\/webshop\/wp-json\/wp\/v2\/product_cat?post=29784"},{"taxonomy":"product_tag","embeddable":true,"href":"https:\/\/chilimag.hu\/webshop\/wp-json\/wp\/v2\/product_tag?post=29784"}],"curies":[{"name":"wp","href":"https:\/\/api.w.org\/{rel}","templated":true}]}}