{"id":29753,"date":"2024-02-16T05:09:17","date_gmt":"2024-02-16T05:09:17","guid":{"rendered":"https:\/\/chilimag.hu\/webshop\/?post_type=product&#038;p=29753"},"modified":"2026-03-08T14:11:14","modified_gmt":"2026-03-08T14:11:14","slug":"paprika-gladki-kombi-opal-bg","status":"publish","type":"product","link":"https:\/\/chilimag.hu\/webshop\/termek\/paprika-gladki-kombi-opal-bg\/","title":{"rendered":"Paprika Gladki kambi Sima k\u00f6peny\u0171 bolg\u00e1r pritamin paprika Opal Bg"},"content":{"rendered":"","protected":false},"excerpt":{"rendered":"<p><img decoding=\"async\" src=\"https:\/\/opal-bg.com\/_next\/image?url=%2F_next%2Fstatic%2Fimage%2Fpublic%2Fimages%2Fhome%2Fnobg1.40d357a89f8aca58449177aa96e69e77.png&amp;w=256&amp;q=75\" srcset=\"https:\/\/opal-bg.com\/_next\/image?url=%2F_next%2Fstatic%2Fimage%2Fpublic%2Fimages%2Fhome%2Fnobg1.40d357a89f8aca58449177aa96e69e77.png&amp;w=96&amp;q=75 1x, https:\/\/opal-bg.com\/_next\/image?url=%2F_next%2Fstatic%2Fimage%2Fpublic%2Fimages%2Fhome%2Fnobg1.40d357a89f8aca58449177aa96e69e77.png&amp;w=256&amp;q=75 2x\" data-nimg=\"intrinsic\" \/><\/p>\n<p>Le\u00edr\u00e1s<\/p>\n<p>Sima k\u00f6peny\u0171 bolg\u00e1r pritamin paprika<\/p>\n<h1 class=\"product_title entry-title\"><\/h1>\n<p>A fajta f\u00e9lkorai \u00e9s k\u00e9s\u0151i termeszt\u00e9sre alkalmas, friss fogyaszt\u00e1sra, tart\u00f3s\u00edt\u00e1sra alkalmas. A p\u00e9p l\u00e1gy, \u00e9des \u00e9s l\u00e9d\u00fas, fel\u00fclete sima, nem tagolt. A gy\u00fcm\u00f6lcs \u00e1tlagos t\u00f6mege 80-100 gramm.<\/p>\n<p>A csomag 1 gr magot tartalmaz<\/p>\n","protected":false},"featured_media":29754,"comment_status":"closed","ping_status":"closed","template":"","meta":[],"product_brand":[],"product_cat":[458],"product_tag":[],"class_list":{"0":"post-29753","1":"product","2":"type-product","3":"status-publish","4":"has-post-thumbnail","6":"product_cat-paprika-vetomagok-bolgar-opal-vetomagok","8":"first","9":"instock","10":"taxable","11":"shipping-taxable","12":"purchasable","13":"product-type-simple"},"_links":{"self":[{"href":"https:\/\/chilimag.hu\/webshop\/wp-json\/wp\/v2\/product\/29753","targetHints":{"allow":["GET"]}}],"collection":[{"href":"https:\/\/chilimag.hu\/webshop\/wp-json\/wp\/v2\/product"}],"about":[{"href":"https:\/\/chilimag.hu\/webshop\/wp-json\/wp\/v2\/types\/product"}],"replies":[{"embeddable":true,"href":"https:\/\/chilimag.hu\/webshop\/wp-json\/wp\/v2\/comments?post=29753"}],"wp:featuredmedia":[{"embeddable":true,"href":"https:\/\/chilimag.hu\/webshop\/wp-json\/wp\/v2\/media\/29754"}],"wp:attachment":[{"href":"https:\/\/chilimag.hu\/webshop\/wp-json\/wp\/v2\/media?parent=29753"}],"wp:term":[{"taxonomy":"product_brand","embeddable":true,"href":"https:\/\/chilimag.hu\/webshop\/wp-json\/wp\/v2\/product_brand?post=29753"},{"taxonomy":"product_cat","embeddable":true,"href":"https:\/\/chilimag.hu\/webshop\/wp-json\/wp\/v2\/product_cat?post=29753"},{"taxonomy":"product_tag","embeddable":true,"href":"https:\/\/chilimag.hu\/webshop\/wp-json\/wp\/v2\/product_tag?post=29753"}],"curies":[{"name":"wp","href":"https:\/\/api.w.org\/{rel}","templated":true}]}}