{"id":29748,"date":"2024-02-16T05:02:26","date_gmt":"2024-02-16T05:02:26","guid":{"rendered":"https:\/\/chilimag.hu\/webshop\/?post_type=product&#038;p=29748"},"modified":"2026-03-11T08:07:20","modified_gmt":"2026-03-11T08:07:20","slug":"paprika-ratund-bulgarski-opal-bg","status":"publish","type":"product","link":"https:\/\/chilimag.hu\/webshop\/termek\/paprika-ratund-bulgarski-opal-bg\/","title":{"rendered":"Paprika Ratund Bulgarski Opal Bg"},"content":{"rendered":"","protected":false},"excerpt":{"rendered":"<p><img decoding=\"async\" src=\"https:\/\/opal-bg.com\/_next\/image?url=%2F_next%2Fstatic%2Fimage%2Fpublic%2Fimages%2Fhome%2Fnobg1.40d357a89f8aca58449177aa96e69e77.png&amp;w=256&amp;q=75\" srcset=\"https:\/\/opal-bg.com\/_next\/image?url=%2F_next%2Fstatic%2Fimage%2Fpublic%2Fimages%2Fhome%2Fnobg1.40d357a89f8aca58449177aa96e69e77.png&amp;w=96&amp;q=75 1x, https:\/\/opal-bg.com\/_next\/image?url=%2F_next%2Fstatic%2Fimage%2Fpublic%2Fimages%2Fhome%2Fnobg1.40d357a89f8aca58449177aa96e69e77.png&amp;w=256&amp;q=75 2x\" data-nimg=\"intrinsic\" \/><\/p>\n<p>Le\u00edr\u00e1s<\/p>\n<p>Kerek bolg\u00e1r f\u00e1nk paprika magvak nagyon term\u0151 fajta, gy\u00fcm\u00f6lcs s\u00falya 180-250 gr, Op\u00e1l<\/p>\n<p>K\u00f6z\u00e9pkorai \u00e9s k\u00e9s\u0151i paprikafajta, nagyon term\u0151 f\u00e1nkfajta. P\u00e1col\u00e1sra, savany\u00fas\u00e1g k\u00e9sz\u00edt\u00e9s\u00e9re alkalmas. Gy\u00fcm\u00f6lcsei lebeg\u0151ek, nagyok, paradicsom alak\u00faak, 8-11 cm \u00e1tm\u00e9r\u0151j\u0171ek, \u00e1tlagos t\u00f6meg\u00fck 180-250 g. A p\u00e9p l\u00e1gy, l\u00e9d\u00fas, 5-7 mm vastag 115-120 nap.<\/p>\n<p>A korai termeszt\u00e9sn\u00e9l a vet\u00e9s febru\u00e1r 01-15-ig, a k\u00f6zepesn\u00e9l m\u00e1rcius 01-20-ig, a k\u00e9sei pedig \u00e1prilis 01-15-ig t\u00f6rt\u00e9nik 2-3 cm m\u00e9lys\u00e9gben.<\/p>\n<p>M\u0171szaki adatok:<\/p>\n<p>M\u00e9lys\u00e9ge 0,5-3 cm<br \/>\nFebru\u00e1r 01-15-ig, m\u00e1rcius 01-20-ig, j\u00falius 01-15-ig vetik<br \/>\nA magvakb\u00f3l, pal\u00e1nt\u00e1kb\u00f3l t\u00f6rt\u00e9n\u0151 el\u0151\u00e1ll\u00edt\u00e1s fajt\u00e1i<br \/>\n\u00c1ltal\u00e1noss\u00e1gok:<\/p>\n<p>130-150 magot tartalmaz grammonk\u00e9nt<br \/>\n\u00dcltet\u00e9s febru\u00e1r-\u00e1prilis<br \/>\nSz\u00fcret j\u00fanius-augusztus<br \/>\nVeget\u00e1ci\u00f3ja 115-120 nap<\/p>\n<p>A csomag 1 gr magot tartalmaz<\/p>\n","protected":false},"featured_media":29749,"comment_status":"closed","ping_status":"closed","template":"","meta":[],"product_brand":[],"product_cat":[458],"product_tag":[],"class_list":{"0":"post-29748","1":"product","2":"type-product","3":"status-publish","4":"has-post-thumbnail","6":"product_cat-paprika-vetomagok-bolgar-opal-vetomagok","8":"first","9":"instock","10":"taxable","11":"shipping-taxable","12":"purchasable","13":"product-type-simple"},"_links":{"self":[{"href":"https:\/\/chilimag.hu\/webshop\/wp-json\/wp\/v2\/product\/29748","targetHints":{"allow":["GET"]}}],"collection":[{"href":"https:\/\/chilimag.hu\/webshop\/wp-json\/wp\/v2\/product"}],"about":[{"href":"https:\/\/chilimag.hu\/webshop\/wp-json\/wp\/v2\/types\/product"}],"replies":[{"embeddable":true,"href":"https:\/\/chilimag.hu\/webshop\/wp-json\/wp\/v2\/comments?post=29748"}],"wp:featuredmedia":[{"embeddable":true,"href":"https:\/\/chilimag.hu\/webshop\/wp-json\/wp\/v2\/media\/29749"}],"wp:attachment":[{"href":"https:\/\/chilimag.hu\/webshop\/wp-json\/wp\/v2\/media?parent=29748"}],"wp:term":[{"taxonomy":"product_brand","embeddable":true,"href":"https:\/\/chilimag.hu\/webshop\/wp-json\/wp\/v2\/product_brand?post=29748"},{"taxonomy":"product_cat","embeddable":true,"href":"https:\/\/chilimag.hu\/webshop\/wp-json\/wp\/v2\/product_cat?post=29748"},{"taxonomy":"product_tag","embeddable":true,"href":"https:\/\/chilimag.hu\/webshop\/wp-json\/wp\/v2\/product_tag?post=29748"}],"curies":[{"name":"wp","href":"https:\/\/api.w.org\/{rel}","templated":true}]}}