{"id":29742,"date":"2024-02-16T04:55:10","date_gmt":"2024-02-16T04:55:10","guid":{"rendered":"https:\/\/chilimag.hu\/webshop\/?post_type=product&#038;p=29742"},"modified":"2026-03-19T12:53:33","modified_gmt":"2026-03-19T12:53:33","slug":"paprika-sivria-opal-bg","status":"publish","type":"product","link":"https:\/\/chilimag.hu\/webshop\/termek\/paprika-sivria-opal-bg\/","title":{"rendered":"Paprika Sivria Opal Bg"},"content":{"rendered":"","protected":false},"excerpt":{"rendered":"<p><img decoding=\"async\" src=\"https:\/\/opal-bg.com\/_next\/image?url=%2F_next%2Fstatic%2Fimage%2Fpublic%2Fimages%2Fhome%2Fnobg1.40d357a89f8aca58449177aa96e69e77.png&amp;w=256&amp;q=75\" srcset=\"https:\/\/opal-bg.com\/_next\/image?url=%2F_next%2Fstatic%2Fimage%2Fpublic%2Fimages%2Fhome%2Fnobg1.40d357a89f8aca58449177aa96e69e77.png&amp;w=96&amp;q=75 1x, https:\/\/opal-bg.com\/_next\/image?url=%2F_next%2Fstatic%2Fimage%2Fpublic%2Fimages%2Fhome%2Fnobg1.40d357a89f8aca58449177aa96e69e77.png&amp;w=256&amp;q=75 2x\" data-nimg=\"intrinsic\" \/><\/p>\n<p>Le\u00edr\u00e1s<\/p>\n<p>Hagyom\u00e1nyos, j\u00f3 min\u0151s\u00e9g\u0171, megn\u00f6velt term\u0151k\u00e9pess\u00e9g\u0171, f\u00e9lkorai fajta A term\u00e9sek l\u00f3g\u00f3 helyzet\u0171ek, k\u00e9toldalt z\u00fazott tobozok, \u00e9retten intenz\u00edv v\u00f6r\u00f6s sz\u00edn\u0171ek, 18-20 cm-esek, s\u00falyuk 70-75. gramm finom h\u00e9j\u00fa \u00e9s \u00e9des \u00edz\u0171 . Fogyaszt\u00e1sra alkalmas nyersen, p\u00e1colva vagy f\u0151zve.<\/p>\n<p>Magok sz\u00e1ma zs\u00e1konk\u00e9nt: 300 mag (2 gr)<\/p>\n<p>Veget\u00e1ci\u00f3s id\u0151szak 105-130 nap.<\/p>\n<p>A korai termeszt\u00e9sn\u00e9l a vet\u00e9s febru\u00e1r 1-15-ig, a k\u00f6zepesn\u00e9l m\u00e1rcius 1-20-ig, a k\u00e9sein\u00e9l j\u00fanius 1-15-ig 0,5-3 cm m\u00e9lys\u00e9gben t\u00f6rt\u00e9nik.<\/p>\n<p>M\u0171szaki adatok:<\/p>\n<p>M\u00e9lys\u00e9ge 0,5-3 cm<br \/>\nFebru\u00e1r 01-15-ig, m\u00e1rcius 01-20-ig, j\u00fanius 01-15-ig vetik<br \/>\nVet\u0151mennyis\u00e9g 150-180 gramm\/hekt\u00e1r<br \/>\nA magvakb\u00f3l, pal\u00e1nt\u00e1kb\u00f3l t\u00f6rt\u00e9n\u0151 el\u0151\u00e1ll\u00edt\u00e1s fajt\u00e1i<br \/>\n\u00c1ltal\u00e1noss\u00e1gok:<\/p>\n<p>130-150 magot tartalmaz grammonk\u00e9nt<br \/>\nS\u00falya 2 gramm<br \/>\n\u00dcltet\u00e9s m\u00e1rcius-j\u00falius<br \/>\nSz\u00fcret j\u00fanius-okt\u00f3ber<br \/>\nVeget\u00e1ci\u00f3ja 105-130 nap<\/p>\n<p>A csomag 2 gr magot tartalmaz<\/p>\n","protected":false},"featured_media":29743,"comment_status":"closed","ping_status":"closed","template":"","meta":[],"product_brand":[],"product_cat":[458],"product_tag":[],"class_list":{"0":"post-29742","1":"product","2":"type-product","3":"status-publish","4":"has-post-thumbnail","6":"product_cat-paprika-vetomagok-bolgar-opal-vetomagok","8":"first","9":"instock","10":"taxable","11":"shipping-taxable","12":"purchasable","13":"product-type-simple"},"_links":{"self":[{"href":"https:\/\/chilimag.hu\/webshop\/wp-json\/wp\/v2\/product\/29742","targetHints":{"allow":["GET"]}}],"collection":[{"href":"https:\/\/chilimag.hu\/webshop\/wp-json\/wp\/v2\/product"}],"about":[{"href":"https:\/\/chilimag.hu\/webshop\/wp-json\/wp\/v2\/types\/product"}],"replies":[{"embeddable":true,"href":"https:\/\/chilimag.hu\/webshop\/wp-json\/wp\/v2\/comments?post=29742"}],"wp:featuredmedia":[{"embeddable":true,"href":"https:\/\/chilimag.hu\/webshop\/wp-json\/wp\/v2\/media\/29743"}],"wp:attachment":[{"href":"https:\/\/chilimag.hu\/webshop\/wp-json\/wp\/v2\/media?parent=29742"}],"wp:term":[{"taxonomy":"product_brand","embeddable":true,"href":"https:\/\/chilimag.hu\/webshop\/wp-json\/wp\/v2\/product_brand?post=29742"},{"taxonomy":"product_cat","embeddable":true,"href":"https:\/\/chilimag.hu\/webshop\/wp-json\/wp\/v2\/product_cat?post=29742"},{"taxonomy":"product_tag","embeddable":true,"href":"https:\/\/chilimag.hu\/webshop\/wp-json\/wp\/v2\/product_tag?post=29742"}],"curies":[{"name":"wp","href":"https:\/\/api.w.org\/{rel}","templated":true}]}}