{"id":29736,"date":"2024-02-16T04:49:17","date_gmt":"2024-02-16T04:49:17","guid":{"rendered":"https:\/\/chilimag.hu\/webshop\/?post_type=product&#038;p=29736"},"modified":"2026-03-11T08:07:20","modified_gmt":"2026-03-11T08:07:20","slug":"paprika-zlaten-medal-opal-bg","status":"publish","type":"product","link":"https:\/\/chilimag.hu\/webshop\/termek\/paprika-zlaten-medal-opal-bg\/","title":{"rendered":"Paprika Zlaten medal Opal Bg"},"content":{"rendered":"","protected":false},"excerpt":{"rendered":"<p><img decoding=\"async\" src=\"https:\/\/opal-bg.com\/_next\/image?url=%2F_next%2Fstatic%2Fimage%2Fpublic%2Fimages%2Fhome%2Fnobg1.40d357a89f8aca58449177aa96e69e77.png&amp;w=256&amp;q=75\" srcset=\"https:\/\/opal-bg.com\/_next\/image?url=%2F_next%2Fstatic%2Fimage%2Fpublic%2Fimages%2Fhome%2Fnobg1.40d357a89f8aca58449177aa96e69e77.png&amp;w=96&amp;q=75 1x, https:\/\/opal-bg.com\/_next\/image?url=%2F_next%2Fstatic%2Fimage%2Fpublic%2Fimages%2Fhome%2Fnobg1.40d357a89f8aca58449177aa96e69e77.png&amp;w=256&amp;q=75 2x\" data-nimg=\"intrinsic\" \/><\/p>\n<p>Le\u00edr\u00e1s<\/p>\n<p>ZLATEN MEDAL Capia paprika &#8211; 2 gr<\/p>\n<p>Korai \u00e9s rendk\u00edv\u00fcl korai fajta szabadf\u00f6ld\u00f6n, de \u00fcvegh\u00e1zakban is. A h\u00fasos r\u00e9sze l\u00e9d\u00fas \u00e9s \u00e9des. Friss fogyaszt\u00e1sra, sal\u00e1t\u00e1hoz \u00e9s f\u0151z\u00e9shez egyar\u00e1nt alkalmas.<\/p>\n<p>Term\u00e9sei 16-22 cm hossz\u00faak, hegy\u00fck\u00f6n enyh\u00e9n \u00edveltek. \u00c9retten vil\u00e1gosz\u00f6ld sz\u00edn\u0171ek, term\u00e9s\u00fck \u00e1tlagos t\u00f6mege 75 gramm, h\u00fasa 4-6 mm vastag, \u00e9des \u00edz\u0171. A b\u0151r vastags\u00e1ga 0,05 mm, fogyaszt\u00e1skor nem \u00e9rezhet\u0151.<br \/>\n\u00dcvegh\u00e1zakban \u00e9s szabadban t\u00f6rt\u00e9n\u0151 termeszt\u00e9sre tervezt\u00e9k. Veget\u00e1ci\u00f3s id\u0151szak 105-130 nap.<\/p>\n<p>A korai termeszt\u00e9sn\u00e9l a vet\u00e9s febru\u00e1r 1-15-ig, a f\u00e9lkorain\u00e1l m\u00e1rcius 1-20-ig, a k\u00e9s\u0151in\u00e9l pedig \u00e1prilis 1-15-ig t\u00f6rt\u00e9nik 0,5-3 cm m\u00e9lys\u00e9gben.<\/p>\n<p>Magok mennyis\u00e9ge zs\u00e1konk\u00e9nt: 2 gramm.<\/p>\n<p>M\u0171szaki adatok:<\/p>\n<p>M\u00e9lys\u00e9ge 0,5-3 cm<br \/>\nFebru\u00e1r 01-15-ig, m\u00e1rcius 01-20-ig, \u00e1prilis 01-15-ig vetik<br \/>\nVet\u0151mennyis\u00e9g 150-180 gramm\/hekt\u00e1r<br \/>\nA magvakb\u00f3l, pal\u00e1nt\u00e1kb\u00f3l t\u00f6rt\u00e9n\u0151 el\u0151\u00e1ll\u00edt\u00e1s fajt\u00e1i<br \/>\n\u00c1ltal\u00e1noss\u00e1gok:<\/p>\n<p>130-150 magot tartalmaz grammonk\u00e9nt<br \/>\nS\u00falya 2 gramm<br \/>\n\u00dcltet\u00e9s m\u00e1rcius-m\u00e1jus<br \/>\nSz\u00fcret j\u00fanius-okt\u00f3ber<br \/>\nVeget\u00e1ci\u00f3ja 105-130 nap<\/p>\n<p>A csomag 2 gr magot tartalmaz<\/p>\n","protected":false},"featured_media":29737,"comment_status":"closed","ping_status":"closed","template":"","meta":[],"product_brand":[],"product_cat":[458],"product_tag":[],"class_list":{"0":"post-29736","1":"product","2":"type-product","3":"status-publish","4":"has-post-thumbnail","6":"product_cat-paprika-vetomagok-bolgar-opal-vetomagok","8":"first","9":"instock","10":"taxable","11":"shipping-taxable","12":"purchasable","13":"product-type-simple"},"_links":{"self":[{"href":"https:\/\/chilimag.hu\/webshop\/wp-json\/wp\/v2\/product\/29736","targetHints":{"allow":["GET"]}}],"collection":[{"href":"https:\/\/chilimag.hu\/webshop\/wp-json\/wp\/v2\/product"}],"about":[{"href":"https:\/\/chilimag.hu\/webshop\/wp-json\/wp\/v2\/types\/product"}],"replies":[{"embeddable":true,"href":"https:\/\/chilimag.hu\/webshop\/wp-json\/wp\/v2\/comments?post=29736"}],"wp:featuredmedia":[{"embeddable":true,"href":"https:\/\/chilimag.hu\/webshop\/wp-json\/wp\/v2\/media\/29737"}],"wp:attachment":[{"href":"https:\/\/chilimag.hu\/webshop\/wp-json\/wp\/v2\/media?parent=29736"}],"wp:term":[{"taxonomy":"product_brand","embeddable":true,"href":"https:\/\/chilimag.hu\/webshop\/wp-json\/wp\/v2\/product_brand?post=29736"},{"taxonomy":"product_cat","embeddable":true,"href":"https:\/\/chilimag.hu\/webshop\/wp-json\/wp\/v2\/product_cat?post=29736"},{"taxonomy":"product_tag","embeddable":true,"href":"https:\/\/chilimag.hu\/webshop\/wp-json\/wp\/v2\/product_tag?post=29736"}],"curies":[{"name":"wp","href":"https:\/\/api.w.org\/{rel}","templated":true}]}}