{"id":29731,"date":"2024-02-16T04:40:53","date_gmt":"2024-02-16T04:40:53","guid":{"rendered":"https:\/\/chilimag.hu\/webshop\/?post_type=product&#038;p=29731"},"modified":"2026-04-01T21:08:39","modified_gmt":"2026-04-01T21:08:39","slug":"paprika-sofiiska-kapia-opal-bg","status":"publish","type":"product","link":"https:\/\/chilimag.hu\/webshop\/termek\/paprika-sofiiska-kapia-opal-bg\/","title":{"rendered":"Paprika Sofiiska kapia Opal Bg"},"content":{"rendered":"","protected":false},"excerpt":{"rendered":"<p><img decoding=\"async\" src=\"https:\/\/opal-bg.com\/_next\/image?url=%2F_next%2Fstatic%2Fimage%2Fpublic%2Fimages%2Fhome%2Fnobg1.40d357a89f8aca58449177aa96e69e77.png&amp;w=256&amp;q=75\" srcset=\"https:\/\/opal-bg.com\/_next\/image?url=%2F_next%2Fstatic%2Fimage%2Fpublic%2Fimages%2Fhome%2Fnobg1.40d357a89f8aca58449177aa96e69e77.png&amp;w=96&amp;q=75 1x, https:\/\/opal-bg.com\/_next\/image?url=%2F_next%2Fstatic%2Fimage%2Fpublic%2Fimages%2Fhome%2Fnobg1.40d357a89f8aca58449177aa96e69e77.png&amp;w=256&amp;q=75 2x\" data-nimg=\"intrinsic\" \/><\/p>\n<p>Le\u00edr\u00e1s<\/p>\n<p>SOFIA paprika &#8211; 2 g<\/p>\n<p>A n\u00f6v\u00e9ny 50-70 cm magas, 3-5 els\u0151rend\u0171 \u00e1ggal, r\u00f6vid csom\u00f3k\u00f6z\u00f6kkel. Levelei k\u00f6z\u00e9pz\u00f6ldek, nagyok, kiterjesztett elliptikusak, aszimmetrikusak, 7-10 cm hossz\u00faak \u00e9s 3-6,5 cm sz\u00e9lesek, s\u00f6t\u00e9tek, mark\u00e1ns erekkel, sima fel\u00fclettel. A vir\u00e1gok k\u00f6zepes \u00e9s nagy nyel\u0171ek, v\u00e9konyak \u00e9s hossz\u00faak, 6 \u00e9s ritk\u00e1n 5 vagy 7 feh\u00e9r szirm\u00faak. A p\u00e9p 4-5 mm vastag, \u00e9des \u00e9s l\u00e9d\u00fas. S\u00fct\u00e9sre, tart\u00f3s\u00edt\u00e1sra \u00e9s friss fogyaszt\u00e1sra kiv\u00e1l\u00f3an alkalmas A gy\u00fcm\u00f6lcs\u00f6k l\u00f3g\u00f3ak, nagyok, egyenesek, 12-16 cm hossz\u00faak. \u00c9retten a gy\u00fcm\u00f6lcs\u00f6k s\u00f6t\u00e9tz\u00f6ldek, de vannak vil\u00e1gosz\u00f6ld term\u00e9s\u0171 n\u00f6v\u00e9nyek, de minden botanikai gy\u00fcm\u00f6lcs s\u00f6t\u00e9tv\u00f6r\u00f6s. Egy gy\u00fcm\u00f6lcs \u00e1tlagos t\u00f6mege 60-70 g Az \u00e9rett gy\u00fcm\u00f6lcs\u00f6k 10,8% sz\u00e1razanyagot, 6,1% cukrot \u00e9s 192 mg% C-vitamint tartalmaznak. Veget\u00e1ci\u00f3s peri\u00f3dus 130-140 nap.<\/p>\n<p>A korai termeszt\u00e9sn\u00e9l a vet\u00e9s febru\u00e1r 01-15-ig, a k\u00f6zepesn\u00e9l m\u00e1rcius 01-20-ig, a k\u00e9sei pedig \u00e1prilis 01-15-ig t\u00f6rt\u00e9nik 2-3 cm m\u00e9lys\u00e9gben.<\/p>\n<p>Magok mennyis\u00e9ge zs\u00e1konk\u00e9nt: 300 mag (2 gramm)<\/p>\n<p>\u00c1tlagos term\u00e9shozam 3000-4000 kg hekt\u00e1ronk\u00e9nt.<\/p>\n<p>M\u0171szaki adatok<br \/>\nM\u00e9lys\u00e9ge 0,5-3 cm<br \/>\nFebru\u00e1r 01-15-ig, m\u00e1rcius 01-20-ig, j\u00falius 01-15-ig vetik<br \/>\nA magvakb\u00f3l, pal\u00e1nt\u00e1kb\u00f3l t\u00f6rt\u00e9n\u0151 el\u0151\u00e1ll\u00edt\u00e1s fajt\u00e1i<br \/>\n\u00c1ttekint\u00e9s<br \/>\n130-150 magot tartalmaz grammonk\u00e9nt<br \/>\nS\u00falya 2 gramm<br \/>\n\u00dcltet\u00e9s febru\u00e1r-m\u00e1rcius<br \/>\nSz\u00fcret j\u00fanius-j\u00falius<br \/>\nVeget\u00e1ci\u00f3ja 130-140 nap<\/p>\n<p>A csomag 2 gr magot tartalmaz<\/p>\n","protected":false},"featured_media":29732,"comment_status":"closed","ping_status":"closed","template":"","meta":[],"product_brand":[],"product_cat":[458],"product_tag":[],"class_list":{"0":"post-29731","1":"product","2":"type-product","3":"status-publish","4":"has-post-thumbnail","6":"product_cat-paprika-vetomagok-bolgar-opal-vetomagok","8":"first","9":"instock","10":"taxable","11":"shipping-taxable","12":"purchasable","13":"product-type-simple"},"_links":{"self":[{"href":"https:\/\/chilimag.hu\/webshop\/wp-json\/wp\/v2\/product\/29731","targetHints":{"allow":["GET"]}}],"collection":[{"href":"https:\/\/chilimag.hu\/webshop\/wp-json\/wp\/v2\/product"}],"about":[{"href":"https:\/\/chilimag.hu\/webshop\/wp-json\/wp\/v2\/types\/product"}],"replies":[{"embeddable":true,"href":"https:\/\/chilimag.hu\/webshop\/wp-json\/wp\/v2\/comments?post=29731"}],"wp:featuredmedia":[{"embeddable":true,"href":"https:\/\/chilimag.hu\/webshop\/wp-json\/wp\/v2\/media\/29732"}],"wp:attachment":[{"href":"https:\/\/chilimag.hu\/webshop\/wp-json\/wp\/v2\/media?parent=29731"}],"wp:term":[{"taxonomy":"product_brand","embeddable":true,"href":"https:\/\/chilimag.hu\/webshop\/wp-json\/wp\/v2\/product_brand?post=29731"},{"taxonomy":"product_cat","embeddable":true,"href":"https:\/\/chilimag.hu\/webshop\/wp-json\/wp\/v2\/product_cat?post=29731"},{"taxonomy":"product_tag","embeddable":true,"href":"https:\/\/chilimag.hu\/webshop\/wp-json\/wp\/v2\/product_tag?post=29731"}],"curies":[{"name":"wp","href":"https:\/\/api.w.org\/{rel}","templated":true}]}}