{"id":29727,"date":"2024-02-16T04:36:16","date_gmt":"2024-02-16T04:36:16","guid":{"rendered":"https:\/\/chilimag.hu\/webshop\/?post_type=product&#038;p=29727"},"modified":"2026-03-23T14:39:48","modified_gmt":"2026-03-23T14:39:48","slug":"paprika-amfora-opal-bg","status":"publish","type":"product","link":"https:\/\/chilimag.hu\/webshop\/termek\/paprika-amfora-opal-bg\/","title":{"rendered":"Paprika k\u00e1pia Amfora Opal Bg"},"content":{"rendered":"","protected":false},"excerpt":{"rendered":"<p><img decoding=\"async\" src=\"https:\/\/opal-bg.com\/_next\/image?url=%2F_next%2Fstatic%2Fimage%2Fpublic%2Fimages%2Fhome%2Fnobg1.40d357a89f8aca58449177aa96e69e77.png&amp;w=256&amp;q=75\" srcset=\"https:\/\/opal-bg.com\/_next\/image?url=%2F_next%2Fstatic%2Fimage%2Fpublic%2Fimages%2Fhome%2Fnobg1.40d357a89f8aca58449177aa96e69e77.png&amp;w=96&amp;q=75 1x, https:\/\/opal-bg.com\/_next\/image?url=%2F_next%2Fstatic%2Fimage%2Fpublic%2Fimages%2Fhome%2Fnobg1.40d357a89f8aca58449177aa96e69e77.png&amp;w=256&amp;q=75 2x\" data-nimg=\"intrinsic\" \/><\/p>\n<p>Le\u00edr\u00e1s<\/p>\n<p>Kapia paprika AMFORA &#8211; 1 g<\/p>\n<p>F\u0151z\u00e9sre \u00e9s s\u00fct\u00e9sre alkalmas k\u00f6z\u00e9pkorai \u00e9s k\u00e9s\u0151i fajta. Gy\u00fcm\u00f6lcse nagy, 12-16 cm hossz\u00fa.<\/p>\n<p>Az AMFORA k\u00e1piapaprika hekt\u00e1ronk\u00e9nt 50-60 tonna termel\u00e9s\u00e9vel az egyik legterm\u00e9kenyebb k\u00e1pia paprikafajta. Frissen fogyaszthat\u00f3, \u00e9s t\u00e9li h\u00f3napokra is tart\u00f3s\u00edthat\u00f3.<\/p>\n<p>A korai termeszt\u00e9sn\u00e9l a vet\u00e9s febru\u00e1r 01-15-ig, a k\u00f6zepesn\u00e9l m\u00e1rcius 01-20-ig, a k\u00e9s\u0151in\u00e9l pedig \u00e1prilis 01-15-ig t\u00f6rt\u00e9nik 0,5-3 cm m\u00e9lys\u00e9gben.<\/p>\n<p>A magok mennyis\u00e9ge zs\u00e1konk\u00e9nt: 10 gramm.<\/p>\n<p>&nbsp;<\/p>\n<p>Magmennyis\u00e9g zs\u00e1konk\u00e9nt: 150 mag (1 gr)<\/p>\n<p>&nbsp;<\/p>\n<p>M\u0171szaki adatok:<\/p>\n<p>Febru\u00e1r 01-15-ig, m\u00e1rcius 01-20-ig, \u00e1prilis 01-15-ig vetik<br \/>\nA magvakb\u00f3l, pal\u00e1nt\u00e1kb\u00f3l t\u00f6rt\u00e9n\u0151 el\u0151\u00e1ll\u00edt\u00e1s fajt\u00e1i<br \/>\n\u00c1ltal\u00e1noss\u00e1gok:<\/p>\n<p>S\u00falya 10 gramm<br \/>\n\u00dcltet\u00e9s m\u00e1rcius-\u00e1prilis<br \/>\nSz\u00fcret j\u00fanius-okt\u00f3ber<br \/>\nVeget\u00e1ci\u00f3ja 125-140 nap<\/p>\n<p>A csomag 1 gr magot tartalmaz<\/p>\n","protected":false},"featured_media":29728,"comment_status":"closed","ping_status":"closed","template":"","meta":[],"product_brand":[],"product_cat":[458],"product_tag":[],"class_list":{"0":"post-29727","1":"product","2":"type-product","3":"status-publish","4":"has-post-thumbnail","6":"product_cat-paprika-vetomagok-bolgar-opal-vetomagok","8":"first","9":"instock","10":"taxable","11":"shipping-taxable","12":"purchasable","13":"product-type-simple"},"_links":{"self":[{"href":"https:\/\/chilimag.hu\/webshop\/wp-json\/wp\/v2\/product\/29727","targetHints":{"allow":["GET"]}}],"collection":[{"href":"https:\/\/chilimag.hu\/webshop\/wp-json\/wp\/v2\/product"}],"about":[{"href":"https:\/\/chilimag.hu\/webshop\/wp-json\/wp\/v2\/types\/product"}],"replies":[{"embeddable":true,"href":"https:\/\/chilimag.hu\/webshop\/wp-json\/wp\/v2\/comments?post=29727"}],"wp:featuredmedia":[{"embeddable":true,"href":"https:\/\/chilimag.hu\/webshop\/wp-json\/wp\/v2\/media\/29728"}],"wp:attachment":[{"href":"https:\/\/chilimag.hu\/webshop\/wp-json\/wp\/v2\/media?parent=29727"}],"wp:term":[{"taxonomy":"product_brand","embeddable":true,"href":"https:\/\/chilimag.hu\/webshop\/wp-json\/wp\/v2\/product_brand?post=29727"},{"taxonomy":"product_cat","embeddable":true,"href":"https:\/\/chilimag.hu\/webshop\/wp-json\/wp\/v2\/product_cat?post=29727"},{"taxonomy":"product_tag","embeddable":true,"href":"https:\/\/chilimag.hu\/webshop\/wp-json\/wp\/v2\/product_tag?post=29727"}],"curies":[{"name":"wp","href":"https:\/\/api.w.org\/{rel}","templated":true}]}}