{"id":29723,"date":"2024-02-16T04:30:00","date_gmt":"2024-02-16T04:30:00","guid":{"rendered":"https:\/\/chilimag.hu\/webshop\/?post_type=product&#038;p=29723"},"modified":"2026-03-08T14:11:14","modified_gmt":"2026-03-08T14:11:14","slug":"paprika-plovdivska-kapia-opal-bg","status":"publish","type":"product","link":"https:\/\/chilimag.hu\/webshop\/termek\/paprika-plovdivska-kapia-opal-bg\/","title":{"rendered":"Paprika Plovdivska kapia Opal Bg"},"content":{"rendered":"","protected":false},"excerpt":{"rendered":"<p><img decoding=\"async\" src=\"https:\/\/opal-bg.com\/_next\/image?url=%2F_next%2Fstatic%2Fimage%2Fpublic%2Fimages%2Fhome%2Fnobg1.40d357a89f8aca58449177aa96e69e77.png&amp;w=256&amp;q=75\" srcset=\"https:\/\/opal-bg.com\/_next\/image?url=%2F_next%2Fstatic%2Fimage%2Fpublic%2Fimages%2Fhome%2Fnobg1.40d357a89f8aca58449177aa96e69e77.png&amp;w=96&amp;q=75 1x, https:\/\/opal-bg.com\/_next\/image?url=%2F_next%2Fstatic%2Fimage%2Fpublic%2Fimages%2Fhome%2Fnobg1.40d357a89f8aca58449177aa96e69e77.png&amp;w=256&amp;q=75 2x\" data-nimg=\"intrinsic\" \/><\/p>\n<p>A K\u00e1pia de Plovdiv kiv\u00e1l\u00f3an alkalmazkodik a sz\u00e1nt\u00f3f\u00f6ldi viszonyokhoz, megb\u00edzhat\u00f3 term\u00e9st k\u00edn\u00e1l, \u00e9s az ut\u00f3bbi \u00e9vekben igen nagy n\u00e9pszer\u0171s\u00e9gre tett szert \u00a0a nagy term\u0151k\u00e9pess\u00e9gnek \u00e9s a gy\u00fcm\u00f6lcs\u00f6k k\u00fcl\u00f6nleges kereskedelmi form\u00e1j\u00e1nak k\u00f6sz\u00f6nhet\u0151en.<\/p>\n<p>A K\u00e1pia de Plovdiv nagy, k\u00fap alak\u00fa, 18-20 centim\u00e9ter hossz\u00fa, \u00e9retten s\u00f6t\u00e9tv\u00f6r\u00f6s sz\u00edn\u0171 gy\u00fcm\u00f6lcs\u00f6ket hoz.<\/p>\n<p>Gazdag talajokon nagyon term\u0151, 5-6 tonna\/10 aras, ny\u00e1ron magas h\u0151m\u00e9rs\u00e9kletekkel szemben, betegs\u00e9gekkel szemben ellen\u00e1ll\u00f3.<\/p>\n<p>A csomag 1 gr magot tartalmaz<\/p>\n","protected":false},"featured_media":29724,"comment_status":"closed","ping_status":"closed","template":"","meta":[],"product_brand":[],"product_cat":[458],"product_tag":[],"class_list":{"0":"post-29723","1":"product","2":"type-product","3":"status-publish","4":"has-post-thumbnail","6":"product_cat-paprika-vetomagok-bolgar-opal-vetomagok","8":"first","9":"instock","10":"taxable","11":"shipping-taxable","12":"purchasable","13":"product-type-simple"},"_links":{"self":[{"href":"https:\/\/chilimag.hu\/webshop\/wp-json\/wp\/v2\/product\/29723","targetHints":{"allow":["GET"]}}],"collection":[{"href":"https:\/\/chilimag.hu\/webshop\/wp-json\/wp\/v2\/product"}],"about":[{"href":"https:\/\/chilimag.hu\/webshop\/wp-json\/wp\/v2\/types\/product"}],"replies":[{"embeddable":true,"href":"https:\/\/chilimag.hu\/webshop\/wp-json\/wp\/v2\/comments?post=29723"}],"wp:featuredmedia":[{"embeddable":true,"href":"https:\/\/chilimag.hu\/webshop\/wp-json\/wp\/v2\/media\/29724"}],"wp:attachment":[{"href":"https:\/\/chilimag.hu\/webshop\/wp-json\/wp\/v2\/media?parent=29723"}],"wp:term":[{"taxonomy":"product_brand","embeddable":true,"href":"https:\/\/chilimag.hu\/webshop\/wp-json\/wp\/v2\/product_brand?post=29723"},{"taxonomy":"product_cat","embeddable":true,"href":"https:\/\/chilimag.hu\/webshop\/wp-json\/wp\/v2\/product_cat?post=29723"},{"taxonomy":"product_tag","embeddable":true,"href":"https:\/\/chilimag.hu\/webshop\/wp-json\/wp\/v2\/product_tag?post=29723"}],"curies":[{"name":"wp","href":"https:\/\/api.w.org\/{rel}","templated":true}]}}