{"id":29720,"date":"2024-02-16T04:24:30","date_gmt":"2024-02-16T04:24:30","guid":{"rendered":"https:\/\/chilimag.hu\/webshop\/?post_type=product&#038;p=29720"},"modified":"2026-03-27T12:55:27","modified_gmt":"2026-03-27T12:55:27","slug":"paprika-hissar-kapia-opal-bg","status":"publish","type":"product","link":"https:\/\/chilimag.hu\/webshop\/termek\/paprika-hissar-kapia-opal-bg\/","title":{"rendered":"Paprika Hissar kapia Opal Bg"},"content":{"rendered":"","protected":false},"excerpt":{"rendered":"<p><img decoding=\"async\" src=\"https:\/\/opal-bg.com\/_next\/image?url=%2F_next%2Fstatic%2Fimage%2Fpublic%2Fimages%2Fhome%2Fnobg1.40d357a89f8aca58449177aa96e69e77.png&amp;w=256&amp;q=75\" srcset=\"https:\/\/opal-bg.com\/_next\/image?url=%2F_next%2Fstatic%2Fimage%2Fpublic%2Fimages%2Fhome%2Fnobg1.40d357a89f8aca58449177aa96e69e77.png&amp;w=96&amp;q=75 1x, https:\/\/opal-bg.com\/_next\/image?url=%2F_next%2Fstatic%2Fimage%2Fpublic%2Fimages%2Fhome%2Fnobg1.40d357a89f8aca58449177aa96e69e77.png&amp;w=256&amp;q=75 2x\" data-nimg=\"intrinsic\" \/><\/p>\n<p>A Hisar (Hisarska) egy f\u00e9lkorai k\u00e1pia paprikafajta, kiv\u00e1l\u00f3 term\u0151k\u00e9pess\u00e9ggel.<\/p>\n<p>Gy\u00fcm\u00f6lcsei nagyok, s\u00f6t\u00e9tz\u00f6ld sz\u00edn\u0171ek, fiziol\u00f3giai \u00e9retts\u00e9g\u00fckben \u00e9l\u00e9nkpirosak lesznek. K\u00fap alak\u00faak, 9-11 cm sz\u00e9lesek, 18-22\/24 cm hossz\u00faak.<\/p>\n<p>Nagyon h\u00fasos fajta, k\u00e9toldalas, \u00e1tlagos t\u00f6mege 180-250 gr, de ak\u00e1r a 300 gr-ot is el\u00e9rheti.<\/p>\n<p>A Kapia Hisar (Hisarska) paprikafajta szabadf\u00f6ldi termeszt\u00e9sre \u00e9s v\u00e9dett ter\u00fcleten (\u00fcvegh\u00e1zak, szol\u00e1riumok) t\u00f6rt\u00e9n\u0151 termeszt\u00e9sre egyar\u00e1nt aj\u00e1nlott.<\/p>\n<p>Rohad\u00e1s\u00e1ll\u00f3s\u00e1got mutat.<\/p>\n<p>A Hisar (Hisarska) 6 t\/10 ares term\u0151k\u00e9pess\u00e9g\u0171, magas ny\u00e1ri h\u0151m\u00e9rs\u00e9kletekkel szembeni ellen\u00e1ll\u00f3 fajta.<\/p>\n<p>Ide\u00e1lis friss fogyaszt\u00e1sra, valamint s\u00fct\u00e9sre\/p\u00e1col\u00e1sra.<\/p>\n<p>A csomag 1 gr magot tartalmaz<\/p>\n","protected":false},"featured_media":29722,"comment_status":"closed","ping_status":"closed","template":"","meta":[],"product_brand":[],"product_cat":[458],"product_tag":[],"class_list":{"0":"post-29720","1":"product","2":"type-product","3":"status-publish","4":"has-post-thumbnail","6":"product_cat-paprika-vetomagok-bolgar-opal-vetomagok","8":"first","9":"instock","10":"taxable","11":"shipping-taxable","12":"purchasable","13":"product-type-simple"},"_links":{"self":[{"href":"https:\/\/chilimag.hu\/webshop\/wp-json\/wp\/v2\/product\/29720","targetHints":{"allow":["GET"]}}],"collection":[{"href":"https:\/\/chilimag.hu\/webshop\/wp-json\/wp\/v2\/product"}],"about":[{"href":"https:\/\/chilimag.hu\/webshop\/wp-json\/wp\/v2\/types\/product"}],"replies":[{"embeddable":true,"href":"https:\/\/chilimag.hu\/webshop\/wp-json\/wp\/v2\/comments?post=29720"}],"wp:featuredmedia":[{"embeddable":true,"href":"https:\/\/chilimag.hu\/webshop\/wp-json\/wp\/v2\/media\/29722"}],"wp:attachment":[{"href":"https:\/\/chilimag.hu\/webshop\/wp-json\/wp\/v2\/media?parent=29720"}],"wp:term":[{"taxonomy":"product_brand","embeddable":true,"href":"https:\/\/chilimag.hu\/webshop\/wp-json\/wp\/v2\/product_brand?post=29720"},{"taxonomy":"product_cat","embeddable":true,"href":"https:\/\/chilimag.hu\/webshop\/wp-json\/wp\/v2\/product_cat?post=29720"},{"taxonomy":"product_tag","embeddable":true,"href":"https:\/\/chilimag.hu\/webshop\/wp-json\/wp\/v2\/product_tag?post=29720"}],"curies":[{"name":"wp","href":"https:\/\/api.w.org\/{rel}","templated":true}]}}