{"id":29707,"date":"2024-02-16T04:18:26","date_gmt":"2024-02-16T04:18:26","guid":{"rendered":"https:\/\/chilimag.hu\/webshop\/?post_type=product&#038;p=29707"},"modified":"2024-07-16T04:52:54","modified_gmt":"2024-07-16T04:52:54","slug":"mintas-badog-cserep-2-fajta","status":"publish","type":"product","link":"https:\/\/chilimag.hu\/webshop\/termek\/mintas-badog-cserep-2-fajta\/","title":{"rendered":"Mint\u00e1s b\u00e1dog cser\u00e9p 2 fajta"},"content":{"rendered":"","protected":false},"excerpt":{"rendered":"<p>R\u00e9gies cink fel\u00fclet\u0171 v\u00e1za , 4 f\u00e9le mint\u00e1val rendelhet\u0151.<br \/>\nM\u00e9rete: magass\u00e1g: 20 cm, sz\u00e9less\u00e9g: 16 cm, m\u00e9lys\u00e9g: 14 cm<\/p>\n","protected":false},"featured_media":29715,"comment_status":"closed","ping_status":"closed","template":"","meta":[],"product_brand":[],"product_cat":[336],"product_tag":[],"class_list":{"0":"post-29707","1":"product","2":"type-product","3":"status-publish","4":"has-post-thumbnail","6":"product_cat-vetotalcak-ulteto-cserepek-es-palanta-nevelok","8":"first","9":"instock","10":"taxable","11":"shipping-taxable","12":"purchasable","13":"product-type-variable"},"_links":{"self":[{"href":"https:\/\/chilimag.hu\/webshop\/wp-json\/wp\/v2\/product\/29707","targetHints":{"allow":["GET"]}}],"collection":[{"href":"https:\/\/chilimag.hu\/webshop\/wp-json\/wp\/v2\/product"}],"about":[{"href":"https:\/\/chilimag.hu\/webshop\/wp-json\/wp\/v2\/types\/product"}],"replies":[{"embeddable":true,"href":"https:\/\/chilimag.hu\/webshop\/wp-json\/wp\/v2\/comments?post=29707"}],"wp:featuredmedia":[{"embeddable":true,"href":"https:\/\/chilimag.hu\/webshop\/wp-json\/wp\/v2\/media\/29715"}],"wp:attachment":[{"href":"https:\/\/chilimag.hu\/webshop\/wp-json\/wp\/v2\/media?parent=29707"}],"wp:term":[{"taxonomy":"product_brand","embeddable":true,"href":"https:\/\/chilimag.hu\/webshop\/wp-json\/wp\/v2\/product_brand?post=29707"},{"taxonomy":"product_cat","embeddable":true,"href":"https:\/\/chilimag.hu\/webshop\/wp-json\/wp\/v2\/product_cat?post=29707"},{"taxonomy":"product_tag","embeddable":true,"href":"https:\/\/chilimag.hu\/webshop\/wp-json\/wp\/v2\/product_tag?post=29707"}],"curies":[{"name":"wp","href":"https:\/\/api.w.org\/{rel}","templated":true}]}}