{"id":29702,"date":"2024-02-15T19:14:44","date_gmt":"2024-02-15T19:14:44","guid":{"rendered":"https:\/\/chilimag.hu\/webshop\/?post_type=product&#038;p=29702"},"modified":"2026-02-18T11:39:47","modified_gmt":"2026-02-18T11:39:47","slug":"uborka-primus-f1-opal-tokita-bg","status":"publish","type":"product","link":"https:\/\/chilimag.hu\/webshop\/termek\/uborka-primus-f1-opal-tokita-bg\/","title":{"rendered":"Uborka Prymus F1 Opal Tokita  Bg"},"content":{"rendered":"","protected":false},"excerpt":{"rendered":"<p><img decoding=\"async\" src=\"https:\/\/opal-bg.com\/_next\/image?url=%2F_next%2Fstatic%2Fimage%2Fpublic%2Fimages%2Fhome%2Fnobg1.40d357a89f8aca58449177aa96e69e77.png&amp;w=256&amp;q=75\" srcset=\"https:\/\/opal-bg.com\/_next\/image?url=%2F_next%2Fstatic%2Fimage%2Fpublic%2Fimages%2Fhome%2Fnobg1.40d357a89f8aca58449177aa96e69e77.png&amp;w=96&amp;q=75 1x, https:\/\/opal-bg.com\/_next\/image?url=%2F_next%2Fstatic%2Fimage%2Fpublic%2Fimages%2Fhome%2Fnobg1.40d357a89f8aca58449177aa96e69e77.png&amp;w=256&amp;q=75 2x\" data-nimg=\"intrinsic\" \/><\/p>\n<p>Le\u00edr\u00e1s<\/p>\n<p>Prymus F1 (25 mag) jap\u00e1n uborka, kiv\u00e1l\u00f3 min\u0151s\u00e9g \u00e9s \u00edz, TOKITA<\/p>\n<p>Kiszerel\u00e9s: 25 mag<\/p>\n<p>Cornichon uborka A Prymus F1 egy nagy hozam\u00fa hibrid. Szabadt\u00e9ri termeszt\u00e9sre alkalmas. Az uborka rendk\u00edv\u00fcl \u00edzletes, puha, l\u00e9d\u00fas \u00e9s illatos. S\u00f6t\u00e9tz\u00f6ld sz\u00ednben is egys\u00e9gesek. Nincs szuvasod\u00e1s \u00e9s keser\u0171 \u00e9r.<\/p>\n<p>Friss form\u00e1ban friss fogyaszt\u00e1sra, de feldolgoz\u00e1sra is rendk\u00edv\u00fcl alkalmasak. A primusz n\u00f6v\u00e9nyek nagyon j\u00f3l fejlettek, t\u00f6bbnyire n\u0151ivar\u00fa vir\u00e1gokat hoznak. R\u00f6vid csom\u00f3pontjaik \u00e9s sok \u00e1guk van. Magas hozam\u00fa fajta.<\/p>\n<p>A primus uborka ellen\u00e1ll a pen\u00e9sznek, a v\u00edrusos betegs\u00e9geknek, bele\u00e9rtve az uborka mozaikot is.<\/p>\n<p>A csomag 25 szem magot tartalmaz<\/p>\n","protected":false},"featured_media":29704,"comment_status":"closed","ping_status":"closed","template":"","meta":[],"product_brand":[],"product_cat":[461],"product_tag":[],"class_list":{"0":"post-29702","1":"product","2":"type-product","3":"status-publish","4":"has-post-thumbnail","6":"product_cat-uborka-es-padlizsan-vetomagok-bolgar-opal-vetomagok","8":"first","9":"instock","10":"taxable","11":"shipping-taxable","12":"purchasable","13":"product-type-simple"},"_links":{"self":[{"href":"https:\/\/chilimag.hu\/webshop\/wp-json\/wp\/v2\/product\/29702","targetHints":{"allow":["GET"]}}],"collection":[{"href":"https:\/\/chilimag.hu\/webshop\/wp-json\/wp\/v2\/product"}],"about":[{"href":"https:\/\/chilimag.hu\/webshop\/wp-json\/wp\/v2\/types\/product"}],"replies":[{"embeddable":true,"href":"https:\/\/chilimag.hu\/webshop\/wp-json\/wp\/v2\/comments?post=29702"}],"wp:featuredmedia":[{"embeddable":true,"href":"https:\/\/chilimag.hu\/webshop\/wp-json\/wp\/v2\/media\/29704"}],"wp:attachment":[{"href":"https:\/\/chilimag.hu\/webshop\/wp-json\/wp\/v2\/media?parent=29702"}],"wp:term":[{"taxonomy":"product_brand","embeddable":true,"href":"https:\/\/chilimag.hu\/webshop\/wp-json\/wp\/v2\/product_brand?post=29702"},{"taxonomy":"product_cat","embeddable":true,"href":"https:\/\/chilimag.hu\/webshop\/wp-json\/wp\/v2\/product_cat?post=29702"},{"taxonomy":"product_tag","embeddable":true,"href":"https:\/\/chilimag.hu\/webshop\/wp-json\/wp\/v2\/product_tag?post=29702"}],"curies":[{"name":"wp","href":"https:\/\/api.w.org\/{rel}","templated":true}]}}