{"id":29701,"date":"2024-02-15T19:11:38","date_gmt":"2024-02-15T19:11:38","guid":{"rendered":"https:\/\/chilimag.hu\/webshop\/?post_type=product&#038;p=29701"},"modified":"2026-03-31T12:32:29","modified_gmt":"2026-03-31T12:32:29","slug":"uborka-testy-king-f1-opal-bg","status":"publish","type":"product","link":"https:\/\/chilimag.hu\/webshop\/termek\/uborka-testy-king-f1-opal-bg\/","title":{"rendered":"Uborka Tasty Gold F1 Opal Bg"},"content":{"rendered":"","protected":false},"excerpt":{"rendered":"<p><img decoding=\"async\" src=\"https:\/\/opal-bg.com\/_next\/image?url=%2F_next%2Fstatic%2Fimage%2Fpublic%2Fimages%2Fhome%2Fnobg1.40d357a89f8aca58449177aa96e69e77.png&amp;w=256&amp;q=75\" srcset=\"https:\/\/opal-bg.com\/_next\/image?url=%2F_next%2Fstatic%2Fimage%2Fpublic%2Fimages%2Fhome%2Fnobg1.40d357a89f8aca58449177aa96e69e77.png&amp;w=96&amp;q=75 1x, https:\/\/opal-bg.com\/_next\/image?url=%2F_next%2Fstatic%2Fimage%2Fpublic%2Fimages%2Fhome%2Fnobg1.40d357a89f8aca58449177aa96e69e77.png&amp;w=256&amp;q=75 2x\" data-nimg=\"intrinsic\" \/><\/p>\n<p>Le\u00edr\u00e1s<\/p>\n<p>Tasty King F1 (25 mag) extra korai hossz\u00fa uborka, nagyon term\u0151, Tokita<\/p>\n<p>Kiszerel\u00e9s: 25 mag<\/p>\n<p>Tasty King F1 (Cucumis sativum l.) \u2013 rendk\u00edv\u00fcl korai uborkahibrid, er\u0151teljes n\u00f6v\u00e9ny, kiv\u00e1l\u00f3 min\u0151s\u00e9g\u0171 gy\u00fcm\u00f6lcs\u00f6t terem, s\u00f6t\u00e9tz\u00f6ld, sima h\u00e9j\u00fa, kis feh\u00e9r t\u00f6visekkel. Nagyon term\u00e9keny Az ide\u00e1lis betakar\u00edt\u00e1si id\u0151, amikor a term\u00e9sek el\u00e9rik a 28-32 cm-es hossz\u00fas\u00e1got. \u00e9s \u00e1tm\u00e9r\u0151je 3 cm. Liszttel szembeni ellen\u00e1ll\u00e1s, \u00dcvegh\u00e1zakban, szol\u00e1riumokban \u00e9s szabadf\u00f6ldi termeszt\u00e9shez.<\/p>\n<p>A csomag 25 szem magot tartalmaz<\/p>\n","protected":false},"featured_media":29909,"comment_status":"closed","ping_status":"closed","template":"","meta":[],"product_brand":[],"product_cat":[461],"product_tag":[],"class_list":{"0":"post-29701","1":"product","2":"type-product","3":"status-publish","4":"has-post-thumbnail","6":"product_cat-uborka-es-padlizsan-vetomagok-bolgar-opal-vetomagok","8":"first","9":"instock","10":"taxable","11":"shipping-taxable","12":"purchasable","13":"product-type-simple"},"_links":{"self":[{"href":"https:\/\/chilimag.hu\/webshop\/wp-json\/wp\/v2\/product\/29701","targetHints":{"allow":["GET"]}}],"collection":[{"href":"https:\/\/chilimag.hu\/webshop\/wp-json\/wp\/v2\/product"}],"about":[{"href":"https:\/\/chilimag.hu\/webshop\/wp-json\/wp\/v2\/types\/product"}],"replies":[{"embeddable":true,"href":"https:\/\/chilimag.hu\/webshop\/wp-json\/wp\/v2\/comments?post=29701"}],"wp:featuredmedia":[{"embeddable":true,"href":"https:\/\/chilimag.hu\/webshop\/wp-json\/wp\/v2\/media\/29909"}],"wp:attachment":[{"href":"https:\/\/chilimag.hu\/webshop\/wp-json\/wp\/v2\/media?parent=29701"}],"wp:term":[{"taxonomy":"product_brand","embeddable":true,"href":"https:\/\/chilimag.hu\/webshop\/wp-json\/wp\/v2\/product_brand?post=29701"},{"taxonomy":"product_cat","embeddable":true,"href":"https:\/\/chilimag.hu\/webshop\/wp-json\/wp\/v2\/product_cat?post=29701"},{"taxonomy":"product_tag","embeddable":true,"href":"https:\/\/chilimag.hu\/webshop\/wp-json\/wp\/v2\/product_tag?post=29701"}],"curies":[{"name":"wp","href":"https:\/\/api.w.org\/{rel}","templated":true}]}}