{"id":29685,"date":"2024-02-15T18:47:22","date_gmt":"2024-02-15T18:47:22","guid":{"rendered":"https:\/\/chilimag.hu\/webshop\/?post_type=product&#038;p=29685"},"modified":"2026-03-11T07:31:06","modified_gmt":"2026-03-11T07:31:06","slug":"uborka-beta-alfa-opal-bg","status":"publish","type":"product","link":"https:\/\/chilimag.hu\/webshop\/termek\/uborka-beta-alfa-opal-bg\/","title":{"rendered":"Uborka Beta Alfa Opal Bg"},"content":{"rendered":"","protected":false},"excerpt":{"rendered":"<p><img decoding=\"async\" src=\"https:\/\/opal-bg.com\/_next\/image?url=%2F_next%2Fstatic%2Fimage%2Fpublic%2Fimages%2Fhome%2Fnobg1.40d357a89f8aca58449177aa96e69e77.png&amp;w=256&amp;q=75\" srcset=\"https:\/\/opal-bg.com\/_next\/image?url=%2F_next%2Fstatic%2Fimage%2Fpublic%2Fimages%2Fhome%2Fnobg1.40d357a89f8aca58449177aa96e69e77.png&amp;w=96&amp;q=75 1x, https:\/\/opal-bg.com\/_next\/image?url=%2F_next%2Fstatic%2Fimage%2Fpublic%2Fimages%2Fhome%2Fnobg1.40d357a89f8aca58449177aa96e69e77.png&amp;w=256&amp;q=75 2x\" data-nimg=\"intrinsic\" \/><\/p>\n<p>Le\u00edr\u00e1s<\/p>\n<p>Beta Alfa f\u00e9lhossz\u00fa uborkamag 16-18 cm, f\u00e9lkorai, Op\u00e1l<\/p>\n<p>Kiszerel\u00e9s: kb 35 mag (1 gr)<\/p>\n<p>F\u00e9lkorai hibrid, nagyon term\u0151, k\u00f6zepes m\u00e9ret\u0171 uborka. Gy\u00fcm\u00f6lcsei hengeresek, z\u00f6ldek, sim\u00e1k, 18-20 cm hossz\u00faak, kiv\u00e1l\u00f3 \u00edz\u0171ek. Szabadf\u00f6ldi termeszt\u00e9sre \u00e9s polietil\u00e9n \u00fcvegh\u00e1zakban val\u00f3 termeszt\u00e9sre alkalmasak 45-50 nap.<\/p>\n<p>M\u0171szaki adatok:<\/p>\n<p>M\u00e9lys\u00e9ge 3-4 cm<br \/>\nKezd\u0151 vet\u00e9s: m\u00e1rcius 25-m\u00e1rcius 30., \u00e1prilis 20-m\u00e1jus 20., j\u00fanius 25-j\u00falius 5.<br \/>\nVet\u00e9smennyis\u00e9g 0,150-0,180 Kg\/hekt\u00e1r<br \/>\nA vet\u0151magb\u00f3l t\u00f6rt\u00e9n\u0151 termel\u00e9s t\u00edpusai<br \/>\n\u00c1ltal\u00e1noss\u00e1gok:<\/p>\n<p>28-35 magot tartalmaz grammonk\u00e9nt<br \/>\nS\u00falya 1 gramm<br \/>\n\u00dcltet\u00e9s m\u00e1rcius-j\u00falius<br \/>\nSz\u00fcret j\u00fanius-szeptember<br \/>\nVeget\u00e1ci\u00f3ja 45-50 nap<\/p>\n<p>A csomag 1 gr magot tartalmaz<\/p>\n","protected":false},"featured_media":29686,"comment_status":"closed","ping_status":"closed","template":"","meta":[],"product_brand":[],"product_cat":[461],"product_tag":[],"class_list":{"0":"post-29685","1":"product","2":"type-product","3":"status-publish","4":"has-post-thumbnail","6":"product_cat-uborka-es-padlizsan-vetomagok-bolgar-opal-vetomagok","8":"first","9":"instock","10":"taxable","11":"shipping-taxable","12":"purchasable","13":"product-type-simple"},"_links":{"self":[{"href":"https:\/\/chilimag.hu\/webshop\/wp-json\/wp\/v2\/product\/29685","targetHints":{"allow":["GET"]}}],"collection":[{"href":"https:\/\/chilimag.hu\/webshop\/wp-json\/wp\/v2\/product"}],"about":[{"href":"https:\/\/chilimag.hu\/webshop\/wp-json\/wp\/v2\/types\/product"}],"replies":[{"embeddable":true,"href":"https:\/\/chilimag.hu\/webshop\/wp-json\/wp\/v2\/comments?post=29685"}],"wp:featuredmedia":[{"embeddable":true,"href":"https:\/\/chilimag.hu\/webshop\/wp-json\/wp\/v2\/media\/29686"}],"wp:attachment":[{"href":"https:\/\/chilimag.hu\/webshop\/wp-json\/wp\/v2\/media?parent=29685"}],"wp:term":[{"taxonomy":"product_brand","embeddable":true,"href":"https:\/\/chilimag.hu\/webshop\/wp-json\/wp\/v2\/product_brand?post=29685"},{"taxonomy":"product_cat","embeddable":true,"href":"https:\/\/chilimag.hu\/webshop\/wp-json\/wp\/v2\/product_cat?post=29685"},{"taxonomy":"product_tag","embeddable":true,"href":"https:\/\/chilimag.hu\/webshop\/wp-json\/wp\/v2\/product_tag?post=29685"}],"curies":[{"name":"wp","href":"https:\/\/api.w.org\/{rel}","templated":true}]}}