{"id":29683,"date":"2024-02-15T18:45:32","date_gmt":"2024-02-15T18:45:32","guid":{"rendered":"https:\/\/chilimag.hu\/webshop\/?post_type=product&#038;p=29683"},"modified":"2026-02-24T21:28:33","modified_gmt":"2026-02-24T21:28:33","slug":"uborka-tessa-f1-opal-bg","status":"publish","type":"product","link":"https:\/\/chilimag.hu\/webshop\/termek\/uborka-tessa-f1-opal-bg\/","title":{"rendered":"Uborka Tessa F1 Opal Bg"},"content":{"rendered":"","protected":false},"excerpt":{"rendered":"<p><img decoding=\"async\" src=\"https:\/\/opal-bg.com\/_next\/image?url=%2F_next%2Fstatic%2Fimage%2Fpublic%2Fimages%2Fhome%2Fnobg1.40d357a89f8aca58449177aa96e69e77.png&amp;w=256&amp;q=75\" srcset=\"https:\/\/opal-bg.com\/_next\/image?url=%2F_next%2Fstatic%2Fimage%2Fpublic%2Fimages%2Fhome%2Fnobg1.40d357a89f8aca58449177aa96e69e77.png&amp;w=96&amp;q=75 1x, https:\/\/opal-bg.com\/_next\/image?url=%2F_next%2Fstatic%2Fimage%2Fpublic%2Fimages%2Fhome%2Fnobg1.40d357a89f8aca58449177aa96e69e77.png&amp;w=256&amp;q=75 2x\" data-nimg=\"intrinsic\" \/><\/p>\n<p>Le\u00edr\u00e1s<\/p>\n<p>Tessa F1 f\u00e9lhossz\u00fa uborkamag, 18 -22 cm, Op\u00e1l<\/p>\n<p>Csomagol\u00e1s: kb. 30 mag (1 g)<\/p>\n<p>Korai sal\u00e1tahibrid gy\u00fcm\u00f6lcs\u00f6kkel, 18-22 cm hossz\u00fa, keser\u0171 \u00edz nyomok n\u00e9lk\u00fcl, sima h\u00e9j\u00fa, intenz\u00edv z\u00f6ld, f\u00e9nyes \u00e9s puha. A magok kicsik, a h\u00fasos r\u00e9sz s\u0171r\u0171, l\u00e9d\u00fas \u00e9s puha.<\/p>\n<p>Ide\u00e1lis k\u00f6zvetlen fogyaszt\u00e1sra, h\u00e1moz\u00e1s n\u00e9lk\u00fcl, valamint sal\u00e1t\u00e1khoz vagy fagyaszt\u00e1shoz.<\/p>\n<p>Ennek a fajt\u00e1nak az alacsony fed\u0151 alatti termeszt\u00e9se gazdag \u00e9s j\u00f3 min\u0151s\u00e9g\u0171 term\u00e9st eredm\u00e9nyez.<\/p>\n<p>A veget\u00e1ci\u00f3s id\u0151szak 50 nap.<\/p>\n<p>M\u0171szaki adatok:<\/p>\n<p>M\u00e9lys\u00e9ge 3-4 cm<br \/>\nKezd\u0151 vet\u00e9s: m\u00e1rcius 25-m\u00e1rcius 30., \u00e1prilis 20-m\u00e1jus 20., j\u00fanius 25-j\u00falius 5.<br \/>\nVet\u00e9smennyis\u00e9g 0,150-0,180 Kg\/hekt\u00e1r<br \/>\nA vet\u0151magb\u00f3l t\u00f6rt\u00e9n\u0151 termel\u00e9s t\u00edpusai<br \/>\n\u00c1ltal\u00e1noss\u00e1gok:<\/p>\n<p>28-35 magot tartalmaz grammonk\u00e9nt<br \/>\nS\u00faly 1 gr<br \/>\n\u00dcltet\u00e9s m\u00e1rcius-j\u00falius<br \/>\nSz\u00fcret m\u00e1jus-november<br \/>\nVeget\u00e1ci\u00f3 50 nap<\/p>\n<p>A csomag 1 gr magot tartalmaz<\/p>\n","protected":false},"featured_media":29684,"comment_status":"closed","ping_status":"closed","template":"","meta":[],"product_brand":[],"product_cat":[461],"product_tag":[],"class_list":{"0":"post-29683","1":"product","2":"type-product","3":"status-publish","4":"has-post-thumbnail","6":"product_cat-uborka-es-padlizsan-vetomagok-bolgar-opal-vetomagok","8":"first","9":"instock","10":"taxable","11":"shipping-taxable","12":"purchasable","13":"product-type-simple"},"_links":{"self":[{"href":"https:\/\/chilimag.hu\/webshop\/wp-json\/wp\/v2\/product\/29683","targetHints":{"allow":["GET"]}}],"collection":[{"href":"https:\/\/chilimag.hu\/webshop\/wp-json\/wp\/v2\/product"}],"about":[{"href":"https:\/\/chilimag.hu\/webshop\/wp-json\/wp\/v2\/types\/product"}],"replies":[{"embeddable":true,"href":"https:\/\/chilimag.hu\/webshop\/wp-json\/wp\/v2\/comments?post=29683"}],"wp:featuredmedia":[{"embeddable":true,"href":"https:\/\/chilimag.hu\/webshop\/wp-json\/wp\/v2\/media\/29684"}],"wp:attachment":[{"href":"https:\/\/chilimag.hu\/webshop\/wp-json\/wp\/v2\/media?parent=29683"}],"wp:term":[{"taxonomy":"product_brand","embeddable":true,"href":"https:\/\/chilimag.hu\/webshop\/wp-json\/wp\/v2\/product_brand?post=29683"},{"taxonomy":"product_cat","embeddable":true,"href":"https:\/\/chilimag.hu\/webshop\/wp-json\/wp\/v2\/product_cat?post=29683"},{"taxonomy":"product_tag","embeddable":true,"href":"https:\/\/chilimag.hu\/webshop\/wp-json\/wp\/v2\/product_tag?post=29683"}],"curies":[{"name":"wp","href":"https:\/\/api.w.org\/{rel}","templated":true}]}}