{"id":29678,"date":"2024-02-15T18:38:56","date_gmt":"2024-02-15T18:38:56","guid":{"rendered":"https:\/\/chilimag.hu\/webshop\/?post_type=product&#038;p=29678"},"modified":"2026-04-02T02:17:27","modified_gmt":"2026-04-02T02:17:27","slug":"uborka-market-opal-bg","status":"publish","type":"product","link":"https:\/\/chilimag.hu\/webshop\/termek\/uborka-market-opal-bg\/","title":{"rendered":"Uborka Market F1 Opal Bg"},"content":{"rendered":"","protected":false},"excerpt":{"rendered":"<p><img decoding=\"async\" src=\"https:\/\/opal-bg.com\/_next\/image?url=%2F_next%2Fstatic%2Fimage%2Fpublic%2Fimages%2Fhome%2Fnobg1.40d357a89f8aca58449177aa96e69e77.png&amp;w=256&amp;q=75\" srcset=\"https:\/\/opal-bg.com\/_next\/image?url=%2F_next%2Fstatic%2Fimage%2Fpublic%2Fimages%2Fhome%2Fnobg1.40d357a89f8aca58449177aa96e69e77.png&amp;w=96&amp;q=75 1x, https:\/\/opal-bg.com\/_next\/image?url=%2F_next%2Fstatic%2Fimage%2Fpublic%2Fimages%2Fhome%2Fnobg1.40d357a89f8aca58449177aa96e69e77.png&amp;w=256&amp;q=75 2x\" data-nimg=\"intrinsic\" \/><\/p>\n<p>Le\u00edr\u00e1s<br \/>\n\u00c1tlagosan 21 cm nagys\u00e1g\u00fa uborka. Gy\u00fcm\u00f6lcsei s\u00f6t\u00e9tz\u00f6ldek, nem keser\u0171ek, \u00edz\u00fck kiv\u00e1l\u00f3. Szabadf\u00f6ldi \u00e9s polietil\u00e9n \u00fcvegh\u00e1zakban t\u00f6rt\u00e9n\u0151 termeszt\u00e9sre alkalmasak. Veget\u00e1ci\u00f3s id\u0151szak 60-98 nap.<br \/>\nMagok mennyis\u00e9ge zs\u00e1konk\u00e9nt: 70 mag &#8211; 2 gr<br \/>\nM\u0171szaki adatok:<br \/>\nM\u00e9lys\u00e9ge 3-4 cm<br \/>\nKezd\u0151 vet\u00e9s: m\u00e1rcius 25-m\u00e1rcius 30., \u00e1prilis 20-m\u00e1jus 20., j\u00fanius 25-j\u00falius 5.<br \/>\nVet\u00e9smennyis\u00e9g 0,150-0,180 Kg\/hekt\u00e1r<br \/>\nA vet\u0151magb\u00f3l t\u00f6rt\u00e9n\u0151 termel\u00e9s t\u00edpusai<br \/>\n\u00c1ltal\u00e1noss\u00e1gok:<br \/>\n30-35 magot tartalmaz grammonk\u00e9nt<br \/>\nS\u00falya 2 gramm<br \/>\n\u00dcltet\u00e9s m\u00e1rcius-j\u00falius<br \/>\nSz\u00fcret j\u00fanius-szeptember<br \/>\nVeget\u00e1ci\u00f3ja 60-68 nap<\/p>\n<p>A csomag 2 gr magot tartalmaz<\/p>\n","protected":false},"featured_media":29679,"comment_status":"closed","ping_status":"closed","template":"","meta":[],"product_brand":[],"product_cat":[461],"product_tag":[],"class_list":{"0":"post-29678","1":"product","2":"type-product","3":"status-publish","4":"has-post-thumbnail","6":"product_cat-uborka-es-padlizsan-vetomagok-bolgar-opal-vetomagok","8":"first","9":"instock","10":"taxable","11":"shipping-taxable","12":"purchasable","13":"product-type-simple"},"_links":{"self":[{"href":"https:\/\/chilimag.hu\/webshop\/wp-json\/wp\/v2\/product\/29678","targetHints":{"allow":["GET"]}}],"collection":[{"href":"https:\/\/chilimag.hu\/webshop\/wp-json\/wp\/v2\/product"}],"about":[{"href":"https:\/\/chilimag.hu\/webshop\/wp-json\/wp\/v2\/types\/product"}],"replies":[{"embeddable":true,"href":"https:\/\/chilimag.hu\/webshop\/wp-json\/wp\/v2\/comments?post=29678"}],"wp:featuredmedia":[{"embeddable":true,"href":"https:\/\/chilimag.hu\/webshop\/wp-json\/wp\/v2\/media\/29679"}],"wp:attachment":[{"href":"https:\/\/chilimag.hu\/webshop\/wp-json\/wp\/v2\/media?parent=29678"}],"wp:term":[{"taxonomy":"product_brand","embeddable":true,"href":"https:\/\/chilimag.hu\/webshop\/wp-json\/wp\/v2\/product_brand?post=29678"},{"taxonomy":"product_cat","embeddable":true,"href":"https:\/\/chilimag.hu\/webshop\/wp-json\/wp\/v2\/product_cat?post=29678"},{"taxonomy":"product_tag","embeddable":true,"href":"https:\/\/chilimag.hu\/webshop\/wp-json\/wp\/v2\/product_tag?post=29678"}],"curies":[{"name":"wp","href":"https:\/\/api.w.org\/{rel}","templated":true}]}}