{"id":29674,"date":"2024-02-15T18:11:07","date_gmt":"2024-02-15T18:11:07","guid":{"rendered":"https:\/\/chilimag.hu\/webshop\/?post_type=product&#038;p=29674"},"modified":"2026-03-02T20:51:11","modified_gmt":"2026-03-02T20:51:11","slug":"uborka-gergana-opal-bg","status":"publish","type":"product","link":"https:\/\/chilimag.hu\/webshop\/termek\/uborka-gergana-opal-bg\/","title":{"rendered":"Uborka Gergana Opal Bg"},"content":{"rendered":"","protected":false},"excerpt":{"rendered":"<p><img decoding=\"async\" src=\"https:\/\/opal-bg.com\/_next\/image?url=%2F_next%2Fstatic%2Fimage%2Fpublic%2Fimages%2Fhome%2Fnobg1.40d357a89f8aca58449177aa96e69e77.png&amp;w=256&amp;q=75\" srcset=\"https:\/\/opal-bg.com\/_next\/image?url=%2F_next%2Fstatic%2Fimage%2Fpublic%2Fimages%2Fhome%2Fnobg1.40d357a89f8aca58449177aa96e69e77.png&amp;w=96&amp;q=75 1x, https:\/\/opal-bg.com\/_next\/image?url=%2F_next%2Fstatic%2Fimage%2Fpublic%2Fimages%2Fhome%2Fnobg1.40d357a89f8aca58449177aa96e69e77.png&amp;w=256&amp;q=75 2x\" data-nimg=\"intrinsic\" \/><\/p>\n<p>Le\u00edr\u00e1s<\/p>\n<p>N\u00e9pszer\u0171 bolg\u00e1r sal\u00e1ta uborkafajta, alkalmas szabadf\u00f6ldi termeszt\u00e9sre \u00e9s polietil\u00e9n f\u00f3li\u00e1val fedett \u00fcvegh\u00e1zakban val\u00f3 termeszt\u00e9sre. Gy\u00fcm\u00f6lcsei s\u00f6t\u00e9tz\u00f6ldek, f\u00e9nyesek, ritka feket\u00e9k, 28-30 cm hossz\u00faak. Nagyj\u00e1b\u00f3l j\u00f3l t\u0171ri a hirtelen h\u0151m\u00e9rs\u00e9klet-v\u00e1ltoz\u00e1sokat. Kiv\u00e1l\u00f3 \u00edztulajdons\u00e1gokkal rendelkezik, keser\u0171 \u00edz nyomai n\u00e9lk\u00fcl.<\/p>\n<p>Korai fajta, buja n\u00f6veked\u00e9s\u0171, magas hozam\u00fa.<br \/>\n\u00c1tlags\u00falya 330 g, nincs keser\u0171s\u00e9g, s\u00f6t\u00e9tz\u00f6ld fel\u00fclet\u0171 f\u00e9nyes \u00e9s ritk\u00e1n elhelyezked\u0151 szem\u00f6lcs\u00f6k.<br \/>\nUborka mozaikt\u0171r\u0151, lisztez\u00e9sre k\u00f6zepesen \u00e9rz\u00e9keny, nem befoly\u00e1solja a hirtelen h\u0151m\u00e9rs\u00e9kletv\u00e1ltoz\u00e1s.<\/p>\n<p>Veget\u00e1ci\u00f3s id\u0151szak 57-60 nap (cs\u00edr\u00e1z\u00e1s).<br \/>\nSzabadt\u00e9ri termeszt\u00e9sre alkalmas m\u0171anyag \u00fcvegh\u00e1zak alatt.<br \/>\nVet\u00e9s m\u00e9rt\u00e9ke:<br \/>\n\u00fcvegh\u00e1zak &#8211; 120-130gr\/ha<br \/>\nszabadban &#8211; 150-250gr\/ha<br \/>\nPal\u00e1nt\u00e1kn\u00e1l 100 cm a sorok \u00e9s 60 cm a n\u00f6v\u00e9nyek k\u00f6z\u00f6tt.<br \/>\n\u00c1tlagos term\u00e9shozam 12-13 tonna hekt\u00e1ronk\u00e9nt.<br \/>\nM\u0171szaki adatok:<\/p>\n<p>M\u00e9lys\u00e9ge 3-4 cm<br \/>\nVet\u00e9s janu\u00e1r 25-t\u0151l (\u00fcvegh\u00e1zakban)<\/p>\n<p>A csomag 2 gr magot tartalmaz<\/p>\n","protected":false},"featured_media":29675,"comment_status":"closed","ping_status":"closed","template":"","meta":[],"product_brand":[],"product_cat":[461],"product_tag":[],"class_list":{"0":"post-29674","1":"product","2":"type-product","3":"status-publish","4":"has-post-thumbnail","6":"product_cat-uborka-es-padlizsan-vetomagok-bolgar-opal-vetomagok","8":"first","9":"instock","10":"taxable","11":"shipping-taxable","12":"purchasable","13":"product-type-simple"},"_links":{"self":[{"href":"https:\/\/chilimag.hu\/webshop\/wp-json\/wp\/v2\/product\/29674","targetHints":{"allow":["GET"]}}],"collection":[{"href":"https:\/\/chilimag.hu\/webshop\/wp-json\/wp\/v2\/product"}],"about":[{"href":"https:\/\/chilimag.hu\/webshop\/wp-json\/wp\/v2\/types\/product"}],"replies":[{"embeddable":true,"href":"https:\/\/chilimag.hu\/webshop\/wp-json\/wp\/v2\/comments?post=29674"}],"wp:featuredmedia":[{"embeddable":true,"href":"https:\/\/chilimag.hu\/webshop\/wp-json\/wp\/v2\/media\/29675"}],"wp:attachment":[{"href":"https:\/\/chilimag.hu\/webshop\/wp-json\/wp\/v2\/media?parent=29674"}],"wp:term":[{"taxonomy":"product_brand","embeddable":true,"href":"https:\/\/chilimag.hu\/webshop\/wp-json\/wp\/v2\/product_brand?post=29674"},{"taxonomy":"product_cat","embeddable":true,"href":"https:\/\/chilimag.hu\/webshop\/wp-json\/wp\/v2\/product_cat?post=29674"},{"taxonomy":"product_tag","embeddable":true,"href":"https:\/\/chilimag.hu\/webshop\/wp-json\/wp\/v2\/product_tag?post=29674"}],"curies":[{"name":"wp","href":"https:\/\/api.w.org\/{rel}","templated":true}]}}