{"id":29672,"date":"2024-02-15T18:08:57","date_gmt":"2024-02-15T18:08:57","guid":{"rendered":"https:\/\/chilimag.hu\/webshop\/?post_type=product&#038;p=29672"},"modified":"2026-02-28T15:22:34","modified_gmt":"2026-02-28T15:22:34","slug":"uborka-avangard-f1-opal-bg","status":"publish","type":"product","link":"https:\/\/chilimag.hu\/webshop\/termek\/uborka-avangard-f1-opal-bg\/","title":{"rendered":"Uborka Avangard F1 Opal Bg"},"content":{"rendered":"","protected":false},"excerpt":{"rendered":"<p><img decoding=\"async\" src=\"https:\/\/opal-bg.com\/_next\/image?url=%2F_next%2Fstatic%2Fimage%2Fpublic%2Fimages%2Fhome%2Fnobg1.40d357a89f8aca58449177aa96e69e77.png&amp;w=256&amp;q=75\" srcset=\"https:\/\/opal-bg.com\/_next\/image?url=%2F_next%2Fstatic%2Fimage%2Fpublic%2Fimages%2Fhome%2Fnobg1.40d357a89f8aca58449177aa96e69e77.png&amp;w=96&amp;q=75 1x, https:\/\/opal-bg.com\/_next\/image?url=%2F_next%2Fstatic%2Fimage%2Fpublic%2Fimages%2Fhome%2Fnobg1.40d357a89f8aca58449177aa96e69e77.png&amp;w=256&amp;q=75 2x\" data-nimg=\"intrinsic\" \/><\/p>\n<p>Le\u00edr\u00e1s<\/p>\n<p>Az Avangard F1 magas hozam\u00fa hossz\u00fa uborkamag kiv\u00e1l\u00f3 \u00edzzel az op\u00e1lb\u00f3l, egy hibrid, a gy\u00fcm\u00f6lcs\u00f6k s\u00f6t\u00e9tz\u00f6ldek, v\u00e9konyak, simaak, kis feh\u00e9r csom\u00f3kkal, finom \u00e1llag\u00faak. Kiv\u00e1l\u00f3an alkalmas polietil\u00e9n \u00fcvegh\u00e1zakba \u00e9s k\u00fclt\u00e9rre. A gy\u00fcm\u00f6lcs\u00f6k \u00e1tlagos hossza 26-36 cm. J\u00f3 ellen\u00e1ll\u00e1st k\u00e9pvisel a szok\u00e1sos uborkamozaikkal, liszttel \u00e9s kubai man\u00e1val szemben.<\/p>\n<p>Magok sz\u00e1ma zs\u00e1konk\u00e9nt: 25 mag<\/p>\n<p>M\u0171szaki adatok:<\/p>\n<p>M\u00e9lys\u00e9ge 2-3 cm<br \/>\nM\u00e1rcius 1. &#8211; m\u00e1rcius 30., \u00e1prilis 20. &#8211; m\u00e1jus 20., j\u00fanius 20. &#8211; j\u00falius 5.<br \/>\nVet\u00e9smennyis\u00e9g 0,150-0,200 Kg\/hekt\u00e1r<br \/>\nA vet\u0151magb\u00f3l t\u00f6rt\u00e9n\u0151 termel\u00e9s t\u00edpusai<br \/>\n\u00c1ltal\u00e1noss\u00e1gok:<\/p>\n<p>S\u00falya 1 gramm<br \/>\nM\u00e1rciusi \u00fcltet\u00e9s<br \/>\nSz\u00fcret j\u00fanius<br \/>\nVeget\u00e1ci\u00f3ja 55-61 nap<\/p>\n<p>A csomag 25 szem magot tartalmaz<\/p>\n","protected":false},"featured_media":29673,"comment_status":"closed","ping_status":"closed","template":"","meta":[],"product_brand":[],"product_cat":[461],"product_tag":[],"class_list":{"0":"post-29672","1":"product","2":"type-product","3":"status-publish","4":"has-post-thumbnail","6":"product_cat-uborka-es-padlizsan-vetomagok-bolgar-opal-vetomagok","8":"first","9":"instock","10":"taxable","11":"shipping-taxable","12":"purchasable","13":"product-type-simple"},"_links":{"self":[{"href":"https:\/\/chilimag.hu\/webshop\/wp-json\/wp\/v2\/product\/29672","targetHints":{"allow":["GET"]}}],"collection":[{"href":"https:\/\/chilimag.hu\/webshop\/wp-json\/wp\/v2\/product"}],"about":[{"href":"https:\/\/chilimag.hu\/webshop\/wp-json\/wp\/v2\/types\/product"}],"replies":[{"embeddable":true,"href":"https:\/\/chilimag.hu\/webshop\/wp-json\/wp\/v2\/comments?post=29672"}],"wp:featuredmedia":[{"embeddable":true,"href":"https:\/\/chilimag.hu\/webshop\/wp-json\/wp\/v2\/media\/29673"}],"wp:attachment":[{"href":"https:\/\/chilimag.hu\/webshop\/wp-json\/wp\/v2\/media?parent=29672"}],"wp:term":[{"taxonomy":"product_brand","embeddable":true,"href":"https:\/\/chilimag.hu\/webshop\/wp-json\/wp\/v2\/product_brand?post=29672"},{"taxonomy":"product_cat","embeddable":true,"href":"https:\/\/chilimag.hu\/webshop\/wp-json\/wp\/v2\/product_cat?post=29672"},{"taxonomy":"product_tag","embeddable":true,"href":"https:\/\/chilimag.hu\/webshop\/wp-json\/wp\/v2\/product_tag?post=29672"}],"curies":[{"name":"wp","href":"https:\/\/api.w.org\/{rel}","templated":true}]}}