{"id":29659,"date":"2024-02-15T17:00:59","date_gmt":"2024-02-15T17:00:59","guid":{"rendered":"https:\/\/chilimag.hu\/webshop\/?post_type=product&#038;p=29659"},"modified":"2026-03-01T08:42:34","modified_gmt":"2026-03-01T08:42:34","slug":"paradicsom-roma-opal-bg","status":"publish","type":"product","link":"https:\/\/chilimag.hu\/webshop\/termek\/paradicsom-roma-opal-bg\/","title":{"rendered":"Paradicsom Roma Opal Bg"},"content":{"rendered":"","protected":false},"excerpt":{"rendered":"<p><img decoding=\"async\" src=\"https:\/\/opal-bg.com\/_next\/image?url=%2F_next%2Fstatic%2Fimage%2Fpublic%2Fimages%2Fhome%2Fnobg1.40d357a89f8aca58449177aa96e69e77.png&amp;w=256&amp;q=75\" srcset=\"https:\/\/opal-bg.com\/_next\/image?url=%2F_next%2Fstatic%2Fimage%2Fpublic%2Fimages%2Fhome%2Fnobg1.40d357a89f8aca58449177aa96e69e77.png&amp;w=96&amp;q=75 1x, https:\/\/opal-bg.com\/_next\/image?url=%2F_next%2Fstatic%2Fimage%2Fpublic%2Fimages%2Fhome%2Fnobg1.40d357a89f8aca58449177aa96e69e77.png&amp;w=256&amp;q=75 2x\" data-nimg=\"intrinsic\" \/><\/p>\n<p>Roma sz\u00e1nt\u00f3f\u00f6ldi paradicsom magvak tart\u00f3s\u00edt\u00e1sra \u00e9s feldolgoz\u00e1sra.<\/p>\n<p>Sz\u00e1nt\u00f3f\u00f6ldi termeszt\u00e9sre sz\u00e1nt f\u00e9lkorai-k\u00e9s\u0151i determin\u00e1lt, nagyon term\u0151 fajta. Term\u00e9sei megny\u00faltak, \u00e1tlagosan 70-90 g t\u00f6meg\u0171ek, s\u00f6t\u00e9tv\u00f6r\u00f6s sz\u00edn\u0171ek, magas sz\u00e1razanyag- \u00e9s cukortartalm\u00faak. A fajta ellen\u00e1ll a sz\u00e1ll\u00edt\u00e1snak \u00e9s a t\u00e1rol\u00e1snak. P\u00fcr\u00e9k \u00e9s gy\u00fcm\u00f6lcslevek k\u00e9sz\u00edt\u00e9s\u00e9re alkalmas. Veget\u00e1ci\u00f3s id\u0151szak 110 nap.<\/p>\n<p>Vet\u00e9s ideje:<\/p>\n<p>&#8211; korai gy\u00e1rt\u00e1shoz janu\u00e1r 20-febru\u00e1r 25<\/p>\n<p>&#8211; f\u00e9lkorai gy\u00e1rt\u00e1shoz m\u00e1rcius 1-30<\/p>\n<p>&#8211; k\u00e9s\u0151i gy\u00e1rt\u00e1shoz \u00e1prilis 25-m\u00e1jus 10.<\/p>\n<p>Vet\u00e9sm\u00e9lys\u00e9g 1-3 cm.<\/p>\n<p>M\u0171szaki adatok:<\/p>\n<p>M\u00e9lys\u00e9ge 1-3 cm<br \/>\nVet\u00e9s: janu\u00e1r 20-febru\u00e1r 25., m\u00e1rcius 1-30, \u00e1prilis 25-m\u00e1jus 10.<br \/>\nA magvakb\u00f3l, pal\u00e1nt\u00e1kb\u00f3l t\u00f6rt\u00e9n\u0151 el\u0151\u00e1ll\u00edt\u00e1s fajt\u00e1i<br \/>\n\u00c1ltal\u00e1noss\u00e1gok:<\/p>\n<p>250-350 magot tartalmaz grammonk\u00e9nt<br \/>\n\u00dcltet\u00e9s m\u00e1rcius-j\u00fanius<br \/>\nSz\u00fcret j\u00fanius-szeptember<br \/>\nVeget\u00e1ci\u00f3 110 nap<\/p>\n<p>A csomag 1 gr magot tartalmaz<\/p>\n","protected":false},"featured_media":29660,"comment_status":"closed","ping_status":"closed","template":"","meta":[],"product_brand":[],"product_cat":[459],"product_tag":[],"class_list":{"0":"post-29659","1":"product","2":"type-product","3":"status-publish","4":"has-post-thumbnail","6":"product_cat-paradicsom-vetomagok-bolgar-opal-vetomagok","8":"first","9":"instock","10":"taxable","11":"shipping-taxable","12":"purchasable","13":"product-type-simple"},"_links":{"self":[{"href":"https:\/\/chilimag.hu\/webshop\/wp-json\/wp\/v2\/product\/29659","targetHints":{"allow":["GET"]}}],"collection":[{"href":"https:\/\/chilimag.hu\/webshop\/wp-json\/wp\/v2\/product"}],"about":[{"href":"https:\/\/chilimag.hu\/webshop\/wp-json\/wp\/v2\/types\/product"}],"replies":[{"embeddable":true,"href":"https:\/\/chilimag.hu\/webshop\/wp-json\/wp\/v2\/comments?post=29659"}],"wp:featuredmedia":[{"embeddable":true,"href":"https:\/\/chilimag.hu\/webshop\/wp-json\/wp\/v2\/media\/29660"}],"wp:attachment":[{"href":"https:\/\/chilimag.hu\/webshop\/wp-json\/wp\/v2\/media?parent=29659"}],"wp:term":[{"taxonomy":"product_brand","embeddable":true,"href":"https:\/\/chilimag.hu\/webshop\/wp-json\/wp\/v2\/product_brand?post=29659"},{"taxonomy":"product_cat","embeddable":true,"href":"https:\/\/chilimag.hu\/webshop\/wp-json\/wp\/v2\/product_cat?post=29659"},{"taxonomy":"product_tag","embeddable":true,"href":"https:\/\/chilimag.hu\/webshop\/wp-json\/wp\/v2\/product_tag?post=29659"}],"curies":[{"name":"wp","href":"https:\/\/api.w.org\/{rel}","templated":true}]}}