{"id":29657,"date":"2024-02-15T16:58:57","date_gmt":"2024-02-15T16:58:57","guid":{"rendered":"https:\/\/chilimag.hu\/webshop\/?post_type=product&#038;p=29657"},"modified":"2026-03-08T18:07:05","modified_gmt":"2026-03-08T18:07:05","slug":"paradicsom-rio-grande-opal-bg","status":"publish","type":"product","link":"https:\/\/chilimag.hu\/webshop\/termek\/paradicsom-rio-grande-opal-bg\/","title":{"rendered":"Paradicsom Rio Grande Opal Bg"},"content":{"rendered":"","protected":false},"excerpt":{"rendered":"<p><img decoding=\"async\" src=\"https:\/\/opal-bg.com\/_next\/image?url=%2F_next%2Fstatic%2Fimage%2Fpublic%2Fimages%2Fhome%2Fnobg1.40d357a89f8aca58449177aa96e69e77.png&amp;w=256&amp;q=75\" srcset=\"https:\/\/opal-bg.com\/_next\/image?url=%2F_next%2Fstatic%2Fimage%2Fpublic%2Fimages%2Fhome%2Fnobg1.40d357a89f8aca58449177aa96e69e77.png&amp;w=96&amp;q=75 1x, https:\/\/opal-bg.com\/_next\/image?url=%2F_next%2Fstatic%2Fimage%2Fpublic%2Fimages%2Fhome%2Fnobg1.40d357a89f8aca58449177aa96e69e77.png&amp;w=256&amp;q=75 2x\" data-nimg=\"intrinsic\" \/><\/p>\n<p>A Rio Grande paradicsom ov\u00e1lis, hossz\u00fak\u00e1s, kem\u00e9ny gy\u00fcm\u00f6lcs\u0171, intenz\u00edv v\u00f6r\u00f6s sz\u00edn\u0171 \u00e9s k\u00f6r\u00fclbel\u00fcl 90-120 gramm t\u00f6meg\u0171.<\/p>\n<p>Nagy mennyis\u00e9g\u0171 cukrot tartalmaz.<\/p>\n<p>A Rio Grande egy olyan paradicsomfajta, amely ellen\u00e1ll a Verticilium \u00e9s a Fusarium race 1-nek.<\/p>\n<p>Iparos\u00edt\u00e1sra sz\u00e1nj\u00e1k.<\/p>\n<p>A csomag 1 gr magot tartalmaz<\/p>\n","protected":false},"featured_media":29658,"comment_status":"closed","ping_status":"closed","template":"","meta":[],"product_brand":[],"product_cat":[459],"product_tag":[],"class_list":{"0":"post-29657","1":"product","2":"type-product","3":"status-publish","4":"has-post-thumbnail","6":"product_cat-paradicsom-vetomagok-bolgar-opal-vetomagok","8":"first","9":"instock","10":"taxable","11":"shipping-taxable","12":"purchasable","13":"product-type-simple"},"_links":{"self":[{"href":"https:\/\/chilimag.hu\/webshop\/wp-json\/wp\/v2\/product\/29657","targetHints":{"allow":["GET"]}}],"collection":[{"href":"https:\/\/chilimag.hu\/webshop\/wp-json\/wp\/v2\/product"}],"about":[{"href":"https:\/\/chilimag.hu\/webshop\/wp-json\/wp\/v2\/types\/product"}],"replies":[{"embeddable":true,"href":"https:\/\/chilimag.hu\/webshop\/wp-json\/wp\/v2\/comments?post=29657"}],"wp:featuredmedia":[{"embeddable":true,"href":"https:\/\/chilimag.hu\/webshop\/wp-json\/wp\/v2\/media\/29658"}],"wp:attachment":[{"href":"https:\/\/chilimag.hu\/webshop\/wp-json\/wp\/v2\/media?parent=29657"}],"wp:term":[{"taxonomy":"product_brand","embeddable":true,"href":"https:\/\/chilimag.hu\/webshop\/wp-json\/wp\/v2\/product_brand?post=29657"},{"taxonomy":"product_cat","embeddable":true,"href":"https:\/\/chilimag.hu\/webshop\/wp-json\/wp\/v2\/product_cat?post=29657"},{"taxonomy":"product_tag","embeddable":true,"href":"https:\/\/chilimag.hu\/webshop\/wp-json\/wp\/v2\/product_tag?post=29657"}],"curies":[{"name":"wp","href":"https:\/\/api.w.org\/{rel}","templated":true}]}}