{"id":29653,"date":"2024-02-15T16:54:45","date_gmt":"2024-02-15T16:54:45","guid":{"rendered":"https:\/\/chilimag.hu\/webshop\/?post_type=product&#038;p=29653"},"modified":"2026-02-21T14:05:29","modified_gmt":"2026-02-21T14:05:29","slug":"paradicsom-trapezitsa-opal-bg","status":"publish","type":"product","link":"https:\/\/chilimag.hu\/webshop\/termek\/paradicsom-trapezitsa-opal-bg\/","title":{"rendered":"Paradicsom Trapezitsa Opal Bg"},"content":{"rendered":"","protected":false},"excerpt":{"rendered":"<p><img decoding=\"async\" src=\"https:\/\/opal-bg.com\/_next\/image?url=%2F_next%2Fstatic%2Fimage%2Fpublic%2Fimages%2Fhome%2Fnobg1.40d357a89f8aca58449177aa96e69e77.png&amp;w=256&amp;q=75\" srcset=\"https:\/\/opal-bg.com\/_next\/image?url=%2F_next%2Fstatic%2Fimage%2Fpublic%2Fimages%2Fhome%2Fnobg1.40d357a89f8aca58449177aa96e69e77.png&amp;w=96&amp;q=75 1x, https:\/\/opal-bg.com\/_next\/image?url=%2F_next%2Fstatic%2Fimage%2Fpublic%2Fimages%2Fhome%2Fnobg1.40d357a89f8aca58449177aa96e69e77.png&amp;w=256&amp;q=75 2x\" data-nimg=\"intrinsic\" \/><\/p>\n<p>Hat\u00e1rozatlan n\u00f6veked\u00e9s\u0171 \u00e9s f\u00e9lkorai \u00e9r\u00e9s\u0171 paradicsomfajta.<\/p>\n<p>A bolg\u00e1r \u00e9tkez\u00e9si paradicsom kiemelkedik er\u0151s n\u00f6v\u00e9nyeikkel, vastag sz\u00e1raival \u00e9s nagyon j\u00f3l fejlett gy\u00f6kereivel. A lombozat is nagyon s\u0171r\u0171, s\u00f6t\u00e9tz\u00f6ld sz\u00edn\u0171.<\/p>\n<p>Ezt a fajt\u00e1t v\u00e9dett ter\u00fcleteken, de kertekben vagy sz\u00e1nt\u00f3f\u00f6ldeken is termesztik.<\/p>\n<p>A k\u00f6t\u00e9s nagyon j\u00f3, \u00edgy a termel\u00e9kenys\u00e9g magas.<\/p>\n<p>A \u00a0paradicsom gy\u00fcm\u00f6lcsei ide\u00e1lisak friss fogyaszt\u00e1sra, h\u00fasos p\u00e9p\u00fck van, \u00e9s teljesen \u00e9retten intenz\u00edv v\u00f6r\u00f6s sz\u00edn\u0171, \u00edze pedig az autentikus paradicsom\u00e9.<\/p>\n<p>A term\u00e9sek \u00e1tlagos t\u00f6mege 250-300 gramm, el\u0151ny\u00fck az egy\u00f6ntet\u0171s\u00e9g, valamint az, hogy szil\u00e1rd, nem repedezik.<\/p>\n<p>A bolg\u00e1r \u00e9tkez\u00e9si paradicsom ellen\u00e1ll\u00f3 \u00e9s toler\u00e1ns, t\u00f6bbek k\u00f6z\u00f6tt: doh\u00e1nymozaik, verticilian \u00e9s fusarian hervad\u00e1s, fekete folt, antracn\u00f3z.<\/p>\n<p>A csomag 1 gr magot tartalmaz<\/p>\n","protected":false},"featured_media":29654,"comment_status":"closed","ping_status":"closed","template":"","meta":[],"product_brand":[],"product_cat":[459],"product_tag":[],"class_list":{"0":"post-29653","1":"product","2":"type-product","3":"status-publish","4":"has-post-thumbnail","6":"product_cat-paradicsom-vetomagok-bolgar-opal-vetomagok","8":"first","9":"instock","10":"taxable","11":"shipping-taxable","12":"purchasable","13":"product-type-simple"},"_links":{"self":[{"href":"https:\/\/chilimag.hu\/webshop\/wp-json\/wp\/v2\/product\/29653","targetHints":{"allow":["GET"]}}],"collection":[{"href":"https:\/\/chilimag.hu\/webshop\/wp-json\/wp\/v2\/product"}],"about":[{"href":"https:\/\/chilimag.hu\/webshop\/wp-json\/wp\/v2\/types\/product"}],"replies":[{"embeddable":true,"href":"https:\/\/chilimag.hu\/webshop\/wp-json\/wp\/v2\/comments?post=29653"}],"wp:featuredmedia":[{"embeddable":true,"href":"https:\/\/chilimag.hu\/webshop\/wp-json\/wp\/v2\/media\/29654"}],"wp:attachment":[{"href":"https:\/\/chilimag.hu\/webshop\/wp-json\/wp\/v2\/media?parent=29653"}],"wp:term":[{"taxonomy":"product_brand","embeddable":true,"href":"https:\/\/chilimag.hu\/webshop\/wp-json\/wp\/v2\/product_brand?post=29653"},{"taxonomy":"product_cat","embeddable":true,"href":"https:\/\/chilimag.hu\/webshop\/wp-json\/wp\/v2\/product_cat?post=29653"},{"taxonomy":"product_tag","embeddable":true,"href":"https:\/\/chilimag.hu\/webshop\/wp-json\/wp\/v2\/product_tag?post=29653"}],"curies":[{"name":"wp","href":"https:\/\/api.w.org\/{rel}","templated":true}]}}