{"id":29645,"date":"2024-02-15T16:44:38","date_gmt":"2024-02-15T16:44:38","guid":{"rendered":"https:\/\/chilimag.hu\/webshop\/?post_type=product&#038;p=29645"},"modified":"2026-01-09T16:21:30","modified_gmt":"2026-01-09T16:21:30","slug":"paradicsom-elena-prima-opal-bg","status":"publish","type":"product","link":"https:\/\/chilimag.hu\/webshop\/termek\/paradicsom-elena-prima-opal-bg\/","title":{"rendered":"Paradicsom Elena prima F1 Opal Bg"},"content":{"rendered":"","protected":false},"excerpt":{"rendered":"<p><img decoding=\"async\" src=\"https:\/\/opal-bg.com\/_next\/image?url=%2F_next%2Fstatic%2Fimage%2Fpublic%2Fimages%2Fhome%2Fnobg1.40d357a89f8aca58449177aa96e69e77.png&amp;w=256&amp;q=75\" srcset=\"https:\/\/opal-bg.com\/_next\/image?url=%2F_next%2Fstatic%2Fimage%2Fpublic%2Fimages%2Fhome%2Fnobg1.40d357a89f8aca58449177aa96e69e77.png&amp;w=96&amp;q=75 1x, https:\/\/opal-bg.com\/_next\/image?url=%2F_next%2Fstatic%2Fimage%2Fpublic%2Fimages%2Fhome%2Fnobg1.40d357a89f8aca58449177aa96e69e77.png&amp;w=256&amp;q=75 2x\" data-nimg=\"intrinsic\" \/><\/p>\n<p>Le\u00edr\u00e1s<\/p>\n<p>Hat\u00e1rozott hibrid paradicsom , term\u0151, k\u00f6z\u00e9pkorai, bolg\u00e1r paradicsom, nagy term\u00e9ssel, kiv\u00e1l\u00f3 \u00edzzel. Sz\u00e1nt\u00f3f\u00f6ldi k\u00f6z\u00e9pkorai \u00e9s k\u00e9s\u0151i termeszt\u00e9sre alkalmas. Gy\u00fcm\u00f6lcsei lapos kerekek vagy kerekek, t\u00f6m\u00f6rek, kem\u00e9nyek, nem repedeznek, intenz\u00edv v\u00f6r\u00f6s sz\u00edn\u0171ek, \u00e1tlagos t\u00f6meg\u00fck 250-300 gramm. Ellen\u00e1ll a doh\u00e1nymozaiknak, a verticilian \u00e9s a fusarian hervad\u00e1snak, j\u00f3l toler\u00e1lja az altern\u00e1ri\u00e1t, a szept\u00f3ria, az antracn\u00f3zist \u00e9s a magas h\u0151m\u00e9rs\u00e9kletet.<\/p>\n<p>A csomagban l\u00e9v\u0151 magok sz\u00e1ma: 60 mag\/0,2 gramm<\/p>\n<p>M\u0171szaki adatok:<\/p>\n<p>M\u00e9lys\u00e9ge 1-1,5 cm<br \/>\nM\u00e1rcius 15-t\u0151l vet\u00e9s<br \/>\nVet\u00e9smennyis\u00e9g 25-30 gramm\/hekt\u00e1r<br \/>\nA magvakb\u00f3l, pal\u00e1nt\u00e1kb\u00f3l t\u00f6rt\u00e9n\u0151 el\u0151\u00e1ll\u00edt\u00e1s fajt\u00e1i<br \/>\n\u00c1ltal\u00e1noss\u00e1gok:<\/p>\n<p>250-300 magot tartalmaz grammonk\u00e9nt<br \/>\nS\u00falya 0,2 gramm<br \/>\n\u00dcltet\u00e9s m\u00e1rcius-\u00e1prilis<br \/>\nSz\u00fcret j\u00fanius-j\u00falius<br \/>\nVeget\u00e1ci\u00f3ja 100-105 nap<\/p>\n<p>A csomag 0,2 gr magot tartalmaz<\/p>\n","protected":false},"featured_media":29646,"comment_status":"closed","ping_status":"closed","template":"","meta":[],"product_brand":[],"product_cat":[459],"product_tag":[],"class_list":{"0":"post-29645","1":"product","2":"type-product","3":"status-publish","4":"has-post-thumbnail","6":"product_cat-paradicsom-vetomagok-bolgar-opal-vetomagok","8":"first","9":"instock","10":"taxable","11":"shipping-taxable","12":"purchasable","13":"product-type-simple"},"_links":{"self":[{"href":"https:\/\/chilimag.hu\/webshop\/wp-json\/wp\/v2\/product\/29645","targetHints":{"allow":["GET"]}}],"collection":[{"href":"https:\/\/chilimag.hu\/webshop\/wp-json\/wp\/v2\/product"}],"about":[{"href":"https:\/\/chilimag.hu\/webshop\/wp-json\/wp\/v2\/types\/product"}],"replies":[{"embeddable":true,"href":"https:\/\/chilimag.hu\/webshop\/wp-json\/wp\/v2\/comments?post=29645"}],"wp:featuredmedia":[{"embeddable":true,"href":"https:\/\/chilimag.hu\/webshop\/wp-json\/wp\/v2\/media\/29646"}],"wp:attachment":[{"href":"https:\/\/chilimag.hu\/webshop\/wp-json\/wp\/v2\/media?parent=29645"}],"wp:term":[{"taxonomy":"product_brand","embeddable":true,"href":"https:\/\/chilimag.hu\/webshop\/wp-json\/wp\/v2\/product_brand?post=29645"},{"taxonomy":"product_cat","embeddable":true,"href":"https:\/\/chilimag.hu\/webshop\/wp-json\/wp\/v2\/product_cat?post=29645"},{"taxonomy":"product_tag","embeddable":true,"href":"https:\/\/chilimag.hu\/webshop\/wp-json\/wp\/v2\/product_tag?post=29645"}],"curies":[{"name":"wp","href":"https:\/\/api.w.org\/{rel}","templated":true}]}}