{"id":29643,"date":"2024-02-15T16:41:48","date_gmt":"2024-02-15T16:41:48","guid":{"rendered":"https:\/\/chilimag.hu\/webshop\/?post_type=product&#038;p=29643"},"modified":"2026-04-01T19:34:30","modified_gmt":"2026-04-01T19:34:30","slug":"paradicsom-black-crime-opal-bg","status":"publish","type":"product","link":"https:\/\/chilimag.hu\/webshop\/termek\/paradicsom-black-crime-opal-bg\/","title":{"rendered":"Paradicsom Black crime Opal Bg"},"content":{"rendered":"","protected":false},"excerpt":{"rendered":"<p><img decoding=\"async\" src=\"https:\/\/opal-bg.com\/_next\/image?url=%2F_next%2Fstatic%2Fimage%2Fpublic%2Fimages%2Fhome%2Fnobg1.40d357a89f8aca58449177aa96e69e77.png&amp;w=256&amp;q=75\" srcset=\"https:\/\/opal-bg.com\/_next\/image?url=%2F_next%2Fstatic%2Fimage%2Fpublic%2Fimages%2Fhome%2Fnobg1.40d357a89f8aca58449177aa96e69e77.png&amp;w=96&amp;q=75 1x, https:\/\/opal-bg.com\/_next\/image?url=%2F_next%2Fstatic%2Fimage%2Fpublic%2Fimages%2Fhome%2Fnobg1.40d357a89f8aca58449177aa96e69e77.png&amp;w=256&amp;q=75 2x\" data-nimg=\"intrinsic\" \/><\/p>\n<p>Le\u00edr\u00e1s<\/p>\n<p>Kr\u00edmi fekete paradicsom, fekete b\u00edbor paradicsom magjai extra korai fajta, hat\u00e1rozatlan n\u00f6veked\u00e9s\u0171, er\u0151sen arom\u00e1s gy\u00fcm\u00f6lcs\u00f6k, op\u00e1l<\/p>\n<p>1 gramm k\u00f6r\u00fclbel\u00fcl 300 paradicsommagot tartalmaz.<\/p>\n<p>A fekete kr\u00edmi paradicsom a fekete paradicsom legr\u00e9gebbi \u00e9s legn\u00e9pszer\u0171bb fajt\u00e1ja, veget\u00e1ci\u00f3s ideje 75-80 nap.<\/p>\n<p>Ez a fajta 8-14 cm m\u00e9ret\u0171, sima, szab\u00e1lytalan, lap\u00edtott paradicsomot termel. Rendk\u00edv\u00fcl gazdag \u00edz\u0171ek \u00e9s nagyon l\u00e9d\u00fasak. Gy\u00fcm\u00f6lcsei k\u00f6zepes-nagyok, szeletekre, sal\u00e1t\u00e1kra, szendvicsekre kiv\u00e1l\u00f3ak.<\/p>\n<p>Ha van elegend\u0151 h\u0151, a sz\u00edn megk\u00f6zel\u00edti a feket\u00e9t; \u00e1ltal\u00e1ban s\u00f6t\u00e9tbarna-v\u00f6r\u00f6s\/lila.<\/p>\n<p>A n\u00f6v\u00e9nyek k\u00f6z\u00f6tti s\u0171r\u0171s\u00e9g &#8211; 40\/50 cm.<\/p>\n<p>A sorok k\u00f6z\u00f6tti t\u00e1vols\u00e1g &#8211; 60-70 cm.<\/p>\n<p>Ezeknek a paradicsomoknak sok f\u00e9nyre van sz\u00fcks\u00e9g\u00fck. Az ugarra \u00e9rve a n\u00f6v\u00e9nyeket legal\u00e1bb 10 napig nem szabad \u00f6nt\u00f6zni; nem csak finom gy\u00fcm\u00f6lcs\u00f6k jelennek meg, de sz\u00edn\u00fck is feler\u0151s\u00f6dik, ami azt a v\u00e1gyott feket\u00e9t eredm\u00e9nyezi.<\/p>\n<p>Ezt a fajt\u00e1t z\u00e1rt t\u00e9rben t\u00f6rt\u00e9n\u0151 termeszt\u00e9sre is aj\u00e1nljuk, csak a term\u00e9sei nem lesznek olyan feket\u00e9k, mint a szabadt\u00e9ren.<\/p>\n<p>A csomag 0,2 gr magot tartalmaz<\/p>\n","protected":false},"featured_media":29644,"comment_status":"closed","ping_status":"closed","template":"","meta":[],"product_brand":[],"product_cat":[459],"product_tag":[],"class_list":{"0":"post-29643","1":"product","2":"type-product","3":"status-publish","4":"has-post-thumbnail","6":"product_cat-paradicsom-vetomagok-bolgar-opal-vetomagok","8":"first","9":"instock","10":"taxable","11":"shipping-taxable","12":"purchasable","13":"product-type-simple"},"_links":{"self":[{"href":"https:\/\/chilimag.hu\/webshop\/wp-json\/wp\/v2\/product\/29643","targetHints":{"allow":["GET"]}}],"collection":[{"href":"https:\/\/chilimag.hu\/webshop\/wp-json\/wp\/v2\/product"}],"about":[{"href":"https:\/\/chilimag.hu\/webshop\/wp-json\/wp\/v2\/types\/product"}],"replies":[{"embeddable":true,"href":"https:\/\/chilimag.hu\/webshop\/wp-json\/wp\/v2\/comments?post=29643"}],"wp:featuredmedia":[{"embeddable":true,"href":"https:\/\/chilimag.hu\/webshop\/wp-json\/wp\/v2\/media\/29644"}],"wp:attachment":[{"href":"https:\/\/chilimag.hu\/webshop\/wp-json\/wp\/v2\/media?parent=29643"}],"wp:term":[{"taxonomy":"product_brand","embeddable":true,"href":"https:\/\/chilimag.hu\/webshop\/wp-json\/wp\/v2\/product_brand?post=29643"},{"taxonomy":"product_cat","embeddable":true,"href":"https:\/\/chilimag.hu\/webshop\/wp-json\/wp\/v2\/product_cat?post=29643"},{"taxonomy":"product_tag","embeddable":true,"href":"https:\/\/chilimag.hu\/webshop\/wp-json\/wp\/v2\/product_tag?post=29643"}],"curies":[{"name":"wp","href":"https:\/\/api.w.org\/{rel}","templated":true}]}}