{"id":29641,"date":"2024-02-15T16:39:09","date_gmt":"2024-02-15T16:39:09","guid":{"rendered":"https:\/\/chilimag.hu\/webshop\/?post_type=product&#038;p=29641"},"modified":"2026-01-09T16:19:03","modified_gmt":"2026-01-09T16:19:03","slug":"paradicsom-volsko-sertse-oxheart-opal-bg","status":"publish","type":"product","link":"https:\/\/chilimag.hu\/webshop\/termek\/paradicsom-volsko-sertse-oxheart-opal-bg\/","title":{"rendered":"Paradicsom Volsko sartse Oxheart Opal Bg"},"content":{"rendered":"","protected":false},"excerpt":{"rendered":"<p><img decoding=\"async\" src=\"https:\/\/opal-bg.com\/_next\/image?url=%2F_next%2Fstatic%2Fimage%2Fpublic%2Fimages%2Fhome%2Fnobg1.40d357a89f8aca58449177aa96e69e77.png&amp;w=256&amp;q=75\" srcset=\"https:\/\/opal-bg.com\/_next\/image?url=%2F_next%2Fstatic%2Fimage%2Fpublic%2Fimages%2Fhome%2Fnobg1.40d357a89f8aca58449177aa96e69e77.png&amp;w=96&amp;q=75 1x, https:\/\/opal-bg.com\/_next\/image?url=%2F_next%2Fstatic%2Fimage%2Fpublic%2Fimages%2Fhome%2Fnobg1.40d357a89f8aca58449177aa96e69e77.png&amp;w=256&amp;q=75 2x\" data-nimg=\"intrinsic\" \/><\/p>\n<p>Hossz\u00fak\u00e1s term\u00e9ssel \u00e9s hat\u00e1rozott n\u00f6veked\u00e9ssel, szabadf\u00f6ldi termeszt\u00e9sre. A gy\u00fcm\u00f6lcs\u00f6k h\u00fasosak, toj\u00e1s alak\u00faak, j\u00f3 szil\u00e1rds\u00e1g\u00faak, k\u00f6nnyen sz\u00e1ll\u00edthat\u00f3k nagy t\u00e1vols\u00e1gokra.<\/p>\n<p>A paradicsom \u00e1tlagos t\u00f6mege 120-140 gramm, kiv\u00e1l\u00f3 bels\u0151 \u00e9s k\u00fcls\u0151 sz\u00ednnel. A n\u00f6v\u00e9ny er\u0151s n\u00f6veked\u00e9s\u0171, f\u00e9lig t\u00f6m\u00f6r, \u00e9s nagyon magas hozamot k\u00edn\u00e1l.<\/p>\n<p>A TSWV-vel szembeni rezisztencia lehet\u0151s\u00e9get ad\u00a0arra, hogy kiv\u00e1l\u00f3an teljes\u00edtsen olyan ter\u00fcleteken, ahol a bronzfolt v\u00edrus probl\u00e9m\u00e1t jelent.<\/p>\n<p>A gy\u00fcm\u00f6lcsk\u00f6t\u00e9s nagyon magas h\u0151m\u00e9rs\u00e9kleten is kiv\u00e1l\u00f3.<\/p>\n<p>A csomag 0,2 gr magot tartalmaz<\/p>\n","protected":false},"featured_media":29642,"comment_status":"closed","ping_status":"closed","template":"","meta":[],"product_brand":[],"product_cat":[459],"product_tag":[],"class_list":{"0":"post-29641","1":"product","2":"type-product","3":"status-publish","4":"has-post-thumbnail","6":"product_cat-paradicsom-vetomagok-bolgar-opal-vetomagok","8":"first","9":"instock","10":"taxable","11":"shipping-taxable","12":"purchasable","13":"product-type-simple"},"_links":{"self":[{"href":"https:\/\/chilimag.hu\/webshop\/wp-json\/wp\/v2\/product\/29641","targetHints":{"allow":["GET"]}}],"collection":[{"href":"https:\/\/chilimag.hu\/webshop\/wp-json\/wp\/v2\/product"}],"about":[{"href":"https:\/\/chilimag.hu\/webshop\/wp-json\/wp\/v2\/types\/product"}],"replies":[{"embeddable":true,"href":"https:\/\/chilimag.hu\/webshop\/wp-json\/wp\/v2\/comments?post=29641"}],"wp:featuredmedia":[{"embeddable":true,"href":"https:\/\/chilimag.hu\/webshop\/wp-json\/wp\/v2\/media\/29642"}],"wp:attachment":[{"href":"https:\/\/chilimag.hu\/webshop\/wp-json\/wp\/v2\/media?parent=29641"}],"wp:term":[{"taxonomy":"product_brand","embeddable":true,"href":"https:\/\/chilimag.hu\/webshop\/wp-json\/wp\/v2\/product_brand?post=29641"},{"taxonomy":"product_cat","embeddable":true,"href":"https:\/\/chilimag.hu\/webshop\/wp-json\/wp\/v2\/product_cat?post=29641"},{"taxonomy":"product_tag","embeddable":true,"href":"https:\/\/chilimag.hu\/webshop\/wp-json\/wp\/v2\/product_tag?post=29641"}],"curies":[{"name":"wp","href":"https:\/\/api.w.org\/{rel}","templated":true}]}}