{"id":29639,"date":"2024-02-15T16:32:51","date_gmt":"2024-02-15T16:32:51","guid":{"rendered":"https:\/\/chilimag.hu\/webshop\/?post_type=product&#038;p=29639"},"modified":"2026-03-02T20:51:11","modified_gmt":"2026-03-02T20:51:11","slug":"paradicsom-faworyt-opal-bg","status":"publish","type":"product","link":"https:\/\/chilimag.hu\/webshop\/termek\/paradicsom-faworyt-opal-bg\/","title":{"rendered":"Paradicsom Favorit Opal Bg"},"content":{"rendered":"","protected":false},"excerpt":{"rendered":"<p><img decoding=\"async\" src=\"https:\/\/opal-bg.com\/_next\/image?url=%2F_next%2Fstatic%2Fimage%2Fpublic%2Fimages%2Fhome%2Fnobg1.40d357a89f8aca58449177aa96e69e77.png&amp;w=256&amp;q=75\" srcset=\"https:\/\/opal-bg.com\/_next\/image?url=%2F_next%2Fstatic%2Fimage%2Fpublic%2Fimages%2Fhome%2Fnobg1.40d357a89f8aca58449177aa96e69e77.png&amp;w=96&amp;q=75 1x, https:\/\/opal-bg.com\/_next\/image?url=%2F_next%2Fstatic%2Fimage%2Fpublic%2Fimages%2Fhome%2Fnobg1.40d357a89f8aca58449177aa96e69e77.png&amp;w=256&amp;q=75 2x\" data-nimg=\"intrinsic\" \/><\/p>\n<p>A Faworyt paradicsom \u00e1tlagos korai, hat\u00e1rozatlan fejl\u0151d\u00e9s\u0171, nagyon term\u0151 fajta, \u00fcvegh\u00e1zban, szol\u00e1riumban termeszthet\u0151, pal\u00e1nkol\u00e1sra alkalmas sz\u00e1lon \u00e9s arakon.<\/p>\n<p>A n\u00f6v\u00e9ny nagyon j\u00f3 \u00e9leter\u0151t mutat, gyors n\u00f6veked\u00e9s\u0171, j\u00f3l fejlett, f\u00e9lig l\u00e9gies lombozattal.<\/p>\n<p>Gy\u00fcm\u00f6lcse h\u00fasos, &#8222;Marha&#8221; t\u00edpus\u00fa, 250 \u00e9s 400 gramm k\u00f6z\u00f6tti, reped\u00e9s\u00e1ll\u00f3s\u00e1ga j\u00f3. A term\u00e9s sz\u00edne intenz\u00edv, m\u00e1ln\u00e1s-r\u00f3zsasz\u00edn. A Faworyt paradicsomnak nincs z\u00f6ld kalapja, a p\u00e9p piros, t\u00f6m\u00e9ny, finom \u00e9s l\u00e9d\u00fas szerkezet\u0171, \u00edze pedig kiv\u00e1l\u00f3.<\/p>\n<p>Ennek a fajt\u00e1nak a tulajdons\u00e1gai friss fogyaszt\u00e1sra aj\u00e1nlj\u00e1k.<\/p>\n<p>A csomag 0,2 gr magot tartalmaz<\/p>\n","protected":false},"featured_media":29640,"comment_status":"closed","ping_status":"closed","template":"","meta":[],"product_brand":[],"product_cat":[459],"product_tag":[],"class_list":{"0":"post-29639","1":"product","2":"type-product","3":"status-publish","4":"has-post-thumbnail","6":"product_cat-paradicsom-vetomagok-bolgar-opal-vetomagok","8":"first","9":"instock","10":"taxable","11":"shipping-taxable","12":"purchasable","13":"product-type-simple"},"_links":{"self":[{"href":"https:\/\/chilimag.hu\/webshop\/wp-json\/wp\/v2\/product\/29639","targetHints":{"allow":["GET"]}}],"collection":[{"href":"https:\/\/chilimag.hu\/webshop\/wp-json\/wp\/v2\/product"}],"about":[{"href":"https:\/\/chilimag.hu\/webshop\/wp-json\/wp\/v2\/types\/product"}],"replies":[{"embeddable":true,"href":"https:\/\/chilimag.hu\/webshop\/wp-json\/wp\/v2\/comments?post=29639"}],"wp:featuredmedia":[{"embeddable":true,"href":"https:\/\/chilimag.hu\/webshop\/wp-json\/wp\/v2\/media\/29640"}],"wp:attachment":[{"href":"https:\/\/chilimag.hu\/webshop\/wp-json\/wp\/v2\/media?parent=29639"}],"wp:term":[{"taxonomy":"product_brand","embeddable":true,"href":"https:\/\/chilimag.hu\/webshop\/wp-json\/wp\/v2\/product_brand?post=29639"},{"taxonomy":"product_cat","embeddable":true,"href":"https:\/\/chilimag.hu\/webshop\/wp-json\/wp\/v2\/product_cat?post=29639"},{"taxonomy":"product_tag","embeddable":true,"href":"https:\/\/chilimag.hu\/webshop\/wp-json\/wp\/v2\/product_tag?post=29639"}],"curies":[{"name":"wp","href":"https:\/\/api.w.org\/{rel}","templated":true}]}}