{"id":29620,"date":"2024-02-15T06:40:00","date_gmt":"2024-02-15T06:40:00","guid":{"rendered":"https:\/\/chilimag.hu\/webshop\/?post_type=product&#038;p=29620"},"modified":"2026-03-02T15:28:05","modified_gmt":"2026-03-02T15:28:05","slug":"paradicsom-homestead-opal-bg","status":"publish","type":"product","link":"https:\/\/chilimag.hu\/webshop\/termek\/paradicsom-homestead-opal-bg\/","title":{"rendered":"Paradicsom Homestead Opal Bg"},"content":{"rendered":"","protected":false},"excerpt":{"rendered":"<p>Egy r\u00f3zsasz\u00edn\u0171 paradicsomfajta, hat\u00e1rozatlan n\u00f6veked\u00e9ssel \u00e9s f\u00e9lkorai \u00e9retts\u00e9ggel. A gy\u00fcm\u00f6lcs\u00f6k kiv\u00e1l\u00f3 \u00edz\u0171ek, 500 gramm \u00e9s 1 kilogramm k\u00f6z\u00f6tti s\u00falyt is el\u00e9rhetnek. K\u00fcl\u00f6n\u00f6sen alkalmasak friss fogyaszt\u00e1sra, de feldolgoz\u00e1sra is.<\/p>\n<p>A csomag 0,2 gr magot tartalmaz<\/p>\n","protected":false},"featured_media":29623,"comment_status":"closed","ping_status":"closed","template":"","meta":[],"product_brand":[],"product_cat":[459],"product_tag":[],"class_list":{"0":"post-29620","1":"product","2":"type-product","3":"status-publish","4":"has-post-thumbnail","6":"product_cat-paradicsom-vetomagok-bolgar-opal-vetomagok","8":"first","9":"outofstock","10":"taxable","11":"shipping-taxable","12":"purchasable","13":"product-type-simple"},"_links":{"self":[{"href":"https:\/\/chilimag.hu\/webshop\/wp-json\/wp\/v2\/product\/29620","targetHints":{"allow":["GET"]}}],"collection":[{"href":"https:\/\/chilimag.hu\/webshop\/wp-json\/wp\/v2\/product"}],"about":[{"href":"https:\/\/chilimag.hu\/webshop\/wp-json\/wp\/v2\/types\/product"}],"replies":[{"embeddable":true,"href":"https:\/\/chilimag.hu\/webshop\/wp-json\/wp\/v2\/comments?post=29620"}],"wp:featuredmedia":[{"embeddable":true,"href":"https:\/\/chilimag.hu\/webshop\/wp-json\/wp\/v2\/media\/29623"}],"wp:attachment":[{"href":"https:\/\/chilimag.hu\/webshop\/wp-json\/wp\/v2\/media?parent=29620"}],"wp:term":[{"taxonomy":"product_brand","embeddable":true,"href":"https:\/\/chilimag.hu\/webshop\/wp-json\/wp\/v2\/product_brand?post=29620"},{"taxonomy":"product_cat","embeddable":true,"href":"https:\/\/chilimag.hu\/webshop\/wp-json\/wp\/v2\/product_cat?post=29620"},{"taxonomy":"product_tag","embeddable":true,"href":"https:\/\/chilimag.hu\/webshop\/wp-json\/wp\/v2\/product_tag?post=29620"}],"curies":[{"name":"wp","href":"https:\/\/api.w.org\/{rel}","templated":true}]}}