{"id":29606,"date":"2024-02-14T19:53:17","date_gmt":"2024-02-14T19:53:17","guid":{"rendered":"https:\/\/chilimag.hu\/webshop\/?post_type=product&#038;p=29606"},"modified":"2026-01-12T18:29:09","modified_gmt":"2026-01-12T18:29:09","slug":"paradicsom-harmonia-opal-bg","status":"publish","type":"product","link":"https:\/\/chilimag.hu\/webshop\/termek\/paradicsom-harmonia-opal-bg\/","title":{"rendered":"Paradicsom Harmonia Opal Bg"},"content":{"rendered":"","protected":false},"excerpt":{"rendered":"<p><img decoding=\"async\" src=\"https:\/\/opal-bg.com\/_next\/image?url=%2F_next%2Fstatic%2Fimage%2Fpublic%2Fimages%2Fhome%2Fnobg1.40d357a89f8aca58449177aa96e69e77.png&amp;w=256&amp;q=75\" srcset=\"https:\/\/opal-bg.com\/_next\/image?url=%2F_next%2Fstatic%2Fimage%2Fpublic%2Fimages%2Fhome%2Fnobg1.40d357a89f8aca58449177aa96e69e77.png&amp;w=96&amp;q=75 1x, https:\/\/opal-bg.com\/_next\/image?url=%2F_next%2Fstatic%2Fimage%2Fpublic%2Fimages%2Fhome%2Fnobg1.40d357a89f8aca58449177aa96e69e77.png&amp;w=256&amp;q=75 2x\" data-nimg=\"intrinsic\" \/><\/p>\n<p>Le\u00edr\u00e1s<\/p>\n<p>A Harmonia paradicsom \u00a0bolg\u00e1r , friss fogyaszt\u00e1sra sz\u00e1nt, szabadf\u00f6ldi termeszt\u00e9sre alkalmas n\u00f6v\u00e9ny. Egy emeleten 4-5 term\u00e9ssel er\u0151teljes n\u00f6v\u00e9nyt alkot. Gy\u00fcm\u00f6lcsei kerekek, pirosak, h\u00fasosak, nagyok: t\u00f6meg\u00fck 300-500 gramm, nagyon j\u00f3 \u00edz\u0171ek. A n\u00f6v\u00e9nyt arrakkal kell al\u00e1t\u00e1masztani. Vet\u0151mennyis\u00e9g &#8211; 25-30 gramm\/1000 m\u00e9ter<\/p>\n<p>Magok sz\u00e1ma 60 mag (0,2 gr)<\/p>\n<p>M\u0171szaki adatok<\/p>\n<p>piros sz\u00edn<br \/>\nA gy\u00fcm\u00f6lcs s\u00falya 300-500 gramm<br \/>\nVet\u0151mennyis\u00e9g 25-30 gramm\/1000 m\u00e9ter<br \/>\n\u00c1ttekint\u00e9s<br \/>\n0,2 grammot tartalmaz<\/p>\n<p>A csomag 2 gr magot tartalmaz<\/p>\n","protected":false},"featured_media":29607,"comment_status":"closed","ping_status":"closed","template":"","meta":[],"product_brand":[],"product_cat":[459],"product_tag":[],"class_list":{"0":"post-29606","1":"product","2":"type-product","3":"status-publish","4":"has-post-thumbnail","6":"product_cat-paradicsom-vetomagok-bolgar-opal-vetomagok","8":"first","9":"instock","10":"taxable","11":"shipping-taxable","12":"purchasable","13":"product-type-simple"},"_links":{"self":[{"href":"https:\/\/chilimag.hu\/webshop\/wp-json\/wp\/v2\/product\/29606","targetHints":{"allow":["GET"]}}],"collection":[{"href":"https:\/\/chilimag.hu\/webshop\/wp-json\/wp\/v2\/product"}],"about":[{"href":"https:\/\/chilimag.hu\/webshop\/wp-json\/wp\/v2\/types\/product"}],"replies":[{"embeddable":true,"href":"https:\/\/chilimag.hu\/webshop\/wp-json\/wp\/v2\/comments?post=29606"}],"wp:featuredmedia":[{"embeddable":true,"href":"https:\/\/chilimag.hu\/webshop\/wp-json\/wp\/v2\/media\/29607"}],"wp:attachment":[{"href":"https:\/\/chilimag.hu\/webshop\/wp-json\/wp\/v2\/media?parent=29606"}],"wp:term":[{"taxonomy":"product_brand","embeddable":true,"href":"https:\/\/chilimag.hu\/webshop\/wp-json\/wp\/v2\/product_brand?post=29606"},{"taxonomy":"product_cat","embeddable":true,"href":"https:\/\/chilimag.hu\/webshop\/wp-json\/wp\/v2\/product_cat?post=29606"},{"taxonomy":"product_tag","embeddable":true,"href":"https:\/\/chilimag.hu\/webshop\/wp-json\/wp\/v2\/product_tag?post=29606"}],"curies":[{"name":"wp","href":"https:\/\/api.w.org\/{rel}","templated":true}]}}