{"id":29604,"date":"2024-02-14T19:50:49","date_gmt":"2024-02-14T19:50:49","guid":{"rendered":"https:\/\/chilimag.hu\/webshop\/?post_type=product&#038;p=29604"},"modified":"2026-03-22T06:55:59","modified_gmt":"2026-03-22T06:55:59","slug":"paradicsom-giant-red-opal-bg","status":"publish","type":"product","link":"https:\/\/chilimag.hu\/webshop\/termek\/paradicsom-giant-red-opal-bg\/","title":{"rendered":"Paradicsom Giant Red Opal Bg"},"content":{"rendered":"","protected":false},"excerpt":{"rendered":"<p><img decoding=\"async\" src=\"https:\/\/opal-bg.com\/_next\/image?url=%2F_next%2Fstatic%2Fimage%2Fpublic%2Fimages%2Fhome%2Fnobg1.40d357a89f8aca58449177aa96e69e77.png&amp;w=256&amp;q=75\" srcset=\"https:\/\/opal-bg.com\/_next\/image?url=%2F_next%2Fstatic%2Fimage%2Fpublic%2Fimages%2Fhome%2Fnobg1.40d357a89f8aca58449177aa96e69e77.png&amp;w=96&amp;q=75 1x, https:\/\/opal-bg.com\/_next\/image?url=%2F_next%2Fstatic%2Fimage%2Fpublic%2Fimages%2Fhome%2Fnobg1.40d357a89f8aca58449177aa96e69e77.png&amp;w=256&amp;q=75 2x\" data-nimg=\"intrinsic\" \/><\/p>\n<p>Az OPAL c\u00e9g term\u00e9kcsal\u00e1dj\u00e1nak Giant Red paradicsomfajta egy &#8222;\u00f3ri\u00e1s&#8221; paradicsomfajta, amely nagym\u00e9ret\u0171, 800 grammos \u00e1tlagos t\u00f6meg\u0171 paradicsomot terem.<\/p>\n<p>A n\u00f6v\u00e9ny n\u00f6veked\u00e9se hat\u00e1rozatlan, \u00e1tlagos korai, szabadf\u00f6ldi termeszt\u00e9sre is alkalmas \u00e9s nem csak (szol\u00e1riumban is meg\u00e1llja a hely\u00e9t).<\/p>\n<p>Ennek a fajt\u00e1nak a term\u00e9se t\u00f6bbkamr\u00e1s, s\u0171r\u0171, k\u00f6zepes kem\u00e9nys\u00e9g\u0171, h\u00fasos, az \u00f3ri\u00e1sparadicsomra jellemz\u0151 kiv\u00e1l\u00f3 \u00edz\u0171.<\/p>\n<p>A fajta friss fogyaszt\u00e1sra, de feldolgoz\u00e1sra is alkalmas.<\/p>\n<p>A csomag 0,2 gr magot tartalmaz<\/p>\n","protected":false},"featured_media":29605,"comment_status":"closed","ping_status":"closed","template":"","meta":[],"product_brand":[],"product_cat":[459],"product_tag":[],"class_list":{"0":"post-29604","1":"product","2":"type-product","3":"status-publish","4":"has-post-thumbnail","6":"product_cat-paradicsom-vetomagok-bolgar-opal-vetomagok","8":"first","9":"instock","10":"taxable","11":"shipping-taxable","12":"purchasable","13":"product-type-simple"},"_links":{"self":[{"href":"https:\/\/chilimag.hu\/webshop\/wp-json\/wp\/v2\/product\/29604","targetHints":{"allow":["GET"]}}],"collection":[{"href":"https:\/\/chilimag.hu\/webshop\/wp-json\/wp\/v2\/product"}],"about":[{"href":"https:\/\/chilimag.hu\/webshop\/wp-json\/wp\/v2\/types\/product"}],"replies":[{"embeddable":true,"href":"https:\/\/chilimag.hu\/webshop\/wp-json\/wp\/v2\/comments?post=29604"}],"wp:featuredmedia":[{"embeddable":true,"href":"https:\/\/chilimag.hu\/webshop\/wp-json\/wp\/v2\/media\/29605"}],"wp:attachment":[{"href":"https:\/\/chilimag.hu\/webshop\/wp-json\/wp\/v2\/media?parent=29604"}],"wp:term":[{"taxonomy":"product_brand","embeddable":true,"href":"https:\/\/chilimag.hu\/webshop\/wp-json\/wp\/v2\/product_brand?post=29604"},{"taxonomy":"product_cat","embeddable":true,"href":"https:\/\/chilimag.hu\/webshop\/wp-json\/wp\/v2\/product_cat?post=29604"},{"taxonomy":"product_tag","embeddable":true,"href":"https:\/\/chilimag.hu\/webshop\/wp-json\/wp\/v2\/product_tag?post=29604"}],"curies":[{"name":"wp","href":"https:\/\/api.w.org\/{rel}","templated":true}]}}