{"id":29591,"date":"2024-02-14T19:33:39","date_gmt":"2024-02-14T19:33:39","guid":{"rendered":"https:\/\/chilimag.hu\/webshop\/?post_type=product&#038;p=29591"},"modified":"2026-02-04T12:27:44","modified_gmt":"2026-02-04T12:27:44","slug":"paradicsom-rozova-magia-magie-roz-opal-bg","status":"publish","type":"product","link":"https:\/\/chilimag.hu\/webshop\/termek\/paradicsom-rozova-magia-magie-roz-opal-bg\/","title":{"rendered":"Paradicsom Rozova magia (Magie Roz) Opal Bg"},"content":{"rendered":"","protected":false},"excerpt":{"rendered":"<p><img decoding=\"async\" src=\"https:\/\/opal-bg.com\/_next\/image?url=%2F_next%2Fstatic%2Fimage%2Fpublic%2Fimages%2Fhome%2Fnobg1.40d357a89f8aca58449177aa96e69e77.png&amp;w=256&amp;q=75\" srcset=\"https:\/\/opal-bg.com\/_next\/image?url=%2F_next%2Fstatic%2Fimage%2Fpublic%2Fimages%2Fhome%2Fnobg1.40d357a89f8aca58449177aa96e69e77.png&amp;w=96&amp;q=75 1x, https:\/\/opal-bg.com\/_next\/image?url=%2F_next%2Fstatic%2Fimage%2Fpublic%2Fimages%2Fhome%2Fnobg1.40d357a89f8aca58449177aa96e69e77.png&amp;w=256&amp;q=75 2x\" data-nimg=\"intrinsic\" \/><\/p>\n<p>A Magie Roz paradicsomot k\u00fcl\u00f6nb\u00f6z\u0151 \u00e9ghajlati viszonyok k\u00f6z\u00f6tt j\u00f3 eredm\u00e9nyek jellemzik, belt\u00e9ren \u00e9s k\u00fclt\u00e9ren egyar\u00e1nt, ez a fajta kiv\u00e1l\u00f3 \u00edz\u0171 r\u00f3zsasz\u00edn paradicsomot ad.<\/p>\n<p>A n\u00f6v\u00e9ny hat\u00e1rozatlan n\u00f6veked\u00e9s\u0171, \u00e1tlagos korai, term\u00e9sei h\u00fasosak, kiv\u00e1l\u00f3 \u00edz\u0171ek, \u00e1tlagosan 400-500 gramm feletti t\u00f6meggel.<\/p>\n<p>Megfelel\u0151 gondoz\u00e1s mellett a Rozova Magia paradicsom s\u00falya meghaladja az 1 kilogrammot.<\/p>\n<p>Annak ellen\u00e9re, hogy a Magie Roz paradicsom nagy m\u00e9ret\u0171, ellen\u00e1ll a sz\u00e1ll\u00edt\u00e1snak, \u00e9s kem\u00e9nyebb a h\u00e9ja, mint a t\u00f6bbi fajt\u00e1nak, ami seg\u00edt a gazd\u00e1lkod\u00f3knak, mert hosszabb ideig meg\u0151rzik kereskedelmi megjelen\u00e9s\u00fcket.<\/p>\n<p>A csomag 0,2 gr magot tartalmaz<\/p>\n","protected":false},"featured_media":29596,"comment_status":"closed","ping_status":"closed","template":"","meta":[],"product_brand":[],"product_cat":[459],"product_tag":[],"class_list":{"0":"post-29591","1":"product","2":"type-product","3":"status-publish","4":"has-post-thumbnail","6":"product_cat-paradicsom-vetomagok-bolgar-opal-vetomagok","8":"first","9":"instock","10":"taxable","11":"shipping-taxable","12":"purchasable","13":"product-type-simple"},"_links":{"self":[{"href":"https:\/\/chilimag.hu\/webshop\/wp-json\/wp\/v2\/product\/29591","targetHints":{"allow":["GET"]}}],"collection":[{"href":"https:\/\/chilimag.hu\/webshop\/wp-json\/wp\/v2\/product"}],"about":[{"href":"https:\/\/chilimag.hu\/webshop\/wp-json\/wp\/v2\/types\/product"}],"replies":[{"embeddable":true,"href":"https:\/\/chilimag.hu\/webshop\/wp-json\/wp\/v2\/comments?post=29591"}],"wp:featuredmedia":[{"embeddable":true,"href":"https:\/\/chilimag.hu\/webshop\/wp-json\/wp\/v2\/media\/29596"}],"wp:attachment":[{"href":"https:\/\/chilimag.hu\/webshop\/wp-json\/wp\/v2\/media?parent=29591"}],"wp:term":[{"taxonomy":"product_brand","embeddable":true,"href":"https:\/\/chilimag.hu\/webshop\/wp-json\/wp\/v2\/product_brand?post=29591"},{"taxonomy":"product_cat","embeddable":true,"href":"https:\/\/chilimag.hu\/webshop\/wp-json\/wp\/v2\/product_cat?post=29591"},{"taxonomy":"product_tag","embeddable":true,"href":"https:\/\/chilimag.hu\/webshop\/wp-json\/wp\/v2\/product_tag?post=29591"}],"curies":[{"name":"wp","href":"https:\/\/api.w.org\/{rel}","templated":true}]}}