{"id":29577,"date":"2024-02-14T13:21:22","date_gmt":"2024-02-14T13:21:22","guid":{"rendered":"https:\/\/chilimag.hu\/webshop\/?post_type=product&#038;p=29577"},"modified":"2026-01-02T18:55:08","modified_gmt":"2026-01-02T18:55:08","slug":"paprika-vlad-ag-profi","status":"publish","type":"product","link":"https:\/\/chilimag.hu\/webshop\/termek\/paprika-vlad-ag-profi\/","title":{"rendered":"Paprika Vlad Ag Profi"},"content":{"rendered":"","protected":false},"excerpt":{"rendered":"<p>Teny\u00e9szideje 140-145 nap. Paradicsom alak\u00fa term\u00e9sei nagyok, s\u00edm\u00e1k, 3-4 rekeszesek. Vastag h\u00fas\u00fa. S\u00f6t\u00e9t Z\u00f6ldb\u0151l pirosba \u00e9rik. B\u0151term\u0151.<br \/>\n2000 szem \/ csomag<\/p>\n","protected":false},"featured_media":29578,"comment_status":"closed","ping_status":"closed","template":"","meta":[],"product_brand":[],"product_cat":[187],"product_tag":[],"class_list":{"0":"post-29577","1":"product","2":"type-product","3":"status-publish","4":"has-post-thumbnail","6":"product_cat-agrosel-profi-vetomagok","8":"first","9":"outofstock","10":"taxable","11":"shipping-taxable","12":"purchasable","13":"product-type-simple"},"_links":{"self":[{"href":"https:\/\/chilimag.hu\/webshop\/wp-json\/wp\/v2\/product\/29577","targetHints":{"allow":["GET"]}}],"collection":[{"href":"https:\/\/chilimag.hu\/webshop\/wp-json\/wp\/v2\/product"}],"about":[{"href":"https:\/\/chilimag.hu\/webshop\/wp-json\/wp\/v2\/types\/product"}],"replies":[{"embeddable":true,"href":"https:\/\/chilimag.hu\/webshop\/wp-json\/wp\/v2\/comments?post=29577"}],"wp:featuredmedia":[{"embeddable":true,"href":"https:\/\/chilimag.hu\/webshop\/wp-json\/wp\/v2\/media\/29578"}],"wp:attachment":[{"href":"https:\/\/chilimag.hu\/webshop\/wp-json\/wp\/v2\/media?parent=29577"}],"wp:term":[{"taxonomy":"product_brand","embeddable":true,"href":"https:\/\/chilimag.hu\/webshop\/wp-json\/wp\/v2\/product_brand?post=29577"},{"taxonomy":"product_cat","embeddable":true,"href":"https:\/\/chilimag.hu\/webshop\/wp-json\/wp\/v2\/product_cat?post=29577"},{"taxonomy":"product_tag","embeddable":true,"href":"https:\/\/chilimag.hu\/webshop\/wp-json\/wp\/v2\/product_tag?post=29577"}],"curies":[{"name":"wp","href":"https:\/\/api.w.org\/{rel}","templated":true}]}}