{"id":29532,"date":"2024-02-13T19:53:15","date_gmt":"2024-02-13T19:53:15","guid":{"rendered":"https:\/\/chilimag.hu\/webshop\/?post_type=product&#038;p=29532"},"modified":"2024-02-13T19:53:15","modified_gmt":"2024-02-13T19:53:15","slug":"madarhalo-4x6-m","status":"publish","type":"product","link":"https:\/\/chilimag.hu\/webshop\/termek\/madarhalo-4x6-m\/","title":{"rendered":"Mad\u00e1rh\u00e1l\u00f3 4&#215;6 m"},"content":{"rendered":"","protected":false},"excerpt":{"rendered":"","protected":false},"featured_media":29533,"comment_status":"closed","ping_status":"closed","template":"","meta":[],"product_brand":[],"product_cat":[340],"product_tag":[],"class_list":{"0":"post-29532","1":"product","2":"type-product","3":"status-publish","4":"has-post-thumbnail","6":"product_cat-kartevo-csapdak","8":"first","9":"instock","10":"taxable","11":"shipping-taxable","12":"purchasable","13":"product-type-variable"},"_links":{"self":[{"href":"https:\/\/chilimag.hu\/webshop\/wp-json\/wp\/v2\/product\/29532","targetHints":{"allow":["GET"]}}],"collection":[{"href":"https:\/\/chilimag.hu\/webshop\/wp-json\/wp\/v2\/product"}],"about":[{"href":"https:\/\/chilimag.hu\/webshop\/wp-json\/wp\/v2\/types\/product"}],"replies":[{"embeddable":true,"href":"https:\/\/chilimag.hu\/webshop\/wp-json\/wp\/v2\/comments?post=29532"}],"wp:featuredmedia":[{"embeddable":true,"href":"https:\/\/chilimag.hu\/webshop\/wp-json\/wp\/v2\/media\/29533"}],"wp:attachment":[{"href":"https:\/\/chilimag.hu\/webshop\/wp-json\/wp\/v2\/media?parent=29532"}],"wp:term":[{"taxonomy":"product_brand","embeddable":true,"href":"https:\/\/chilimag.hu\/webshop\/wp-json\/wp\/v2\/product_brand?post=29532"},{"taxonomy":"product_cat","embeddable":true,"href":"https:\/\/chilimag.hu\/webshop\/wp-json\/wp\/v2\/product_cat?post=29532"},{"taxonomy":"product_tag","embeddable":true,"href":"https:\/\/chilimag.hu\/webshop\/wp-json\/wp\/v2\/product_tag?post=29532"}],"curies":[{"name":"wp","href":"https:\/\/api.w.org\/{rel}","templated":true}]}}