{"id":29525,"date":"2024-02-13T19:33:30","date_gmt":"2024-02-13T19:33:30","guid":{"rendered":"https:\/\/chilimag.hu\/webshop\/?post_type=product&#038;p=29525"},"modified":"2026-04-17T15:36:19","modified_gmt":"2026-04-17T15:36:19","slug":"madarriaszto-spiral-22-x-20-cm-3-darab","status":"publish","type":"product","link":"https:\/\/chilimag.hu\/webshop\/termek\/madarriaszto-spiral-22-x-20-cm-3-darab\/","title":{"rendered":"Mad\u00e1rriaszt\u00f3 spir\u00e1l, 22 x 20 cm, 3 darab"},"content":{"rendered":"","protected":false},"excerpt":{"rendered":"<div class=\"info-table info-table-row ng-star-inserted\">\n<div class=\"info-table-cell label\">Mad\u00e1rvez\u00e9rl\u0151 spir\u00e1l, 22 x 20 cm, 3 darab<br \/>\nAnyag: m\u0171anyag<\/div>\n<\/div>\n<div class=\"info-table info-table-row ng-star-inserted\">\n<div class=\"info-table-cell label\"><\/div>\n<\/div>\n","protected":false},"featured_media":29526,"comment_status":"closed","ping_status":"closed","template":"","meta":[],"product_brand":[],"product_cat":[340],"product_tag":[],"class_list":{"0":"post-29525","1":"product","2":"type-product","3":"status-publish","4":"has-post-thumbnail","6":"product_cat-kartevo-csapdak","8":"first","9":"instock","10":"taxable","11":"shipping-taxable","12":"purchasable","13":"product-type-simple"},"_links":{"self":[{"href":"https:\/\/chilimag.hu\/webshop\/wp-json\/wp\/v2\/product\/29525","targetHints":{"allow":["GET"]}}],"collection":[{"href":"https:\/\/chilimag.hu\/webshop\/wp-json\/wp\/v2\/product"}],"about":[{"href":"https:\/\/chilimag.hu\/webshop\/wp-json\/wp\/v2\/types\/product"}],"replies":[{"embeddable":true,"href":"https:\/\/chilimag.hu\/webshop\/wp-json\/wp\/v2\/comments?post=29525"}],"wp:featuredmedia":[{"embeddable":true,"href":"https:\/\/chilimag.hu\/webshop\/wp-json\/wp\/v2\/media\/29526"}],"wp:attachment":[{"href":"https:\/\/chilimag.hu\/webshop\/wp-json\/wp\/v2\/media?parent=29525"}],"wp:term":[{"taxonomy":"product_brand","embeddable":true,"href":"https:\/\/chilimag.hu\/webshop\/wp-json\/wp\/v2\/product_brand?post=29525"},{"taxonomy":"product_cat","embeddable":true,"href":"https:\/\/chilimag.hu\/webshop\/wp-json\/wp\/v2\/product_cat?post=29525"},{"taxonomy":"product_tag","embeddable":true,"href":"https:\/\/chilimag.hu\/webshop\/wp-json\/wp\/v2\/product_tag?post=29525"}],"curies":[{"name":"wp","href":"https:\/\/api.w.org\/{rel}","templated":true}]}}