{"id":29489,"date":"2024-02-13T09:56:40","date_gmt":"2024-02-13T09:56:40","guid":{"rendered":"https:\/\/chilimag.hu\/webshop\/?post_type=product&#038;p=29489"},"modified":"2026-03-30T14:19:34","modified_gmt":"2026-03-30T14:19:34","slug":"allithato-nyaku-zsebes-gyerek-kerti-koteny-4-fele-szinben-kg240","status":"publish","type":"product","link":"https:\/\/chilimag.hu\/webshop\/termek\/allithato-nyaku-zsebes-gyerek-kerti-koteny-4-fele-szinben-kg240\/","title":{"rendered":"\u00c1ll\u00edthat\u00f3 nyak\u00fa, zsebes gyerek kerti k\u00f6t\u00e9ny 4 f\u00e9le sz\u00ednben KG240"},"content":{"rendered":"","protected":false},"excerpt":{"rendered":"<p>\u00c1ll\u00edthat\u00f3 nyak\u00fa, zsebes gyerek kerti k\u00f6t\u00e9ny. A sz\u00ednes, strapab\u00edr\u00f3 k\u00f6t\u00e9ny \u00e1ll\u00edthat\u00f3 nyakkal k\u00e9sz\u00fclt, \u00edgy t\u00f6bb \u00e9ven kereszt\u00fcl \u00f6r\u00fclhet neki szorgos kis tulajdonosa! A vid\u00e1m mint\u00e1k garant\u00e1ltan meghozz\u00e1k<br \/>\na kedvet a legkisebbek sz\u00e1m\u00e1ra is a kerti munk\u00e1hoz! N\u00e9zd ezt a sok \u00f3ri\u00e1si zsebet &#8211; a szersz\u00e1mokon k\u00edv\u00fcl a kertben gy\u0171jt\u00f6tt kincseknek is b\u0151ven lesz benn\u00fck hely!<\/p>\n<p>&nbsp;<\/p>\n<p>M\u00e9rete: magass\u00e1g: 56,5\u00a0cm, sz\u00e9less\u00e9g: 36\u00a0cm, hossz\u00fas\u00e1g: 0,5\u00a0cm<\/p>\n","protected":false},"featured_media":29490,"comment_status":"closed","ping_status":"closed","template":"","meta":[],"product_brand":[],"product_cat":[421],"product_tag":[],"class_list":{"0":"post-29489","1":"product","2":"type-product","3":"status-publish","4":"has-post-thumbnail","6":"product_cat-gyerek-kerteszet","8":"first","9":"instock","10":"taxable","11":"shipping-taxable","12":"purchasable","13":"product-type-variable"},"_links":{"self":[{"href":"https:\/\/chilimag.hu\/webshop\/wp-json\/wp\/v2\/product\/29489","targetHints":{"allow":["GET"]}}],"collection":[{"href":"https:\/\/chilimag.hu\/webshop\/wp-json\/wp\/v2\/product"}],"about":[{"href":"https:\/\/chilimag.hu\/webshop\/wp-json\/wp\/v2\/types\/product"}],"replies":[{"embeddable":true,"href":"https:\/\/chilimag.hu\/webshop\/wp-json\/wp\/v2\/comments?post=29489"}],"wp:featuredmedia":[{"embeddable":true,"href":"https:\/\/chilimag.hu\/webshop\/wp-json\/wp\/v2\/media\/29490"}],"wp:attachment":[{"href":"https:\/\/chilimag.hu\/webshop\/wp-json\/wp\/v2\/media?parent=29489"}],"wp:term":[{"taxonomy":"product_brand","embeddable":true,"href":"https:\/\/chilimag.hu\/webshop\/wp-json\/wp\/v2\/product_brand?post=29489"},{"taxonomy":"product_cat","embeddable":true,"href":"https:\/\/chilimag.hu\/webshop\/wp-json\/wp\/v2\/product_cat?post=29489"},{"taxonomy":"product_tag","embeddable":true,"href":"https:\/\/chilimag.hu\/webshop\/wp-json\/wp\/v2\/product_tag?post=29489"}],"curies":[{"name":"wp","href":"https:\/\/api.w.org\/{rel}","templated":true}]}}