{"id":29481,"date":"2024-02-13T09:46:40","date_gmt":"2024-02-13T09:46:40","guid":{"rendered":"https:\/\/chilimag.hu\/webshop\/?post_type=product&#038;p=29481"},"modified":"2025-03-08T11:20:42","modified_gmt":"2025-03-08T11:20:42","slug":"gyerek-kerti-szerszam-szett-katica-beka-mehecske-kg268","status":"publish","type":"product","link":"https:\/\/chilimag.hu\/webshop\/termek\/gyerek-kerti-szerszam-szett-katica-beka-mehecske-kg268\/","title":{"rendered":"Gyerek kerti szersz\u00e1m szett, katica, b\u00e9ka, m\u00e9hecske KG268"},"content":{"rendered":"","protected":false},"excerpt":{"rendered":"<p>Gyerek kerti szersz\u00e1m szett, katica, b\u00e9ka, m\u00e9hecske markolattal. H\u00e1rom r\u00e9szes kerti eszk\u00f6z szett, melyben a legfontosabb szersz\u00e1mok most m\u00f3k\u00e1s k\u00fcls\u0151t \u00f6lt\u00f6ttek! A sz\u00ednes gereblye, k\u00e9zi \u00e1s\u00f3 \u00e9s az \u00fcltet\u0151villa a legkisebbeket is a kertbe csalogatja, \u00e9s a j\u00e1tsz\u00f3t\u00e9ren is biztos\u00edtj\u00e1k a vid\u00e1m perceket! A gyerekm\u00e9ret\u0171 kerti szersz\u00e1mok markolat\u00e1nak kialak\u00edt\u00e1sa k\u00e9nyelmes, biztos fog\u00e1st biztos\u00edt a kis kezek sz\u00e1m\u00e1ra.<\/p>\n<p>&nbsp;<\/p>\n<p>M\u00e9rete: magass\u00e1g: 17,8 \/ 18,8 \/ 20,7 cm, sz\u00e9less\u00e9g: 8,0 \/ 7,7 \/ 7,1\u00a0cm, hossz\u00fas\u00e1g: 3,8 \/ 3,0 \/ 3,3 cm<\/p>\n","protected":false},"featured_media":29482,"comment_status":"closed","ping_status":"closed","template":"","meta":[],"product_brand":[],"product_cat":[421],"product_tag":[],"class_list":{"0":"post-29481","1":"product","2":"type-product","3":"status-publish","4":"has-post-thumbnail","6":"product_cat-gyerek-kerteszet","8":"first","9":"instock","10":"taxable","11":"shipping-taxable","12":"purchasable","13":"product-type-simple"},"_links":{"self":[{"href":"https:\/\/chilimag.hu\/webshop\/wp-json\/wp\/v2\/product\/29481","targetHints":{"allow":["GET"]}}],"collection":[{"href":"https:\/\/chilimag.hu\/webshop\/wp-json\/wp\/v2\/product"}],"about":[{"href":"https:\/\/chilimag.hu\/webshop\/wp-json\/wp\/v2\/types\/product"}],"replies":[{"embeddable":true,"href":"https:\/\/chilimag.hu\/webshop\/wp-json\/wp\/v2\/comments?post=29481"}],"wp:featuredmedia":[{"embeddable":true,"href":"https:\/\/chilimag.hu\/webshop\/wp-json\/wp\/v2\/media\/29482"}],"wp:attachment":[{"href":"https:\/\/chilimag.hu\/webshop\/wp-json\/wp\/v2\/media?parent=29481"}],"wp:term":[{"taxonomy":"product_brand","embeddable":true,"href":"https:\/\/chilimag.hu\/webshop\/wp-json\/wp\/v2\/product_brand?post=29481"},{"taxonomy":"product_cat","embeddable":true,"href":"https:\/\/chilimag.hu\/webshop\/wp-json\/wp\/v2\/product_cat?post=29481"},{"taxonomy":"product_tag","embeddable":true,"href":"https:\/\/chilimag.hu\/webshop\/wp-json\/wp\/v2\/product_tag?post=29481"}],"curies":[{"name":"wp","href":"https:\/\/api.w.org\/{rel}","templated":true}]}}