{"id":29461,"date":"2024-02-13T07:55:25","date_gmt":"2024-02-13T07:55:25","guid":{"rendered":"https:\/\/chilimag.hu\/webshop\/?post_type=product&#038;p=29461"},"modified":"2024-02-13T07:55:25","modified_gmt":"2024-02-13T07:55:25","slug":"muanyag-gyerek-talicska-kg215","status":"publish","type":"product","link":"https:\/\/chilimag.hu\/webshop\/termek\/muanyag-gyerek-talicska-kg215\/","title":{"rendered":"M\u0171anyag gyerek talicska KG215"},"content":{"rendered":"","protected":false},"excerpt":{"rendered":"<p>M\u0171anyagb\u00f3l k\u00e9sz\u00fclt talicska gyerekeknek z\u00f6ld sz\u00ednben.<\/p>\n<p>M\u00e9rete: magass\u00e1g: 19,5 cm, sz\u00e9less\u00e9g: 65,8 cm, m\u00e9lys\u00e9g: 28,4<\/p>\n","protected":false},"featured_media":29462,"comment_status":"closed","ping_status":"closed","template":"","meta":[],"product_brand":[],"product_cat":[421],"product_tag":[],"class_list":{"0":"post-29461","1":"product","2":"type-product","3":"status-publish","4":"has-post-thumbnail","6":"product_cat-gyerek-kerteszet","8":"first","9":"instock","10":"taxable","11":"shipping-taxable","12":"purchasable","13":"product-type-simple"},"_links":{"self":[{"href":"https:\/\/chilimag.hu\/webshop\/wp-json\/wp\/v2\/product\/29461","targetHints":{"allow":["GET"]}}],"collection":[{"href":"https:\/\/chilimag.hu\/webshop\/wp-json\/wp\/v2\/product"}],"about":[{"href":"https:\/\/chilimag.hu\/webshop\/wp-json\/wp\/v2\/types\/product"}],"replies":[{"embeddable":true,"href":"https:\/\/chilimag.hu\/webshop\/wp-json\/wp\/v2\/comments?post=29461"}],"wp:featuredmedia":[{"embeddable":true,"href":"https:\/\/chilimag.hu\/webshop\/wp-json\/wp\/v2\/media\/29462"}],"wp:attachment":[{"href":"https:\/\/chilimag.hu\/webshop\/wp-json\/wp\/v2\/media?parent=29461"}],"wp:term":[{"taxonomy":"product_brand","embeddable":true,"href":"https:\/\/chilimag.hu\/webshop\/wp-json\/wp\/v2\/product_brand?post=29461"},{"taxonomy":"product_cat","embeddable":true,"href":"https:\/\/chilimag.hu\/webshop\/wp-json\/wp\/v2\/product_cat?post=29461"},{"taxonomy":"product_tag","embeddable":true,"href":"https:\/\/chilimag.hu\/webshop\/wp-json\/wp\/v2\/product_tag?post=29461"}],"curies":[{"name":"wp","href":"https:\/\/api.w.org\/{rel}","templated":true}]}}