{"id":29451,"date":"2024-02-13T07:18:03","date_gmt":"2024-02-13T07:18:03","guid":{"rendered":"https:\/\/chilimag.hu\/webshop\/?post_type=product&#038;p=29451"},"modified":"2025-02-27T18:01:26","modified_gmt":"2025-02-27T18:01:26","slug":"rovar-mintas-gyerek-fem-locsolokanna-125-l-kg270","status":"publish","type":"product","link":"https:\/\/chilimag.hu\/webshop\/termek\/rovar-mintas-gyerek-fem-locsolokanna-125-l-kg270\/","title":{"rendered":"Rovar mint\u00e1s gyerek f\u00e9m locsol\u00f3kanna, 1,25 l KG270"},"content":{"rendered":"","protected":false},"excerpt":{"rendered":"<p>Rovar mint\u00e1s gyerek f\u00e9m locsol\u00f3kanna, 1,25 l \u0171rtartalommal. A vid\u00e1m \u00e1llatmint\u00e1s \u00f6nt\u00f6z\u0151kanna garant\u00e1ltan a szabadba csalogatja a gyerekeket! F\u00e9mb\u0151l k\u00e9sz\u00fclt, tart\u00f3s anyag\u00e1nak k\u00f6sz\u00f6nhet\u0151en \u00e9vekig viheti mag\u00e1val kis tulajdonosa a kertbe vagy a j\u00e1tsz\u00f3t\u00e9rre. Az \u00f6nt\u00f6z\u0151kanna oldals\u00f3 \u00e9s a mozgathat\u00f3 fels\u0151 f\u00fcle k\u00e9nyelmes fog\u00e1st biztos\u00edt, \u00e9s t\u00f6k\u00e9letesen illeszkedik a kis kezekbe.<\/p>\n<p>&nbsp;<\/p>\n<p>M\u00e9rete: magass\u00e1g: 15,3 cm, sz\u00e9less\u00e9g: 13,7 cm, hossz\u00fas\u00e1g: 26,4 cm<\/p>\n<p>\u0170rtartalom: 1,3 l<\/p>\n","protected":false},"featured_media":29452,"comment_status":"closed","ping_status":"closed","template":"","meta":[],"product_brand":[],"product_cat":[421],"product_tag":[],"class_list":{"0":"post-29451","1":"product","2":"type-product","3":"status-publish","4":"has-post-thumbnail","6":"product_cat-gyerek-kerteszet","8":"first","9":"instock","10":"taxable","11":"shipping-taxable","12":"purchasable","13":"product-type-simple"},"_links":{"self":[{"href":"https:\/\/chilimag.hu\/webshop\/wp-json\/wp\/v2\/product\/29451","targetHints":{"allow":["GET"]}}],"collection":[{"href":"https:\/\/chilimag.hu\/webshop\/wp-json\/wp\/v2\/product"}],"about":[{"href":"https:\/\/chilimag.hu\/webshop\/wp-json\/wp\/v2\/types\/product"}],"replies":[{"embeddable":true,"href":"https:\/\/chilimag.hu\/webshop\/wp-json\/wp\/v2\/comments?post=29451"}],"wp:featuredmedia":[{"embeddable":true,"href":"https:\/\/chilimag.hu\/webshop\/wp-json\/wp\/v2\/media\/29452"}],"wp:attachment":[{"href":"https:\/\/chilimag.hu\/webshop\/wp-json\/wp\/v2\/media?parent=29451"}],"wp:term":[{"taxonomy":"product_brand","embeddable":true,"href":"https:\/\/chilimag.hu\/webshop\/wp-json\/wp\/v2\/product_brand?post=29451"},{"taxonomy":"product_cat","embeddable":true,"href":"https:\/\/chilimag.hu\/webshop\/wp-json\/wp\/v2\/product_cat?post=29451"},{"taxonomy":"product_tag","embeddable":true,"href":"https:\/\/chilimag.hu\/webshop\/wp-json\/wp\/v2\/product_tag?post=29451"}],"curies":[{"name":"wp","href":"https:\/\/api.w.org\/{rel}","templated":true}]}}