{"id":29447,"date":"2024-02-13T07:15:07","date_gmt":"2024-02-13T07:15:07","guid":{"rendered":"https:\/\/chilimag.hu\/webshop\/?post_type=product&#038;p=29447"},"modified":"2024-02-13T07:15:07","modified_gmt":"2024-02-13T07:15:07","slug":"rovar-mintas-gyerek-kerti-fem-vodor-167-l-kg271","status":"publish","type":"product","link":"https:\/\/chilimag.hu\/webshop\/termek\/rovar-mintas-gyerek-kerti-fem-vodor-167-l-kg271\/","title":{"rendered":"Rovar mint\u00e1s gyerek kerti f\u00e9m v\u00f6d\u00f6r, 1,67 l KG271"},"content":{"rendered":"","protected":false},"excerpt":{"rendered":"<p>Rovar mint\u00e1s gyerek kerti f\u00e9m v\u00f6d\u00f6r, 1,67 l \u0171rtartalommal. A vid\u00e1m \u00e1llatmint\u00e1s kis v\u00f6dr\u00f6cske garant\u00e1ltan a szabadba csalogatja a gyerekeket! F\u00e9mb\u0151l k\u00e9sz\u00fclt, tart\u00f3s anyag\u00e1nak k\u00f6sz\u00f6nhet\u0151en \u00e9vekig viheti mag\u00e1val kis tulajdonosa a kertbe vagy a j\u00e1tsz\u00f3t\u00e9rre. A v\u00f6d\u00f6r f\u00fcle t\u00f6k\u00e9letesen illeszkedik a kis kezekbe, \u00edgy a legkisebb kert\u00e9szek is boldogan haszn\u00e1lhatj\u00e1k ak\u00e1r a vir\u00e1gok \u00f6nt\u00f6z\u00e9s\u00e9re, ak\u00e1r a homok \u00e9s m\u00e1s fontos dolgok sz\u00e1ll\u00edt\u00e1s\u00e1ra.<\/p>\n<p>&nbsp;<\/p>\n<p>M\u00e9ret: Magass\u00e1g: 15,4 cm, sz\u00e9less\u00e9g: 16 cm, hossz\u00fas\u00e1g: 18 cm<\/p>\n<p>\u0170rtartalom,1 67 l<\/p>\n","protected":false},"featured_media":29448,"comment_status":"closed","ping_status":"closed","template":"","meta":[],"product_brand":[],"product_cat":[421],"product_tag":[],"class_list":{"0":"post-29447","1":"product","2":"type-product","3":"status-publish","4":"has-post-thumbnail","6":"product_cat-gyerek-kerteszet","8":"first","9":"instock","10":"taxable","11":"shipping-taxable","12":"purchasable","13":"product-type-simple"},"_links":{"self":[{"href":"https:\/\/chilimag.hu\/webshop\/wp-json\/wp\/v2\/product\/29447","targetHints":{"allow":["GET"]}}],"collection":[{"href":"https:\/\/chilimag.hu\/webshop\/wp-json\/wp\/v2\/product"}],"about":[{"href":"https:\/\/chilimag.hu\/webshop\/wp-json\/wp\/v2\/types\/product"}],"replies":[{"embeddable":true,"href":"https:\/\/chilimag.hu\/webshop\/wp-json\/wp\/v2\/comments?post=29447"}],"wp:featuredmedia":[{"embeddable":true,"href":"https:\/\/chilimag.hu\/webshop\/wp-json\/wp\/v2\/media\/29448"}],"wp:attachment":[{"href":"https:\/\/chilimag.hu\/webshop\/wp-json\/wp\/v2\/media?parent=29447"}],"wp:term":[{"taxonomy":"product_brand","embeddable":true,"href":"https:\/\/chilimag.hu\/webshop\/wp-json\/wp\/v2\/product_brand?post=29447"},{"taxonomy":"product_cat","embeddable":true,"href":"https:\/\/chilimag.hu\/webshop\/wp-json\/wp\/v2\/product_cat?post=29447"},{"taxonomy":"product_tag","embeddable":true,"href":"https:\/\/chilimag.hu\/webshop\/wp-json\/wp\/v2\/product_tag?post=29447"}],"curies":[{"name":"wp","href":"https:\/\/api.w.org\/{rel}","templated":true}]}}