{"id":29444,"date":"2024-02-13T07:09:47","date_gmt":"2024-02-13T07:09:47","guid":{"rendered":"https:\/\/chilimag.hu\/webshop\/?post_type=product&#038;p=29444"},"modified":"2025-02-27T17:59:37","modified_gmt":"2025-02-27T17:59:37","slug":"rovar-mintas-gyerek-kesztyu-kg265","status":"publish","type":"product","link":"https:\/\/chilimag.hu\/webshop\/termek\/rovar-mintas-gyerek-kesztyu-kg265\/","title":{"rendered":"Rovar mint\u00e1s gyerek keszty\u0171 KG265"},"content":{"rendered":"","protected":false},"excerpt":{"rendered":"<p>Rovar mint\u00e1s gyerek keszty\u0171 vid\u00e1m m\u00e9hecske \u00e9s katica mint\u00e1val. A rugalmas passz\u00e9val k\u00e9sz\u00fclt, gyerekm\u00e9ret\u0171 kerti keszty\u0171 n\u00e9lk\u00fcl\u00f6zhetetlen minden kerti munka sor\u00e1n! Rugalmas anyaga k\u00e9nyelmes viseletet, \u00e9s megv\u00e9di a kis kezeket a szennyez\u0151d\u00e9sekt\u0151l. A keszty\u0171 ujjain \u00e9s a teny\u00e9r r\u00e9szen l\u00e9v\u0151 gumi<br \/>\nbor\u00edt\u00e1snak k\u00f6sz\u00f6nhet\u0151en cs\u00fasz\u00e1smentes, biztos fog\u00e1st biztos\u00edt. 4-es m\u00e9ret.<\/p>\n<p>&nbsp;<\/p>\n<p>M\u00e9rete: magass\u00e1g: 18,5 cm, sz\u00e9less\u00e9g: 1,1 cm, hossz\u00fas\u00e1g: 9,7 cm<\/p>\n","protected":false},"featured_media":29445,"comment_status":"closed","ping_status":"closed","template":"","meta":[],"product_brand":[],"product_cat":[421],"product_tag":[],"class_list":{"0":"post-29444","1":"product","2":"type-product","3":"status-publish","4":"has-post-thumbnail","6":"product_cat-gyerek-kerteszet","8":"first","9":"instock","10":"taxable","11":"shipping-taxable","12":"purchasable","13":"product-type-simple"},"_links":{"self":[{"href":"https:\/\/chilimag.hu\/webshop\/wp-json\/wp\/v2\/product\/29444","targetHints":{"allow":["GET"]}}],"collection":[{"href":"https:\/\/chilimag.hu\/webshop\/wp-json\/wp\/v2\/product"}],"about":[{"href":"https:\/\/chilimag.hu\/webshop\/wp-json\/wp\/v2\/types\/product"}],"replies":[{"embeddable":true,"href":"https:\/\/chilimag.hu\/webshop\/wp-json\/wp\/v2\/comments?post=29444"}],"wp:featuredmedia":[{"embeddable":true,"href":"https:\/\/chilimag.hu\/webshop\/wp-json\/wp\/v2\/media\/29445"}],"wp:attachment":[{"href":"https:\/\/chilimag.hu\/webshop\/wp-json\/wp\/v2\/media?parent=29444"}],"wp:term":[{"taxonomy":"product_brand","embeddable":true,"href":"https:\/\/chilimag.hu\/webshop\/wp-json\/wp\/v2\/product_brand?post=29444"},{"taxonomy":"product_cat","embeddable":true,"href":"https:\/\/chilimag.hu\/webshop\/wp-json\/wp\/v2\/product_cat?post=29444"},{"taxonomy":"product_tag","embeddable":true,"href":"https:\/\/chilimag.hu\/webshop\/wp-json\/wp\/v2\/product_tag?post=29444"}],"curies":[{"name":"wp","href":"https:\/\/api.w.org\/{rel}","templated":true}]}}