{"id":29441,"date":"2024-02-13T07:06:36","date_gmt":"2024-02-13T07:06:36","guid":{"rendered":"https:\/\/chilimag.hu\/webshop\/?post_type=product&#038;p=29441"},"modified":"2026-01-23T11:02:55","modified_gmt":"2026-01-23T11:02:55","slug":"rovar-mintas-gyerek-koteny-kg266","status":"publish","type":"product","link":"https:\/\/chilimag.hu\/webshop\/termek\/rovar-mintas-gyerek-koteny-kg266\/","title":{"rendered":"Rovar mint\u00e1s gyerek k\u00f6t\u00e9ny KG266"},"content":{"rendered":"","protected":false},"excerpt":{"rendered":"<p>Rovar mint\u00e1s gyerek k\u00f6t\u00e9ny zsebbel.\u00a0 A kedves \u00e1llatmint\u00e1k garant\u00e1ltan meghozz\u00e1k a kedvet a legkisebbek sz\u00e1m\u00e1ra is a kerti munk\u00e1hoz! A sz\u00ednes k\u00f6t\u00e9ny strapab\u00edr\u00f3 anyagb\u00f3l, \u00e1ll\u00edthat\u00f3 nyakp\u00e1nttal k\u00e9sz\u00fclt, \u00edgy t\u00f6bb \u00e9ven kereszt\u00fcl \u00f6r\u00fclhet neki kertbar\u00e1t kis tulajdonosa. Az \u00f3ri\u00e1s zsebben a kerti szersz\u00e1mokon k\u00edv\u00fcl a szabadban gy\u0171jt\u00f6tt kincseknek is b\u0151ven jut majd hely!<\/p>\n<p>&nbsp;<\/p>\n<p>M\u00e9retei: magass\u00e1g: 0,5 cm, sz\u00e9less\u00e9g: 35,5 cm, hossz\u00fas\u00e1g: 56,5 cm<\/p>\n","protected":false},"featured_media":29442,"comment_status":"closed","ping_status":"closed","template":"","meta":[],"product_brand":[],"product_cat":[421],"product_tag":[],"class_list":{"0":"post-29441","1":"product","2":"type-product","3":"status-publish","4":"has-post-thumbnail","6":"product_cat-gyerek-kerteszet","8":"first","9":"outofstock","10":"taxable","11":"shipping-taxable","12":"purchasable","13":"product-type-simple"},"_links":{"self":[{"href":"https:\/\/chilimag.hu\/webshop\/wp-json\/wp\/v2\/product\/29441","targetHints":{"allow":["GET"]}}],"collection":[{"href":"https:\/\/chilimag.hu\/webshop\/wp-json\/wp\/v2\/product"}],"about":[{"href":"https:\/\/chilimag.hu\/webshop\/wp-json\/wp\/v2\/types\/product"}],"replies":[{"embeddable":true,"href":"https:\/\/chilimag.hu\/webshop\/wp-json\/wp\/v2\/comments?post=29441"}],"wp:featuredmedia":[{"embeddable":true,"href":"https:\/\/chilimag.hu\/webshop\/wp-json\/wp\/v2\/media\/29442"}],"wp:attachment":[{"href":"https:\/\/chilimag.hu\/webshop\/wp-json\/wp\/v2\/media?parent=29441"}],"wp:term":[{"taxonomy":"product_brand","embeddable":true,"href":"https:\/\/chilimag.hu\/webshop\/wp-json\/wp\/v2\/product_brand?post=29441"},{"taxonomy":"product_cat","embeddable":true,"href":"https:\/\/chilimag.hu\/webshop\/wp-json\/wp\/v2\/product_cat?post=29441"},{"taxonomy":"product_tag","embeddable":true,"href":"https:\/\/chilimag.hu\/webshop\/wp-json\/wp\/v2\/product_tag?post=29441"}],"curies":[{"name":"wp","href":"https:\/\/api.w.org\/{rel}","templated":true}]}}