{"id":29438,"date":"2024-02-13T07:04:02","date_gmt":"2024-02-13T07:04:02","guid":{"rendered":"https:\/\/chilimag.hu\/webshop\/?post_type=product&#038;p=29438"},"modified":"2024-06-21T07:52:11","modified_gmt":"2024-06-21T07:52:11","slug":"rovar-mintas-gyerek-szerszamos-ovtaska-szett-kg267","status":"publish","type":"product","link":"https:\/\/chilimag.hu\/webshop\/termek\/rovar-mintas-gyerek-szerszamos-ovtaska-szett-kg267\/","title":{"rendered":"Rovar mint\u00e1s gyerek szersz\u00e1mos \u00f6vt\u00e1ska szett KG267"},"content":{"rendered":"","protected":false},"excerpt":{"rendered":"<p>Rovar mint\u00e1s gyerek szersz\u00e1mos \u00f6vt\u00e1ska szett. Der\u00e9kra csatolhat\u00f3 kerti t\u00e1ska a legn\u00e9lk\u00fcl\u00f6zhetetlenebb kerti szersz\u00e1mokkal! A kedves \u00e1llatmint\u00e1k garant\u00e1ltan meghozz\u00e1k a kedvet a legkisebbek sz\u00e1m\u00e1ra is a kerti munk\u00e1hoz! A sz\u00ednes t\u00e1ska \u00e1ll\u00edthat\u00f3 der\u00e9kp\u00e1nttal, strapab\u00edr\u00f3 anyagb\u00f3l k\u00e9sz\u00fclt, \u00edgy t\u00f6bb \u00e9ven kereszt\u00fcl \u00f6r\u00fclhet neki kertbar\u00e1t kis tulajdonosa. A kism\u00e9ret\u0171 k\u00e9zi \u00e1s\u00f3, a gereblye \u00e9s a lap\u00e1t sima, f\u00e1b\u00f3l k\u00e9sz\u00fclt markolata t\u00f6k\u00e9letesen illik a kis kezekbe, \u00edgy igazi \u00f6r\u00f6m lesz vel\u00fck a kert\u00e9szked\u00e9s! A markolat \u00f6kol\u00f3giailag fenntarthat\u00f3, FSC min\u0151s\u00edt\u00e9s\u0171 kitermel\u00e9sb\u0151l sz\u00e1rmaz\u00f3 f\u00e1b\u00f3l k\u00e9sz\u00fclt.<\/p>\n<p>&nbsp;<\/p>\n<p>M\u00e9rete: magass\u00e1g: 25,4 cm, sz\u00e9less\u00e9g: 3,7 cm, hossz\u00fas\u00e1g: 90 cm<\/p>\n","protected":false},"featured_media":29439,"comment_status":"closed","ping_status":"closed","template":"","meta":[],"product_brand":[],"product_cat":[421],"product_tag":[],"class_list":{"0":"post-29438","1":"product","2":"type-product","3":"status-publish","4":"has-post-thumbnail","6":"product_cat-gyerek-kerteszet","8":"first","9":"instock","10":"taxable","11":"shipping-taxable","12":"purchasable","13":"product-type-simple"},"_links":{"self":[{"href":"https:\/\/chilimag.hu\/webshop\/wp-json\/wp\/v2\/product\/29438","targetHints":{"allow":["GET"]}}],"collection":[{"href":"https:\/\/chilimag.hu\/webshop\/wp-json\/wp\/v2\/product"}],"about":[{"href":"https:\/\/chilimag.hu\/webshop\/wp-json\/wp\/v2\/types\/product"}],"replies":[{"embeddable":true,"href":"https:\/\/chilimag.hu\/webshop\/wp-json\/wp\/v2\/comments?post=29438"}],"wp:featuredmedia":[{"embeddable":true,"href":"https:\/\/chilimag.hu\/webshop\/wp-json\/wp\/v2\/media\/29439"}],"wp:attachment":[{"href":"https:\/\/chilimag.hu\/webshop\/wp-json\/wp\/v2\/media?parent=29438"}],"wp:term":[{"taxonomy":"product_brand","embeddable":true,"href":"https:\/\/chilimag.hu\/webshop\/wp-json\/wp\/v2\/product_brand?post=29438"},{"taxonomy":"product_cat","embeddable":true,"href":"https:\/\/chilimag.hu\/webshop\/wp-json\/wp\/v2\/product_cat?post=29438"},{"taxonomy":"product_tag","embeddable":true,"href":"https:\/\/chilimag.hu\/webshop\/wp-json\/wp\/v2\/product_tag?post=29438"}],"curies":[{"name":"wp","href":"https:\/\/api.w.org\/{rel}","templated":true}]}}