{"id":29429,"date":"2024-02-13T06:57:14","date_gmt":"2024-02-13T06:57:14","guid":{"rendered":"https:\/\/chilimag.hu\/webshop\/?post_type=product&#038;p=29429"},"modified":"2024-02-13T06:57:14","modified_gmt":"2024-02-13T06:57:14","slug":"tukan-locsolokanna-12-literes-tg283","status":"publish","type":"product","link":"https:\/\/chilimag.hu\/webshop\/termek\/tukan-locsolokanna-12-literes-tg283\/","title":{"rendered":"Tuk\u00e1n locsol\u00f3kanna, 1,2 literes TG283"},"content":{"rendered":"","protected":false},"excerpt":{"rendered":"<p>M\u0171anyag tuk\u00e1n locsol\u00f3kanna. Gyerekeknek \u00f6tletes j\u00e1t\u00e9k \u00e9s hasznos kerti eszk\u00f6z egyszerre. Haszn\u00e1lhatj\u00e1k a szabad leveg\u0151n vagy a h\u00e1zban lev\u0151 n\u00f6v\u00e9nyek \u00f6nt\u00f6z\u00e9s\u00e9hez is.<\/p>\n<p>\u0170rtartalma: 1,2 liter.<\/p>\n<p>M\u00e9rete: magass\u00e1g: 24,8 cm, sz\u00e9less\u00e9g: 33 cm, m\u00e9lys\u00e9g: 12,5 cm<\/p>\n","protected":false},"featured_media":29430,"comment_status":"closed","ping_status":"closed","template":"","meta":[],"product_brand":[],"product_cat":[421],"product_tag":[],"class_list":{"0":"post-29429","1":"product","2":"type-product","3":"status-publish","4":"has-post-thumbnail","6":"product_cat-gyerek-kerteszet","8":"first","9":"instock","10":"taxable","11":"shipping-taxable","12":"purchasable","13":"product-type-simple"},"_links":{"self":[{"href":"https:\/\/chilimag.hu\/webshop\/wp-json\/wp\/v2\/product\/29429","targetHints":{"allow":["GET"]}}],"collection":[{"href":"https:\/\/chilimag.hu\/webshop\/wp-json\/wp\/v2\/product"}],"about":[{"href":"https:\/\/chilimag.hu\/webshop\/wp-json\/wp\/v2\/types\/product"}],"replies":[{"embeddable":true,"href":"https:\/\/chilimag.hu\/webshop\/wp-json\/wp\/v2\/comments?post=29429"}],"wp:featuredmedia":[{"embeddable":true,"href":"https:\/\/chilimag.hu\/webshop\/wp-json\/wp\/v2\/media\/29430"}],"wp:attachment":[{"href":"https:\/\/chilimag.hu\/webshop\/wp-json\/wp\/v2\/media?parent=29429"}],"wp:term":[{"taxonomy":"product_brand","embeddable":true,"href":"https:\/\/chilimag.hu\/webshop\/wp-json\/wp\/v2\/product_brand?post=29429"},{"taxonomy":"product_cat","embeddable":true,"href":"https:\/\/chilimag.hu\/webshop\/wp-json\/wp\/v2\/product_cat?post=29429"},{"taxonomy":"product_tag","embeddable":true,"href":"https:\/\/chilimag.hu\/webshop\/wp-json\/wp\/v2\/product_tag?post=29429"}],"curies":[{"name":"wp","href":"https:\/\/api.w.org\/{rel}","templated":true}]}}